{"id":59141,"date":"2025-01-16T08:58:35","date_gmt":"2025-01-16T08:58:35","guid":{"rendered":"https:\/\/chessgamesemporium.com\/?post_type=product&#038;p=59141"},"modified":"2026-04-21T11:08:35","modified_gmt":"2026-04-21T11:08:35","slug":"reimagining-1-e4","status":"publish","type":"product","link":"https:\/\/chessgamesemporium.com\/en\/shop\/chess-books\/chess-openings\/reimagining-1-e4\/","title":{"rendered":"REIMAGINING 1.e4"},"content":{"rendered":"<p>Author: Nikolaos Ntirlis<br \/>\nRelease year: 2024<br \/>\nLanguage: English<br \/>\nPages: 304<br \/>\nDimensions: 24 x 17 cm<br \/>\nCover: Soft<\/p>\n<p>Every chess player faces an opening dilemma: big main lines are complicated and time-consuming to learn, while easy-to-learn sidelines usually suffer from other defects. Finding the best of both worlds has been an impossible dream \u2013 until now!<\/p>\n<p>Reimagining 1.e4 offers the Holy Grail of a simple, easy-to-learn White repertoire, which packs a punch against all of Black\u2019s main defences. In some lines, White unleashes a surprise as early as move 3. In others, White follows the known paths for a little longer, but only when there are big rewards to justify a modest effort.<\/p>","protected":false},"excerpt":{"rendered":"<p><a href=\"https:\/\/chessgamesemporium.com\/wp-content\/uploads\/2025\/01\/Reimagining-1.e4-Excerpt.pdf\" target=\"_blank\" rel=\"noopener\">Quick look<\/a><\/p>","protected":false},"featured_media":59145,"comment_status":"open","ping_status":"closed","template":"","meta":{"_seopress_robots_primary_cat":"none","_seopress_titles_title":"Reimagining 1.e4 \u2013 \u0161ahovska knjiga otvoritev | ChessGamesEmporium","_seopress_titles_desc":"\u0160ahovska knjiga o otvoritvah z 1.e4 z novimi idejami in modernim repertoarjem. Pomaga razviti dinami\u010den in napadalen slog igre.","_seopress_robots_index":""},"product_brand":[],"product_cat":[605,512],"product_tag":[],"class_list":{"0":"post-59141","1":"product","2":"type-product","3":"status-publish","4":"has-post-thumbnail","6":"product_cat-otvoritve","7":"product_cat-sahovske-knjige","8":"pa_avtor-nikolaos-ntirlis","9":"pa_glavna-linija-1-e4-c5-2-nf3","10":"pa_glavna-linija-1-e4-e5-2-nf3-nc6","11":"pa_glavna-linija-1-e4-e6-2-d4-d5","12":"pa_leto-izdaje-1023","13":"pa_nivo-knjige-napredni","14":"pa_otvoritev-tema-caro-kann","15":"pa_otvoritev-tema-francoska","16":"pa_otvoritev-tema-moderna","17":"pa_otvoritev-tema-odprte-igre","18":"pa_otvoritev-tema-pirc","19":"pa_otvoritev-tema-sicilijanska","20":"pa_stran-beli","21":"pa_tip-knjige-otvoritve","22":"pa_zalozba-quality-chess","24":"entry","25":"has-media","27":"first","28":"instock","29":"taxable","30":"shipping-taxable","31":"purchasable","32":"product-type-simple","33":"has-product-nav","34":"col","35":"span_1_of_4","36":"owp-content-center","37":"item-entry","38":"owp-thumbs-layout-horizontal","39":"owp-btn-normal","40":"owp-tabs-layout-section","41":"has-no-thumbnails"},"wcpa_form_fields":null,"_links":{"self":[{"href":"https:\/\/chessgamesemporium.com\/en\/wp-json\/wp\/v2\/product\/59141","targetHints":{"allow":["GET"]}}],"collection":[{"href":"https:\/\/chessgamesemporium.com\/en\/wp-json\/wp\/v2\/product"}],"about":[{"href":"https:\/\/chessgamesemporium.com\/en\/wp-json\/wp\/v2\/types\/product"}],"replies":[{"embeddable":true,"href":"https:\/\/chessgamesemporium.com\/en\/wp-json\/wp\/v2\/comments?post=59141"}],"version-history":[{"count":0,"href":"https:\/\/chessgamesemporium.com\/en\/wp-json\/wp\/v2\/product\/59141\/revisions"}],"wp:featuredmedia":[{"embeddable":true,"href":"https:\/\/chessgamesemporium.com\/en\/wp-json\/wp\/v2\/media\/59145"}],"wp:attachment":[{"href":"https:\/\/chessgamesemporium.com\/en\/wp-json\/wp\/v2\/media?parent=59141"}],"wp:term":[{"taxonomy":"product_brand","embeddable":true,"href":"https:\/\/chessgamesemporium.com\/en\/wp-json\/wp\/v2\/product_brand?post=59141"},{"taxonomy":"product_cat","embeddable":true,"href":"https:\/\/chessgamesemporium.com\/en\/wp-json\/wp\/v2\/product_cat?post=59141"},{"taxonomy":"product_tag","embeddable":true,"href":"https:\/\/chessgamesemporium.com\/en\/wp-json\/wp\/v2\/product_tag?post=59141"}],"curies":[{"name":"wp","href":"https:\/\/api.w.org\/{rel}","templated":true}]}}