{"id":59178,"date":"2025-01-17T09:30:02","date_gmt":"2025-01-17T09:30:02","guid":{"rendered":"https:\/\/chessgamesemporium.com\/?post_type=product&#038;p=59178"},"modified":"2026-02-05T09:21:13","modified_gmt":"2026-02-05T09:21:13","slug":"carrying-bag-for-chess-clock-or-pieces","status":"publish","type":"product","link":"https:\/\/chessgamesemporium.com\/en\/shop\/chess-accessories\/chess-boxes-bags\/carrying-bag-for-chess-clock-or-pieces\/","title":{"rendered":"Carrying bag for a chess clock or pieces"},"content":{"rendered":"<p>Dimensions: 80 x 200 x 125 mm<\/p>\n<p>The DGT carrying bag for a chess clock or pieces is a high-quality accessory for safe and elegant storage of chess equipment. Ideal for travel or home storage. This practical bag is made from durable black fabric, and is made to withstand many years of use. Its design allows an easy fit for any DGT chess clock. It features an adjustable strap for safe carrying. The bag is also ideal for storing chess pieces and other accessories.<\/p>\n<p>The bag's interior is cushioned to protect the clock or pieces from impacts and scratches. An additional internal pocket allows for storage of small manuals, cables, and other accessories such as pens. A dual zipper provides safe and easy access, and the robust handle is excellent for players on the go.<\/p>\n<p>Protect your valuable chess equipment with this excellent bag.<\/p>","protected":false},"excerpt":{"rendered":"<p>Dimenzije: 80 x 200 x 125 mm Torba za uro DGT je vrhunski pripomo\u010dek za varno in lepo shranjeno \u0161ahovsko opremo. Idealna za potovanja ali shranjevanje doma. Ta vsestranska torba je izdelana iz trpe\u017ene \u010drne tkanine in je narejena tako, da prenese pogosto uporabo. Zasnovana je tako, da se popolnoma prilega vsem uram DGT, z [&hellip;]<\/p>","protected":false},"featured_media":59185,"comment_status":"open","ping_status":"closed","template":"","meta":{"_seopress_robots_primary_cat":"none","_seopress_titles_title":"","_seopress_titles_desc":"","_seopress_robots_index":""},"product_brand":[],"product_cat":[578],"product_tag":[],"class_list":{"0":"post-59178","1":"product","2":"type-product","3":"status-publish","4":"has-post-thumbnail","6":"product_cat-sahovske-skatle-torbe","8":"entry","9":"has-media","11":"first","12":"instock","13":"taxable","14":"shipping-taxable","15":"purchasable","16":"product-type-simple","17":"has-product-nav","18":"col","19":"span_1_of_4","20":"owp-content-center","21":"item-entry","22":"owp-thumbs-layout-horizontal","23":"owp-btn-normal","24":"owp-tabs-layout-section"},"wcpa_form_fields":null,"_links":{"self":[{"href":"https:\/\/chessgamesemporium.com\/en\/wp-json\/wp\/v2\/product\/59178","targetHints":{"allow":["GET"]}}],"collection":[{"href":"https:\/\/chessgamesemporium.com\/en\/wp-json\/wp\/v2\/product"}],"about":[{"href":"https:\/\/chessgamesemporium.com\/en\/wp-json\/wp\/v2\/types\/product"}],"replies":[{"embeddable":true,"href":"https:\/\/chessgamesemporium.com\/en\/wp-json\/wp\/v2\/comments?post=59178"}],"version-history":[{"count":0,"href":"https:\/\/chessgamesemporium.com\/en\/wp-json\/wp\/v2\/product\/59178\/revisions"}],"wp:featuredmedia":[{"embeddable":true,"href":"https:\/\/chessgamesemporium.com\/en\/wp-json\/wp\/v2\/media\/59185"}],"wp:attachment":[{"href":"https:\/\/chessgamesemporium.com\/en\/wp-json\/wp\/v2\/media?parent=59178"}],"wp:term":[{"taxonomy":"product_brand","embeddable":true,"href":"https:\/\/chessgamesemporium.com\/en\/wp-json\/wp\/v2\/product_brand?post=59178"},{"taxonomy":"product_cat","embeddable":true,"href":"https:\/\/chessgamesemporium.com\/en\/wp-json\/wp\/v2\/product_cat?post=59178"},{"taxonomy":"product_tag","embeddable":true,"href":"https:\/\/chessgamesemporium.com\/en\/wp-json\/wp\/v2\/product_tag?post=59178"}],"curies":[{"name":"wp","href":"https:\/\/api.w.org\/{rel}","templated":true}]}}