{"id":59339,"date":"2025-01-31T09:31:03","date_gmt":"2025-01-31T09:31:03","guid":{"rendered":"https:\/\/chessgamesemporium.com\/?post_type=product&#038;p=59339"},"modified":"2025-01-31T09:31:04","modified_gmt":"2025-01-31T09:31:04","slug":"sudoku-cube","status":"publish","type":"product","link":"https:\/\/chessgamesemporium.com\/en\/shop\/mind-games-2\/wooden-foam-mind-games\/sudoku-cube\/","title":{"rendered":"Sudoku Cube"},"content":{"rendered":"<p>The 3D Sudoku cube, made from quality Hevea wood, offers a whole new challenge for puzzle game enjoyers, bringing the classic sudoku into the 3rd dimension.<\/p>\n<p>The goal is to arrange the numbers from 1 to 9, such that each number only appears once on each side of the cube. The game improves logical thinking, patience, and spatial awareness. Its simple shape and clear stand makes it a great visual element. Whether bought as a gift or for yourself, the sudoku cube offers hours of puzzling fun for all ages.<\/p>\n<p>Warning! Not suitable for children under 3 years due to small parts! Danger of suffocation.<\/p>","protected":false},"excerpt":{"rendered":"<p>3D Sudoku kocka, izdelana iz visokokakovostnega Hevea lesa, ponuja popolnoma nov izziv za ljubitelje ugank, saj prina\u0161a klasi\u010dni Sudoku v tretjo dimenzijo. Cilj je razporediti \u0161tevila od 1 do 9 tako, da se pojavijo samo enkrat na vsaki od \u0161estih strani kocke. Igra izbolj\u0161uje logi\u010dno razmi\u0161ljanje, potrpe\u017eljivost in prostorsko zavest, medtem ko je zaradi elegantne [&hellip;]<\/p>","protected":false},"featured_media":59344,"comment_status":"open","ping_status":"closed","template":"","meta":{"_seopress_robots_primary_cat":"","_seopress_titles_title":"","_seopress_titles_desc":"","_seopress_robots_index":""},"product_brand":[],"product_cat":[663,616],"product_tag":[],"class_list":{"0":"post-59339","1":"product","2":"type-product","3":"status-publish","4":"has-post-thumbnail","6":"product_cat-lesene-penaste-miselne","7":"product_cat-miselne-igre","9":"entry","10":"has-media","12":"first","13":"instock","14":"taxable","15":"shipping-taxable","16":"purchasable","17":"product-type-simple","18":"has-product-nav","19":"col","20":"span_1_of_4","21":"owp-content-center","22":"item-entry","23":"owp-thumbs-layout-horizontal","24":"owp-btn-normal","25":"owp-tabs-layout-section"},"wcpa_form_fields":null,"_links":{"self":[{"href":"https:\/\/chessgamesemporium.com\/en\/wp-json\/wp\/v2\/product\/59339","targetHints":{"allow":["GET"]}}],"collection":[{"href":"https:\/\/chessgamesemporium.com\/en\/wp-json\/wp\/v2\/product"}],"about":[{"href":"https:\/\/chessgamesemporium.com\/en\/wp-json\/wp\/v2\/types\/product"}],"replies":[{"embeddable":true,"href":"https:\/\/chessgamesemporium.com\/en\/wp-json\/wp\/v2\/comments?post=59339"}],"version-history":[{"count":0,"href":"https:\/\/chessgamesemporium.com\/en\/wp-json\/wp\/v2\/product\/59339\/revisions"}],"wp:featuredmedia":[{"embeddable":true,"href":"https:\/\/chessgamesemporium.com\/en\/wp-json\/wp\/v2\/media\/59344"}],"wp:attachment":[{"href":"https:\/\/chessgamesemporium.com\/en\/wp-json\/wp\/v2\/media?parent=59339"}],"wp:term":[{"taxonomy":"product_brand","embeddable":true,"href":"https:\/\/chessgamesemporium.com\/en\/wp-json\/wp\/v2\/product_brand?post=59339"},{"taxonomy":"product_cat","embeddable":true,"href":"https:\/\/chessgamesemporium.com\/en\/wp-json\/wp\/v2\/product_cat?post=59339"},{"taxonomy":"product_tag","embeddable":true,"href":"https:\/\/chessgamesemporium.com\/en\/wp-json\/wp\/v2\/product_tag?post=59339"}],"curies":[{"name":"wp","href":"https:\/\/api.w.org\/{rel}","templated":true}]}}