{"id":59734,"date":"2025-03-05T10:31:23","date_gmt":"2025-03-05T10:31:23","guid":{"rendered":"https:\/\/chessgamesemporium.com\/?post_type=product&#038;p=59734"},"modified":"2025-03-12T07:51:56","modified_gmt":"2025-03-12T07:51:56","slug":"wooden-chess-pieces-staunton-olive-6","status":"publish","type":"product","link":"https:\/\/chessgamesemporium.com\/en\/shop\/chess-pieces\/wooden-chess-pieces\/wooden-chess-pieces-staunton-olive-6\/","title":{"rendered":"WOODEN CHESS PIECES STAUNTON OLIVE 6"},"content":{"rendered":"<p data-start=\"0\" data-end=\"283\">These quality chess pieces made from olive wood are designed and meticulously crafted to the tiniest details. The are weighted for stability and an uninterrupted glide across the chess board. The set includes an additional queen for each color.<\/p>\n<p data-start=\"285\" data-end=\"674\">The uniqueness of olive wood comes from its Mediterranean origin, its woodgrain patterns telling a story of sun, sea, and countryside. Each piece is truly unique. During the crafting process, the workshop is overtaken by an aroma of oil and nature. We hope that in playing with this set, you too will experience these feelings of tradition.<br \/>\nThe set includes an additional white and black queen.<\/p>\n<p data-start=\"676\" data-end=\"834\" data-is-last-node=\"\" data-is-only-node=\"\"><strong data-start=\"676\" data-end=\"692\">Presentation<\/strong><br data-start=\"692\" data-end=\"695\" \/>The pieces are stored in a pine wood box, exclusively designed for these olive wood pieces.<\/p>\n<p data-start=\"676\" data-end=\"834\" data-is-last-node=\"\" data-is-only-node=\"\">King's height : 92 mm<\/p>","protected":false},"excerpt":{"rendered":"<p>Te visokokakovostne \u0161ahovske figure iz olj\u010dnega lesa so bile oblikovane, izdelane in dodelane do zadnje podrobnosti. Vsebujejo ute\u017ei, ki zagotavljajo stabilnost ter popolno te\u017eo za nemoteno drsenje po \u0161ahovnici. Poleg tega je prilo\u017eena tudi dodatna dama vsake barve. Edinstvenost olj\u010dnega lesa izhaja iz njegovega sredozemskega porekla, njegove \u017eile in vzorci pa pripovedujejo zgodbe sonca, vode [&hellip;]<\/p>","protected":false},"featured_media":59731,"comment_status":"open","ping_status":"closed","template":"","meta":{"_seopress_robots_primary_cat":"none","_seopress_titles_title":"","_seopress_titles_desc":"","_seopress_robots_index":""},"product_brand":[],"product_cat":[522,511],"product_tag":[],"class_list":{"0":"post-59734","1":"product","2":"type-product","3":"status-publish","4":"has-post-thumbnail","6":"product_cat-lesene-figure","7":"product_cat-sahovske-figure","9":"entry","10":"has-media","12":"first","13":"instock","14":"taxable","15":"shipping-taxable","16":"purchasable","17":"product-type-simple","18":"has-product-nav","19":"col","20":"span_1_of_4","21":"owp-content-center","22":"item-entry","23":"owp-thumbs-layout-horizontal","24":"owp-btn-normal","25":"owp-tabs-layout-section"},"wcpa_form_fields":null,"_links":{"self":[{"href":"https:\/\/chessgamesemporium.com\/en\/wp-json\/wp\/v2\/product\/59734","targetHints":{"allow":["GET"]}}],"collection":[{"href":"https:\/\/chessgamesemporium.com\/en\/wp-json\/wp\/v2\/product"}],"about":[{"href":"https:\/\/chessgamesemporium.com\/en\/wp-json\/wp\/v2\/types\/product"}],"replies":[{"embeddable":true,"href":"https:\/\/chessgamesemporium.com\/en\/wp-json\/wp\/v2\/comments?post=59734"}],"version-history":[{"count":0,"href":"https:\/\/chessgamesemporium.com\/en\/wp-json\/wp\/v2\/product\/59734\/revisions"}],"wp:featuredmedia":[{"embeddable":true,"href":"https:\/\/chessgamesemporium.com\/en\/wp-json\/wp\/v2\/media\/59731"}],"wp:attachment":[{"href":"https:\/\/chessgamesemporium.com\/en\/wp-json\/wp\/v2\/media?parent=59734"}],"wp:term":[{"taxonomy":"product_brand","embeddable":true,"href":"https:\/\/chessgamesemporium.com\/en\/wp-json\/wp\/v2\/product_brand?post=59734"},{"taxonomy":"product_cat","embeddable":true,"href":"https:\/\/chessgamesemporium.com\/en\/wp-json\/wp\/v2\/product_cat?post=59734"},{"taxonomy":"product_tag","embeddable":true,"href":"https:\/\/chessgamesemporium.com\/en\/wp-json\/wp\/v2\/product_tag?post=59734"}],"curies":[{"name":"wp","href":"https:\/\/api.w.org\/{rel}","templated":true}]}}