{"id":61134,"date":"2025-12-05T10:05:50","date_gmt":"2025-12-05T10:05:50","guid":{"rendered":"https:\/\/chessgamesemporium.com\/?post_type=product&#038;p=61134"},"modified":"2025-12-05T10:07:20","modified_gmt":"2025-12-05T10:07:20","slug":"unikatne-sahovske-nogavice-black-red","status":"publish","type":"product","link":"https:\/\/chessgamesemporium.com\/en\/shop\/chess-accessories\/chess-accessories-chess-accessories\/unikatne-sahovske-nogavice-black-red\/","title":{"rendered":"Unique chess SOCKS BLACK RED"},"content":{"rendered":"<p>Unique chess SOCKS<\/p>\n<p>Various sizes<\/p>\n<p>Material:<\/p>\n<p>Cotton: 80 %<br \/>\nPolyamide: 17 %<br \/>\nElastane: 3 %<\/p>\n<p>Quality cotton and an original design. A pinch of imagination and plenty of positive energy leads to an ideal recipe for socks you simply must try!<\/p>","protected":false},"excerpt":{"rendered":"<p>Unikatne \u0161ahovske NOGAVICE Razli\u010dne dimenzije Material: Bomba\u017e: 80 % Poliamid: 17 % Elastan: 3 % Kveliteten bomba\u017e in originalni dizajn. \u0160\u010depec \u010darovnije in veliko pozitivne energije je idealen recept za nogavice, katere enostavno morate obuti.<\/p>","protected":false},"featured_media":61138,"comment_status":"closed","ping_status":"closed","template":"","meta":{"_seopress_robots_primary_cat":"none","_seopress_titles_title":"","_seopress_titles_desc":"","_seopress_robots_index":""},"product_brand":[],"product_cat":[547,548],"product_tag":[],"class_list":{"0":"post-61134","1":"product","2":"type-product","3":"status-publish","4":"has-post-thumbnail","6":"product_cat-razno-za-sah","7":"product_cat-razno-za-sah-razno-za-sah","9":"entry","10":"has-media","12":"first","13":"instock","14":"taxable","15":"shipping-taxable","16":"purchasable","17":"product-type-variable","18":"has-product-nav","19":"col","20":"span_1_of_4","21":"owp-content-center","22":"item-entry","23":"owp-thumbs-layout-horizontal","24":"owp-btn-normal","25":"owp-tabs-layout-section","26":"has-no-thumbnails"},"wcpa_form_fields":null,"_links":{"self":[{"href":"https:\/\/chessgamesemporium.com\/en\/wp-json\/wp\/v2\/product\/61134","targetHints":{"allow":["GET"]}}],"collection":[{"href":"https:\/\/chessgamesemporium.com\/en\/wp-json\/wp\/v2\/product"}],"about":[{"href":"https:\/\/chessgamesemporium.com\/en\/wp-json\/wp\/v2\/types\/product"}],"replies":[{"embeddable":true,"href":"https:\/\/chessgamesemporium.com\/en\/wp-json\/wp\/v2\/comments?post=61134"}],"version-history":[{"count":0,"href":"https:\/\/chessgamesemporium.com\/en\/wp-json\/wp\/v2\/product\/61134\/revisions"}],"wp:featuredmedia":[{"embeddable":true,"href":"https:\/\/chessgamesemporium.com\/en\/wp-json\/wp\/v2\/media\/61138"}],"wp:attachment":[{"href":"https:\/\/chessgamesemporium.com\/en\/wp-json\/wp\/v2\/media?parent=61134"}],"wp:term":[{"taxonomy":"product_brand","embeddable":true,"href":"https:\/\/chessgamesemporium.com\/en\/wp-json\/wp\/v2\/product_brand?post=61134"},{"taxonomy":"product_cat","embeddable":true,"href":"https:\/\/chessgamesemporium.com\/en\/wp-json\/wp\/v2\/product_cat?post=61134"},{"taxonomy":"product_tag","embeddable":true,"href":"https:\/\/chessgamesemporium.com\/en\/wp-json\/wp\/v2\/product_tag?post=61134"}],"curies":[{"name":"wp","href":"https:\/\/api.w.org\/{rel}","templated":true}]}}