{"id":61504,"date":"2026-01-09T11:53:14","date_gmt":"2026-01-09T11:53:14","guid":{"rendered":"https:\/\/chessgamesemporium.com\/?post_type=product&#038;p=61504"},"modified":"2026-02-04T12:13:05","modified_gmt":"2026-02-04T12:13:05","slug":"chess-set-color","status":"publish","type":"product","link":"https:\/\/chessgamesemporium.com\/en\/shop\/chess-sets-2\/combo-sets\/chess-set-color\/","title":{"rendered":"Chess Set Color"},"content":{"rendered":"<p>CHESS PIECES<br \/>\nPlastic chess pieces, staunton design, felted, in a plastic bag.<\/p>\n<p>Dimensions: (height | base width)<br \/>\nKing: 9,5 cm | 3,7 cm<br \/>\nQueen: 7,5 cm | 3,6 cm<br \/>\nRook: 4,6 cm | 3,2 cm<br \/>\nBishop: 6,5 cm | 3,1 cm<br \/>\nKnight: 5,8 cm | 3,2 cm<br \/>\nPawn: 4,5 cm | 2,7 cm<\/p>\n<p>ROLL UP Chess Board 55 mm<br \/>\nMaterial: PVC, canvas<br \/>\nSquare size: 55 x 55 mm<br \/>\nBoard size: 51 x 51 cm<br \/>\nWashable<br \/>\nWith notation<\/p>\n<p>This chess board's 55 x 55 mm fields are ideal for chess pieces with a king's height of 95-98 mm.<\/p>\n<p>DURABLE CHESS CARRYING BAG<br \/>\nChess bag matching in color with the included chess board.<br \/>\nBag dimensions: 53 \u00d7 15 cm<\/p>\n<p>A highly practical, affordable, and portable chess set in standard dimensions. Suitable for home use and travel. Compact and easy to store. With this chess set, you have everything you need in one place.<br \/>\nAdditionally, the bag has enough space to store a chess clock (not included).<\/p>\n<p>Warning! Not suitable for children under 3 years due to small parts! Danger of suffocation.<\/p>","protected":false},"excerpt":{"rendered":"<p>FIGURE Plasti\u010dne figure, tip Staunton, podlo\u017eene v polivinilasti vre\u010dki. Dimenzije: (vi\u0161ina figure| premer podlage) Kralj: 9,5 cm | 3,7 cm Dama: 7,5 cm | 3,6 cm Top: 4,6 cm | 3,2 cm Lovec: 6,5 cm | 3,1 cm Skaka\u010d: 5,8 cm | 3,2 cm Kmet: 4,5 cm | 2,7 cm \u0160ahovnica za ZVIJANJE 55 mm [&hellip;]<\/p>","protected":false},"featured_media":61513,"comment_status":"open","ping_status":"closed","template":"","meta":{"_seopress_robots_primary_cat":"none","_seopress_titles_title":"","_seopress_titles_desc":"","_seopress_robots_index":""},"product_brand":[],"product_cat":[581,510],"product_tag":[],"class_list":{"0":"post-61504","1":"product","2":"type-product","3":"status-publish","4":"has-post-thumbnail","6":"product_cat-sestavljeni-kompleti","7":"product_cat-sahovski-kompleti","9":"entry","10":"has-media","12":"first","13":"instock","14":"taxable","15":"shipping-taxable","16":"purchasable","17":"product-type-variable","18":"has-product-nav","19":"col","20":"span_1_of_4","21":"owp-content-center","22":"item-entry","23":"owp-thumbs-layout-horizontal","24":"owp-btn-normal","25":"owp-tabs-layout-section"},"wcpa_form_fields":null,"_links":{"self":[{"href":"https:\/\/chessgamesemporium.com\/en\/wp-json\/wp\/v2\/product\/61504","targetHints":{"allow":["GET"]}}],"collection":[{"href":"https:\/\/chessgamesemporium.com\/en\/wp-json\/wp\/v2\/product"}],"about":[{"href":"https:\/\/chessgamesemporium.com\/en\/wp-json\/wp\/v2\/types\/product"}],"replies":[{"embeddable":true,"href":"https:\/\/chessgamesemporium.com\/en\/wp-json\/wp\/v2\/comments?post=61504"}],"version-history":[{"count":0,"href":"https:\/\/chessgamesemporium.com\/en\/wp-json\/wp\/v2\/product\/61504\/revisions"}],"wp:featuredmedia":[{"embeddable":true,"href":"https:\/\/chessgamesemporium.com\/en\/wp-json\/wp\/v2\/media\/61513"}],"wp:attachment":[{"href":"https:\/\/chessgamesemporium.com\/en\/wp-json\/wp\/v2\/media?parent=61504"}],"wp:term":[{"taxonomy":"product_brand","embeddable":true,"href":"https:\/\/chessgamesemporium.com\/en\/wp-json\/wp\/v2\/product_brand?post=61504"},{"taxonomy":"product_cat","embeddable":true,"href":"https:\/\/chessgamesemporium.com\/en\/wp-json\/wp\/v2\/product_cat?post=61504"},{"taxonomy":"product_tag","embeddable":true,"href":"https:\/\/chessgamesemporium.com\/en\/wp-json\/wp\/v2\/product_tag?post=61504"}],"curies":[{"name":"wp","href":"https:\/\/api.w.org\/{rel}","templated":true}]}}