{"id":43830,"date":"2022-08-04T12:48:02","date_gmt":"2022-08-04T12:48:02","guid":{"rendered":"https:\/\/www.ivh9.si\/Ponudbe\/chess\/?post_type=product&#038;p=43830"},"modified":"2026-04-20T15:39:38","modified_gmt":"2026-04-20T15:39:38","slug":"digitalna-sahovska-ura-dgt-2010","status":"publish","type":"product","link":"https:\/\/chessgamesemporium.com\/es\/shop\/sahovske-ure\/digitalne-ure\/digitalna-sahovska-ura-dgt-2010\/","title":{"rendered":"DGT 2010 reloj de ajedrez digital \u2013 FIDE torneo"},"content":{"rendered":"<p>Carcasa: pl\u00e1stico<br \/>\nColor: rojo<\/p>\n<p>El reloj oficial de ajedrez de la Federaci\u00f3n Internacional de Ajedrez (FIDE): el reloj digital de ajedrez DGT 2010.<\/p>\n<p>El DGT 2010 se present\u00f3 en 2007 y obtuvo la certificaci\u00f3n de \"Reloj Oficial de Ajedrez de la FIDE\" en junio de 2008, tras las pruebas realizadas por cuatro \u00e1rbitros de alto nivel, que concluyeron que el reloj cumple plenamente con todas las reglas y regulaciones de la FIDE.<\/p>\n<p>Algunas caracter\u00edsticas del DGT 2010 se modificaron en noviembre de 2010 para adaptarse a los sistemas de cronometraje m\u00e1s populares.<\/p>\n<p>Las principales diferencias del nuevo modelo DGT 2010 (a veces llamado DGT2010SG - Segunda Generaci\u00f3n) con respecto a la versi\u00f3n anterior son:<br \/>\nLos botones frontales son de color azul oscuro en lugar de rojo;<br \/>\nPara cada opci\u00f3n manual, la \u00faltima configuraci\u00f3n se guarda autom\u00e1ticamente. Incluso despu\u00e9s de desactivar el temporizador o usar otras opciones, esta configuraci\u00f3n se conserva.<br \/>\nSe han a\u00f1adido opciones para Scrabble\u2122.<br \/>\nSe puede configurar el retardo de Bronstein con m\u00faltiples controles de tiempo.<br \/>\nEn el sistema Byo-yomi canadiense, el tiempo adicional se puede a\u00f1adir autom\u00e1ticamente tras el n\u00famero de movimientos requerido.<br \/>\nSe han modificado algunos tiempos preestablecidos para adaptarlos a configuraciones m\u00e1s populares.<\/p>\n<p>El DGT 2010 es compatible con muchos juegos; por ejemplo, incluye configuraciones Byo-yomi japonesas y canadienses para Go.<\/p>","protected":false},"excerpt":{"rendered":"<p>El DGT 2010 es un reloj de ajedrez digital aprobado por la FIDE. Cuenta con una pantalla grande, m\u00faltiples sistemas de tiempo y soporte para incremento y delay. Una opci\u00f3n fiable para clubes y competiciones.<\/p>","protected":false},"featured_media":45256,"comment_status":"closed","ping_status":"closed","template":"","meta":{"_seopress_robots_primary_cat":"none","_seopress_titles_title":"Digitalna \u0161ahovska ura DGT 2010 \u2013 FIDE, turnirska","_seopress_titles_desc":"","_seopress_robots_index":""},"product_brand":[],"product_cat":[520,513,194],"product_tag":[],"class_list":{"0":"post-43830","1":"product","2":"type-product","3":"status-publish","4":"has-post-thumbnail","6":"product_cat-digitalne-ure","7":"product_cat-sahovske-ure","8":"product_cat-vsi-izdelki","10":"entry","11":"has-media","13":"first","14":"instock","15":"sale","16":"taxable","17":"shipping-taxable","18":"purchasable","19":"product-type-simple","20":"has-product-nav","21":"col","22":"span_1_of_4","23":"owp-content-center","24":"item-entry","25":"owp-thumbs-layout-horizontal","26":"owp-btn-normal","27":"owp-tabs-layout-section"},"wcpa_form_fields":null,"_links":{"self":[{"href":"https:\/\/chessgamesemporium.com\/es\/wp-json\/wp\/v2\/product\/43830","targetHints":{"allow":["GET"]}}],"collection":[{"href":"https:\/\/chessgamesemporium.com\/es\/wp-json\/wp\/v2\/product"}],"about":[{"href":"https:\/\/chessgamesemporium.com\/es\/wp-json\/wp\/v2\/types\/product"}],"replies":[{"embeddable":true,"href":"https:\/\/chessgamesemporium.com\/es\/wp-json\/wp\/v2\/comments?post=43830"}],"version-history":[{"count":1,"href":"https:\/\/chessgamesemporium.com\/es\/wp-json\/wp\/v2\/product\/43830\/revisions"}],"predecessor-version":[{"id":63851,"href":"https:\/\/chessgamesemporium.com\/es\/wp-json\/wp\/v2\/product\/43830\/revisions\/63851"}],"wp:featuredmedia":[{"embeddable":true,"href":"https:\/\/chessgamesemporium.com\/es\/wp-json\/wp\/v2\/media\/45256"}],"wp:attachment":[{"href":"https:\/\/chessgamesemporium.com\/es\/wp-json\/wp\/v2\/media?parent=43830"}],"wp:term":[{"taxonomy":"product_brand","embeddable":true,"href":"https:\/\/chessgamesemporium.com\/es\/wp-json\/wp\/v2\/product_brand?post=43830"},{"taxonomy":"product_cat","embeddable":true,"href":"https:\/\/chessgamesemporium.com\/es\/wp-json\/wp\/v2\/product_cat?post=43830"},{"taxonomy":"product_tag","embeddable":true,"href":"https:\/\/chessgamesemporium.com\/es\/wp-json\/wp\/v2\/product_tag?post=43830"}],"curies":[{"name":"wp","href":"https:\/\/api.w.org\/{rel}","templated":true}]}}