{"id":43850,"date":"2022-08-04T13:02:56","date_gmt":"2022-08-04T13:02:56","guid":{"rendered":"https:\/\/www.ivh9.si\/Ponudbe\/chess\/?post_type=product&#038;p=43850"},"modified":"2026-04-23T17:13:24","modified_gmt":"2026-04-23T17:13:24","slug":"sahovnica-za-zvijanje-57-mm","status":"publish","type":"product","link":"https:\/\/chessgamesemporium.com\/es\/shop\/sahovnice\/plasticne-sahovnice\/sahovnica-za-zvijanje-57-mm\/","title":{"rendered":"Tablero de ajedrez enrollable de 57 mm"},"content":{"rendered":"<h3>\u265f\ufe0f Tablero de ajedrez de torneo para uso diario<\/h3>\n<p>Tablero de ajedrez enrollable de 57 mm<br \/>\nMaterial: PVC, lona<br \/>\nDimensiones de las casillas: 57 x 57 mm<br \/>\nTama\u00f1o del tablero: 50 x 50 cm<br \/>\nLavable<br \/>\nLas casillas de 57 x 57 mm de este tablero de ajedrez son ideales para piezas de ajedrez con una altura de rey de 95-98 mm.<\/p>\n<p>El tablero enrollable de 57 mm es un tablero de torneo est\u00e1ndar utilizado en todo el mundo. Es ideal para escuelas, clubes, entrenamiento y competiciones.<\/p>\n<h3>\ud83d\udccf Tama\u00f1o est\u00e1ndar 57 mm<\/h3>\n<p>El tama\u00f1o de casilla de 57 mm corresponde al est\u00e1ndar de torneo y garantiza un juego c\u00f3modo. Compatible con piezas Staunton.<\/p>\n<h3>\ud83c\udfaf \u00bfPara qui\u00e9n es este tablero?<\/h3>\n<p>\u2714 za \u0161ole in \u0161ahovske kro\u017eke<br \/>\n\u2714 para clubes de ajedrez y torneos<br \/>\n\u2714 para entrenamiento y an\u00e1lisis de partidas<br \/>\n\u2714 para principiantes y jugadores avanzados<br \/>\n\u2714 para uso en casa o de viaje<\/p>\n<h3>\u2699\ufe0f Ventajas principales:<\/h3>\n<p>\u2714 tablero enrollable para f\u00e1cil transporte<br \/>\n\u2714 material resistente para uso prolongado<br \/>\n\u2714 ligero y pr\u00e1ctico<br \/>\n\u2714 apto para diferentes condiciones de juego<br \/>\n\u2714 f\u00e1cil de guardar y transportar<\/p>\n<h3>\u2753 \u00bfPor qu\u00e9 elegir un tablero de ajedrez enrollable?<\/h3>\n<p>Los tableros de ajedrez enrollables son una opci\u00f3n popular para jugadores que buscan una soluci\u00f3n pr\u00e1ctica y port\u00e1til. En comparaci\u00f3n con los tableros r\u00edgidos, son m\u00e1s f\u00e1ciles de transportar y usar en diferentes entornos, especialmente en escuelas y clubes.<\/p>\n<h3>\ud83c\udfc1 Elecci\u00f3n ideal para jugadores de ajedrez<\/h3>\n<p>Si buscas un tablero de ajedrez de torneo pr\u00e1ctico y duradero, es una excelente opci\u00f3n para el uso diario.<\/p>\n<p>\u00a1Advertencia! \u00a1No apto para ni\u00f1os menores de 3 a\u00f1os debido a las piezas peque\u00f1as! Peligro de asfixia.<\/p>","protected":false},"excerpt":{"rendered":"<p>Las casillas de 57 x 57 mm de este tablero de ajedrez son ideales para piezas de ajedrez con una altura de rey de 95-98 mm.<\/p>","protected":false},"featured_media":43853,"comment_status":"closed","ping_status":"closed","template":"","meta":{"_seopress_robots_primary_cat":"none","_seopress_titles_title":"Roll-up \u0161ahovnica 57 mm \u2013 turnirska gumijasta | ChessGamesEmporium","_seopress_titles_desc":"Turnirska \u0161ahovnica za zvijanje s polji 57 mm, priljubljena po vsem svetu. Trpe\u017ena gumijasta podlaga, idealna za trening, klube in tekmovanja.","_seopress_robots_index":""},"product_brand":[],"product_cat":[523,514,194],"product_tag":[590],"class_list":{"0":"post-43850","1":"product","2":"type-product","3":"status-publish","4":"has-post-thumbnail","6":"product_cat-plasticne-sahovnice","7":"product_cat-sahovnice","8":"product_cat-vsi-izdelki","9":"product_tag-55mm","11":"entry","12":"has-media","14":"first","15":"instock","16":"taxable","17":"shipping-taxable","18":"purchasable","19":"product-type-simple","20":"has-product-nav","21":"col","22":"span_1_of_4","23":"owp-content-center","24":"item-entry","25":"owp-thumbs-layout-horizontal","26":"owp-btn-normal","27":"owp-tabs-layout-section"},"wcpa_form_fields":null,"_links":{"self":[{"href":"https:\/\/chessgamesemporium.com\/es\/wp-json\/wp\/v2\/product\/43850","targetHints":{"allow":["GET"]}}],"collection":[{"href":"https:\/\/chessgamesemporium.com\/es\/wp-json\/wp\/v2\/product"}],"about":[{"href":"https:\/\/chessgamesemporium.com\/es\/wp-json\/wp\/v2\/types\/product"}],"replies":[{"embeddable":true,"href":"https:\/\/chessgamesemporium.com\/es\/wp-json\/wp\/v2\/comments?post=43850"}],"version-history":[{"count":0,"href":"https:\/\/chessgamesemporium.com\/es\/wp-json\/wp\/v2\/product\/43850\/revisions"}],"wp:featuredmedia":[{"embeddable":true,"href":"https:\/\/chessgamesemporium.com\/es\/wp-json\/wp\/v2\/media\/43853"}],"wp:attachment":[{"href":"https:\/\/chessgamesemporium.com\/es\/wp-json\/wp\/v2\/media?parent=43850"}],"wp:term":[{"taxonomy":"product_brand","embeddable":true,"href":"https:\/\/chessgamesemporium.com\/es\/wp-json\/wp\/v2\/product_brand?post=43850"},{"taxonomy":"product_cat","embeddable":true,"href":"https:\/\/chessgamesemporium.com\/es\/wp-json\/wp\/v2\/product_cat?post=43850"},{"taxonomy":"product_tag","embeddable":true,"href":"https:\/\/chessgamesemporium.com\/es\/wp-json\/wp\/v2\/product_tag?post=43850"}],"curies":[{"name":"wp","href":"https:\/\/api.w.org\/{rel}","templated":true}]}}