{"id":45058,"date":"2022-09-06T10:09:31","date_gmt":"2022-09-06T10:09:31","guid":{"rendered":"https:\/\/www.ivh9.si\/Ponudbe\/chess\/?post_type=product&#038;p=45058"},"modified":"2024-12-03T18:35:06","modified_gmt":"2024-12-03T18:35:06","slug":"digitalna-sahovska-ura-dgt960-travel","status":"publish","type":"product","link":"https:\/\/chessgamesemporium.com\/es\/shop\/sahovske-ure\/digitalne-ure\/digitalna-sahovska-ura-dgt960-travel\/","title":{"rendered":"Digitalna \u0161ahovska ura DGT960 Travel"},"content":{"rendered":"<p>Carcasa: pl\u00e1stico<br \/>\nBarva: modra \/ bela<br \/>\nDimenzije: 14 x 6.5 x 2.3 cm<\/p>\n<p>Prva \u0161ahovska ura, ki samodejno in naklju\u010dno ustvarja 960 izhodi\u0161\u010dnih polo\u017eajev. Zaslon prikazuje simbole, ki ozna\u010dujejo osnovne polo\u017eaje figur. Ta na\u010din igranja je pripeljal marsikaterega \u0161ahista nazaj k igri.<\/p>\n<p>Ideja nekdanjega svetovnega prvaka Bobby Fischer, ki je pred kratkim umrl, da bi ustvaril \u0161ahovsko igro, kjer otvoritvena teorija ne igra pomembnej\u0161e vloge, je bil najbolj pomembna izbolj\u0161ava v \u0161ahu v zadnjih 500 letih.<\/p>\n<p>Ta \u0161ahovska ura je pripomo\u010dek, ki ga vsak \u0161ahist \u017eeli imeti!<\/p>","protected":false},"excerpt":{"rendered":"<ul>\n<li>Nov na\u010din igranja!<\/li>\n<li>Revolucionarna zlo\u017eljiva DGT 960 \u0161ahovska ura<\/li>\n<li>Velik zaslon za la\u017eje gledanje<\/li>\n<li>Enostavna uporaba in enostavno nastavljanje programov<\/li>\n<\/ul>","protected":false},"featured_media":47744,"comment_status":"closed","ping_status":"closed","template":"","meta":{"_seopress_robots_primary_cat":"none","_seopress_titles_title":"","_seopress_titles_desc":"","_seopress_robots_index":""},"product_brand":[],"product_cat":[513,520],"product_tag":[],"class_list":{"0":"post-45058","1":"product","2":"type-product","3":"status-publish","4":"has-post-thumbnail","6":"product_cat-sahovske-ure","7":"product_cat-digitalne-ure","9":"entry","10":"has-media","12":"first","13":"outofstock","14":"taxable","15":"shipping-taxable","16":"purchasable","17":"product-type-simple","18":"has-product-nav","19":"col","20":"span_1_of_4","21":"owp-content-center","22":"item-entry","23":"owp-thumbs-layout-horizontal","24":"owp-btn-normal","25":"owp-tabs-layout-section","26":"has-no-thumbnails"},"wcpa_form_fields":null,"_links":{"self":[{"href":"https:\/\/chessgamesemporium.com\/es\/wp-json\/wp\/v2\/product\/45058","targetHints":{"allow":["GET"]}}],"collection":[{"href":"https:\/\/chessgamesemporium.com\/es\/wp-json\/wp\/v2\/product"}],"about":[{"href":"https:\/\/chessgamesemporium.com\/es\/wp-json\/wp\/v2\/types\/product"}],"replies":[{"embeddable":true,"href":"https:\/\/chessgamesemporium.com\/es\/wp-json\/wp\/v2\/comments?post=45058"}],"version-history":[{"count":0,"href":"https:\/\/chessgamesemporium.com\/es\/wp-json\/wp\/v2\/product\/45058\/revisions"}],"wp:featuredmedia":[{"embeddable":true,"href":"https:\/\/chessgamesemporium.com\/es\/wp-json\/wp\/v2\/media\/47744"}],"wp:attachment":[{"href":"https:\/\/chessgamesemporium.com\/es\/wp-json\/wp\/v2\/media?parent=45058"}],"wp:term":[{"taxonomy":"product_brand","embeddable":true,"href":"https:\/\/chessgamesemporium.com\/es\/wp-json\/wp\/v2\/product_brand?post=45058"},{"taxonomy":"product_cat","embeddable":true,"href":"https:\/\/chessgamesemporium.com\/es\/wp-json\/wp\/v2\/product_cat?post=45058"},{"taxonomy":"product_tag","embeddable":true,"href":"https:\/\/chessgamesemporium.com\/es\/wp-json\/wp\/v2\/product_tag?post=45058"}],"curies":[{"name":"wp","href":"https:\/\/api.w.org\/{rel}","templated":true}]}}