{"id":45065,"date":"2022-09-06T10:17:47","date_gmt":"2022-09-06T10:17:47","guid":{"rendered":"https:\/\/www.ivh9.si\/Ponudbe\/chess\/?post_type=product&#038;p=45065"},"modified":"2026-04-18T05:11:05","modified_gmt":"2026-04-18T05:11:05","slug":"digitalna-sahovska-ura-dgt-1001-black","status":"publish","type":"product","link":"https:\/\/chessgamesemporium.com\/es\/shop\/sahovske-ure\/digitalne-ure\/digitalna-sahovska-ura-dgt-1001-black\/","title":{"rendered":"DGT 1001 reloj de ajedrez \u2013 principiantes"},"content":{"rendered":"<p>El DGT 1001 es un cron\u00f3metro universal ideal para escuelas, clubes o uso dom\u00e9stico. Cuenta con una pantalla n\u00edtida, es extremadamente f\u00e1cil de usar y muy econ\u00f3mico. Incluye cuenta atr\u00e1s y cuenta adelante, y tiene dos botones grandes en la parte superior izquierda y derecha para su funcionamiento. Este cron\u00f3metro est\u00e1 disponible en dos colores. Incluye bater\u00eda.<\/p>\n<p>Reloj de ajedrez perfecto para principiantes, aprendizaje y juego casual.<\/p>\n<p>El reloj de ajedrez DGT 1001 a\u00f1ade emoci\u00f3n y dinamismo a cada partida. Gracias a sus pr\u00e1cticos botones y su gran pantalla, el DGT 1001 es muy f\u00e1cil de programar e intuitivo de usar.<\/p>\n<p>Ofrece dos opciones principales: una para la cuenta atr\u00e1s y otra para el conteo del tiempo en un periodo, que se puede configurar en un rango de 1 segundo a 9 horas y 30 minutos. El reloj cambia de jugador al pulsar uno de los dos botones.<\/p>\n<ul>\n<li>Compatible con diversos juegos como ajedrez, damas, p\u00f3ker y muchos m\u00e1s.<\/li>\n<li>Pantalla grande y f\u00e1cil de leer.<\/li>\n<li>Ajustes sencillos.<\/li>\n<\/ul>\n<p>El reloj de ajedrez DGT 1001 no incluye la opci\u00f3n de incremento de tiempo (bonificaci\u00f3n).<\/p>","protected":false},"excerpt":{"rendered":"<p>El DGT 1001 es un reloj de ajedrez digital sencillo y fiable para principiantes, escuelas y entrenamiento. Cuenta con pantalla clara y funciones b\u00e1sicas para uso diario.<\/p>","protected":false},"featured_media":56556,"comment_status":"closed","ping_status":"closed","template":"","meta":{"_seopress_robots_primary_cat":"none","_seopress_titles_title":"Digitalna \u0161ahovska ura DGT 1001 \u2013 za za\u010detnike | ChessGamesEmporium","_seopress_titles_desc":"","_seopress_robots_index":""},"product_brand":[],"product_cat":[520,513],"product_tag":[],"class_list":{"0":"post-45065","1":"product","2":"type-product","3":"status-publish","4":"has-post-thumbnail","6":"product_cat-digitalne-ure","7":"product_cat-sahovske-ure","9":"entry","10":"has-media","12":"first","13":"instock","14":"taxable","15":"shipping-taxable","16":"purchasable","17":"product-type-variable","18":"has-product-nav","19":"col","20":"span_1_of_4","21":"owp-content-center","22":"item-entry","23":"owp-thumbs-layout-horizontal","24":"owp-btn-normal","25":"owp-tabs-layout-section"},"wcpa_form_fields":null,"_links":{"self":[{"href":"https:\/\/chessgamesemporium.com\/es\/wp-json\/wp\/v2\/product\/45065","targetHints":{"allow":["GET"]}}],"collection":[{"href":"https:\/\/chessgamesemporium.com\/es\/wp-json\/wp\/v2\/product"}],"about":[{"href":"https:\/\/chessgamesemporium.com\/es\/wp-json\/wp\/v2\/types\/product"}],"replies":[{"embeddable":true,"href":"https:\/\/chessgamesemporium.com\/es\/wp-json\/wp\/v2\/comments?post=45065"}],"version-history":[{"count":0,"href":"https:\/\/chessgamesemporium.com\/es\/wp-json\/wp\/v2\/product\/45065\/revisions"}],"wp:featuredmedia":[{"embeddable":true,"href":"https:\/\/chessgamesemporium.com\/es\/wp-json\/wp\/v2\/media\/56556"}],"wp:attachment":[{"href":"https:\/\/chessgamesemporium.com\/es\/wp-json\/wp\/v2\/media?parent=45065"}],"wp:term":[{"taxonomy":"product_brand","embeddable":true,"href":"https:\/\/chessgamesemporium.com\/es\/wp-json\/wp\/v2\/product_brand?post=45065"},{"taxonomy":"product_cat","embeddable":true,"href":"https:\/\/chessgamesemporium.com\/es\/wp-json\/wp\/v2\/product_cat?post=45065"},{"taxonomy":"product_tag","embeddable":true,"href":"https:\/\/chessgamesemporium.com\/es\/wp-json\/wp\/v2\/product_tag?post=45065"}],"curies":[{"name":"wp","href":"https:\/\/api.w.org\/{rel}","templated":true}]}}