{"id":45090,"date":"2022-09-06T10:43:26","date_gmt":"2022-09-06T10:43:26","guid":{"rendered":"https:\/\/www.ivh9.si\/Ponudbe\/chess\/?post_type=product&#038;p=45090"},"modified":"2026-03-23T07:44:36","modified_gmt":"2026-03-23T07:44:36","slug":"digitalna-sahovska-ura-leap-pq9921","status":"publish","type":"product","link":"https:\/\/chessgamesemporium.com\/es\/shop\/sahovske-ure\/digitalne-ure\/digitalna-sahovska-ura-leap-pq9921\/","title":{"rendered":"Reloj de ajedrez digital Leap PQ9921"},"content":{"rendered":"<p>Este reloj de ajedrez cuenta con diversas funciones, como cuenta atr\u00e1s, bonificaci\u00f3n, retardo, movimiento, alarma, memoria y byo-yomi, perfecto para jugadores de todos los niveles, desde profesionales hasta aficionados o para entrenamientos.<br \/>\nLa mejor opci\u00f3n para ti<br \/>\nFunci\u00f3n especial de byo-yomi, compatible con reglas preestablecidas y personalizadas.<br \/>\nNOTA: Este reloj profesional NO permite la cuenta ascendente.<\/p>","protected":false},"excerpt":{"rendered":"<ul>\n<li>\u3010MULTIFUNCIONES\u3011: Este reloj de ajedrez incluye cuenta regresiva, bonificaci\u00f3n, retardo (Fischer), alarma (activada\/desactivada), lectura de jugadas (byo-yomi), conteo de movimientos y memoria de configuraci\u00f3n, con capacidad para hasta 37 programas. Este temporizador digital no solo permite revisar los movimientos de ambos jugadores, sino que tambi\u00e9n permite ajustar el tiempo restante. (Nota: No cuenta hacia adelante).<\/li>\n<li>\u3010F\u00c1CIL DE CONFIGURAR\u3011: Este temporizador de ajedrez, actualizado para 2021, cuenta con un dise\u00f1o de programaci\u00f3n sencillo y una pantalla grande que facilita la edici\u00f3n r\u00e1pida.<\/li>\n<li>\u3010COMPATIBLE CON JUEGOS\u3011: Disponible para ajedrez internacional, ajedrez chino, I-GO y otros juegos de mesa para dos jugadores. Muchos torneos han utilizado este reloj para la competici\u00f3n. Se puede configurar un tiempo base diferente para cada jugador.<\/li>\n<li>\u3010DIMENSIONES Y CALIDAD\u3011: Fabricado con componentes electr\u00f3nicos y carcasa de ABS, ecol\u00f3gico y duradero. Es ligero y port\u00e1til, ideal para llevarlo a todas partes.<\/li>\n<\/ul>","protected":false},"featured_media":47737,"comment_status":"closed","ping_status":"closed","template":"","meta":{"_seopress_robots_primary_cat":"none","_seopress_titles_title":"","_seopress_titles_desc":"","_seopress_robots_index":""},"product_brand":[],"product_cat":[513,520],"product_tag":[],"class_list":{"0":"post-45090","1":"product","2":"type-product","3":"status-publish","4":"has-post-thumbnail","6":"product_cat-sahovske-ure","7":"product_cat-digitalne-ure","9":"entry","10":"has-media","12":"first","13":"instock","14":"taxable","15":"shipping-taxable","16":"purchasable","17":"product-type-simple","18":"has-product-nav","19":"col","20":"span_1_of_4","21":"owp-content-center","22":"item-entry","23":"owp-thumbs-layout-horizontal","24":"owp-btn-normal","25":"owp-tabs-layout-section"},"wcpa_form_fields":null,"_links":{"self":[{"href":"https:\/\/chessgamesemporium.com\/es\/wp-json\/wp\/v2\/product\/45090","targetHints":{"allow":["GET"]}}],"collection":[{"href":"https:\/\/chessgamesemporium.com\/es\/wp-json\/wp\/v2\/product"}],"about":[{"href":"https:\/\/chessgamesemporium.com\/es\/wp-json\/wp\/v2\/types\/product"}],"replies":[{"embeddable":true,"href":"https:\/\/chessgamesemporium.com\/es\/wp-json\/wp\/v2\/comments?post=45090"}],"version-history":[{"count":0,"href":"https:\/\/chessgamesemporium.com\/es\/wp-json\/wp\/v2\/product\/45090\/revisions"}],"wp:featuredmedia":[{"embeddable":true,"href":"https:\/\/chessgamesemporium.com\/es\/wp-json\/wp\/v2\/media\/47737"}],"wp:attachment":[{"href":"https:\/\/chessgamesemporium.com\/es\/wp-json\/wp\/v2\/media?parent=45090"}],"wp:term":[{"taxonomy":"product_brand","embeddable":true,"href":"https:\/\/chessgamesemporium.com\/es\/wp-json\/wp\/v2\/product_brand?post=45090"},{"taxonomy":"product_cat","embeddable":true,"href":"https:\/\/chessgamesemporium.com\/es\/wp-json\/wp\/v2\/product_cat?post=45090"},{"taxonomy":"product_tag","embeddable":true,"href":"https:\/\/chessgamesemporium.com\/es\/wp-json\/wp\/v2\/product_tag?post=45090"}],"curies":[{"name":"wp","href":"https:\/\/api.w.org\/{rel}","templated":true}]}}