{"id":45109,"date":"2022-09-06T11:00:18","date_gmt":"2022-09-06T11:00:18","guid":{"rendered":"https:\/\/www.ivh9.si\/Ponudbe\/chess\/?post_type=product&#038;p=45109"},"modified":"2026-01-13T05:03:43","modified_gmt":"2026-01-13T05:03:43","slug":"sahovska-ura-bhb-mahagonij-exclusive","status":"publish","type":"product","link":"https:\/\/chessgamesemporium.com\/es\/shop\/sahovske-ure\/analogne-ure\/sahovska-ura-bhb-mahagonij-exclusive\/","title":{"rendered":"Reloj de ajedrez anal\u00f3gico BHB exclusivo"},"content":{"rendered":"<div><span style=\"font-family: verdana; font-size: medium;\"><span style=\"font-family: verdana; font-size: medium;\">Reloj de ajedrez mec\u00e1nico<br \/>\nMarco de pl\u00e1stico<\/span><\/span><\/div>\n<div><\/div>\n<div>\n<p>El reloj de ajedrez BHB es f\u00e1cil de usar. Su dise\u00f1o sencillo, disponible en varios colores, combina a la perfecci\u00f3n con cualquier juego de ajedrez. Se le da cuerda por la parte trasera hasta la hora deseada.<\/p>\n<p>Fabricado en Alemania.<\/p>\n<\/div>\n<p><span style=\"font-family: verdana; font-size: medium;\">Dimensiones: 150 x 80 x 40 mm<\/span><\/p>","protected":false},"excerpt":{"rendered":"<p>Mehanizem: kovinski Okvir: plasti\u010den \u0160ahovska ura BHB je preprosta za uporabo, s svojim dizajnom v razli\u010dnih barvah pa se prilega k katerikoli \u0161ahovski garnituri. Uro na hrbtni strani navijete do \u017eelenega \u010dasa. Proizvedeno v Nem\u010diji. Dimenzije: 150 x 80 x 40 mm<\/p>","protected":false},"featured_media":46430,"comment_status":"closed","ping_status":"closed","template":"","meta":{"_seopress_robots_primary_cat":"none","_seopress_titles_title":"","_seopress_titles_desc":"","_seopress_robots_index":""},"product_brand":[],"product_cat":[513,519],"product_tag":[],"class_list":{"0":"post-45109","1":"product","2":"type-product","3":"status-publish","4":"has-post-thumbnail","6":"product_cat-sahovske-ure","7":"product_cat-analogne-ure","9":"entry","10":"has-media","12":"first","13":"instock","14":"taxable","15":"shipping-taxable","16":"purchasable","17":"product-type-variable","18":"has-product-nav","19":"col","20":"span_1_of_4","21":"owp-content-center","22":"item-entry","23":"owp-thumbs-layout-horizontal","24":"owp-btn-normal","25":"owp-tabs-layout-section"},"wcpa_form_fields":null,"_links":{"self":[{"href":"https:\/\/chessgamesemporium.com\/es\/wp-json\/wp\/v2\/product\/45109","targetHints":{"allow":["GET"]}}],"collection":[{"href":"https:\/\/chessgamesemporium.com\/es\/wp-json\/wp\/v2\/product"}],"about":[{"href":"https:\/\/chessgamesemporium.com\/es\/wp-json\/wp\/v2\/types\/product"}],"replies":[{"embeddable":true,"href":"https:\/\/chessgamesemporium.com\/es\/wp-json\/wp\/v2\/comments?post=45109"}],"version-history":[{"count":0,"href":"https:\/\/chessgamesemporium.com\/es\/wp-json\/wp\/v2\/product\/45109\/revisions"}],"wp:featuredmedia":[{"embeddable":true,"href":"https:\/\/chessgamesemporium.com\/es\/wp-json\/wp\/v2\/media\/46430"}],"wp:attachment":[{"href":"https:\/\/chessgamesemporium.com\/es\/wp-json\/wp\/v2\/media?parent=45109"}],"wp:term":[{"taxonomy":"product_brand","embeddable":true,"href":"https:\/\/chessgamesemporium.com\/es\/wp-json\/wp\/v2\/product_brand?post=45109"},{"taxonomy":"product_cat","embeddable":true,"href":"https:\/\/chessgamesemporium.com\/es\/wp-json\/wp\/v2\/product_cat?post=45109"},{"taxonomy":"product_tag","embeddable":true,"href":"https:\/\/chessgamesemporium.com\/es\/wp-json\/wp\/v2\/product_tag?post=45109"}],"curies":[{"name":"wp","href":"https:\/\/api.w.org\/{rel}","templated":true}]}}