{"id":45213,"date":"2022-09-08T14:39:21","date_gmt":"2022-09-08T14:39:21","guid":{"rendered":"https:\/\/www.ivh9.si\/Ponudbe\/chess\/?post_type=product&#038;p=45213"},"modified":"2026-05-05T13:15:09","modified_gmt":"2026-05-05T13:15:09","slug":"plasticne-sahovske-figure-dubrovnik-2","status":"publish","type":"product","link":"https:\/\/chessgamesemporium.com\/es\/shop\/sahovske-figure\/plasticne-figure\/plasticne-sahovske-figure-dubrovnik-2\/","title":{"rendered":"Piezas de ajedrez de pl\u00e1stico DUBROVNIK"},"content":{"rendered":"<p>Base: Fieltro<br \/>\nMaterial: Pl\u00e1stico<br \/>\nColor: Ocre y marr\u00f3n oscuro<\/p>\n<p>Dimensiones: (altura | ancho de la base)<br \/>\nRey: 9,1 cm | 3,6 cm<br \/>\nReina: 7,7 cm | 3,5 cm<br \/>\nTorre: 5,1 cm | 3,3 cm<br \/>\nAlfil: 7,1 cm | 3,1 cm<br \/>\nCaballo: 6,6 cm | 3,3 cm<br \/>\nPe\u00f3n: 4,7 cm | 2,9 cm<\/p>\n<p>El juego de ajedrez Dubrovnik se basa en un famoso dise\u00f1o de 1950, creado para la IX Olimpiada de Ajedrez de Dubrovnik. Las piezas son reconocidas por su sencillez, sin la cruz del rey, adem\u00e1s de ser f\u00e1cilmente identificables y ergon\u00f3micas.<\/p>\n<p>Este dise\u00f1o fue uno de los favoritos del legendario campe\u00f3n mundial de ajedrez Bobby Fischer. Declar\u00f3 p\u00fablicamente que las piezas de ajedrez estilo Dubrovnik eran sus favoritas y que las usaba con frecuencia para sus an\u00e1lisis y partidas caseras.<\/p>\n<p>&#8220;This is the best set I have ever played on. It is marvellous.&#8221;<br \/>\n- Bobby Fischer sobre el juego Dubrovnik<\/p>\n<p>Nuestra versi\u00f3n de pl\u00e1stico conserva la forma cl\u00e1sica de estas famosas piezas, pero en una edici\u00f3n m\u00e1s asequible y duradera. Una excelente opci\u00f3n para clubes de ajedrez, principiantes y amantes de la historia del ajedrez. Tambi\u00e9n es ideal para el uso diario y como regalo.<\/p>\n<p>\u00a1Advertencia! \u00a1No apto para ni\u00f1os menores de 3 a\u00f1os debido a las piezas peque\u00f1as! Peligro de asfixia.<\/p>","protected":false},"excerpt":{"rendered":"<p>Podlaga: Podlo\u017eene s filcem Material: Plastika Barva: Oker in temno rjava Dimenzije: (vi\u0161ina figure | premer podlage) Kralj: 9,1 cm | 3,6 cm Dama: 7,7 cm | 3,5 cm Top: 5,1 cm | 3,3 cm Lovec: 7,1 cm | 3,1 cm Skaka\u010d: 6,6 cm | 3,3 cm Kmet: 4,7 cm | 2,9 cm Komplet \u0161ahovskih [&hellip;]<\/p>","protected":false},"featured_media":48235,"comment_status":"closed","ping_status":"closed","template":"","meta":{"_seopress_robots_primary_cat":"none","_seopress_titles_title":"","_seopress_titles_desc":"","_seopress_robots_index":""},"product_brand":[],"product_cat":[511,521],"product_tag":[594],"class_list":{"0":"post-45213","1":"product","2":"type-product","3":"status-publish","4":"has-post-thumbnail","6":"product_cat-sahovske-figure","7":"product_cat-plasticne-figure","8":"product_tag-90mm","10":"entry","11":"has-media","13":"first","14":"instock","15":"taxable","16":"shipping-taxable","17":"purchasable","18":"product-type-simple","19":"has-product-nav","20":"col","21":"span_1_of_4","22":"owp-content-center","23":"item-entry","24":"owp-thumbs-layout-horizontal","25":"owp-btn-normal","26":"owp-tabs-layout-section"},"wcpa_form_fields":null,"_links":{"self":[{"href":"https:\/\/chessgamesemporium.com\/es\/wp-json\/wp\/v2\/product\/45213","targetHints":{"allow":["GET"]}}],"collection":[{"href":"https:\/\/chessgamesemporium.com\/es\/wp-json\/wp\/v2\/product"}],"about":[{"href":"https:\/\/chessgamesemporium.com\/es\/wp-json\/wp\/v2\/types\/product"}],"replies":[{"embeddable":true,"href":"https:\/\/chessgamesemporium.com\/es\/wp-json\/wp\/v2\/comments?post=45213"}],"version-history":[{"count":1,"href":"https:\/\/chessgamesemporium.com\/es\/wp-json\/wp\/v2\/product\/45213\/revisions"}],"predecessor-version":[{"id":64487,"href":"https:\/\/chessgamesemporium.com\/es\/wp-json\/wp\/v2\/product\/45213\/revisions\/64487"}],"wp:featuredmedia":[{"embeddable":true,"href":"https:\/\/chessgamesemporium.com\/es\/wp-json\/wp\/v2\/media\/48235"}],"wp:attachment":[{"href":"https:\/\/chessgamesemporium.com\/es\/wp-json\/wp\/v2\/media?parent=45213"}],"wp:term":[{"taxonomy":"product_brand","embeddable":true,"href":"https:\/\/chessgamesemporium.com\/es\/wp-json\/wp\/v2\/product_brand?post=45213"},{"taxonomy":"product_cat","embeddable":true,"href":"https:\/\/chessgamesemporium.com\/es\/wp-json\/wp\/v2\/product_cat?post=45213"},{"taxonomy":"product_tag","embeddable":true,"href":"https:\/\/chessgamesemporium.com\/es\/wp-json\/wp\/v2\/product_tag?post=45213"}],"curies":[{"name":"wp","href":"https:\/\/api.w.org\/{rel}","templated":true}]}}