{"id":45291,"date":"2022-09-24T13:10:51","date_gmt":"2022-09-24T13:10:51","guid":{"rendered":"https:\/\/www.ivh9.si\/Ponudbe\/chess\/?post_type=product&#038;p=45291"},"modified":"2026-04-09T14:49:15","modified_gmt":"2026-04-09T14:49:15","slug":"digitalna-sahovska-ura-dgt-3000","status":"publish","type":"product","link":"https:\/\/chessgamesemporium.com\/es\/shop\/sahovske-ure\/digitalne-ure\/digitalna-sahovska-ura-dgt-3000\/","title":{"rendered":"DGT 3000 reloj de ajedrez digital \u2013 FIDE torneo"},"content":{"rendered":"<p>El reloj de ajedrez DGT 3000 se lanz\u00f3 en octubre de 2014 y es el reloj de ajedrez m\u00e1s avanzado de DGT hasta la fecha. Se conecta a todos los tableros electr\u00f3nicos DGT y cumple totalmente con las reglas y regulaciones de la FIDE.<\/p>\n<p>El reloj de ajedrez DGT 3000 es un reloj digital de alta gama que combina tecnolog\u00eda de vanguardia con un dise\u00f1o intuitivo. Este reloj de ajedrez preciso y fiable es extremadamente popular entre los aficionados y jugadores de ajedrez de todo el mundo.<\/p>\n<p>Con funciones especialmente dise\u00f1adas, como controles de tiempo ajustables, recordatorios y retardos, el DGT 3000 permite una experiencia de juego flexible y personalizada. Est\u00e1 dise\u00f1ado para satisfacer las necesidades tanto de principiantes como de jugadores de ajedrez experimentados, ofreciendo un manejo sencillo y una pantalla clara y legible.<\/p>\n<p>La tecnolog\u00eda digital permite una medici\u00f3n precisa del tiempo, un aspecto crucial del ajedrez. El DGT 3000 cuenta con botones intuitivos para ajustar f\u00e1cilmente la hora y los retrasos. Adem\u00e1s, su dise\u00f1o moderno se integra a la perfecci\u00f3n con cualquier juego de ajedrez.<\/p>\n<p>Asimismo, el DGT 3000 permite almacenar diferentes configuraciones de tiempo, lo que resulta sumamente pr\u00e1ctico para sesiones de entrenamiento o torneos con distintos controles de tiempo. Todas estas caracter\u00edsticas convierten al reloj de ajedrez DGT 3000 en una herramienta indispensable para los jugadores de ajedrez m\u00e1s exigentes.<\/p>\n<p>Su fiabilidad, facilidad de uso y dise\u00f1o contempor\u00e1neo sit\u00faan al reloj de ajedrez DGT 3000 a la vanguardia de los relojes digitales para ajedrez del mercado. Tanto si eres principiante como si eres un jugador experimentado, el DGT 3000 cumplir\u00e1 con tus expectativas de un reloj de ajedrez fiable y avanzado.<\/p>\n<p>Las ventajas incluyen:<br \/>\n- Pantalla mucho m\u00e1s grande con m\u00e1s informaci\u00f3n<br \/>\n- El DGT3000 se conecta a todos los tableros de ajedrez electr\u00f3nicos DGT y cuenta con numerosas funciones nuevas y mejoradas<br \/>\n- Los segundos se muestran desde el inicio<br \/>\n- 25 opciones de cronometraje preprogramadas<br \/>\n- 5 ranuras para ajustes personalizados<br \/>\n- El manual est\u00e1 disponible en 6 idiomas: ingl\u00e9s, franc\u00e9s, espa\u00f1ol, neerland\u00e9s, alem\u00e1n y ruso.<\/p>","protected":false},"excerpt":{"rendered":"<p>El DGT 3000 es un reloj de ajedrez digital aprobado por la FIDE para torneos. Cuenta con una pantalla grande, 25 sistemas de tiempo y soporte para incremento y delay. Ideal para jugadores serios y clubes.<\/p>","protected":false},"featured_media":47735,"comment_status":"closed","ping_status":"closed","template":"","meta":{"_seopress_robots_primary_cat":"none","_seopress_titles_title":"","_seopress_titles_desc":"","_seopress_robots_index":""},"product_brand":[],"product_cat":[520,513],"product_tag":[],"class_list":{"0":"post-45291","1":"product","2":"type-product","3":"status-publish","4":"has-post-thumbnail","6":"product_cat-digitalne-ure","7":"product_cat-sahovske-ure","9":"entry","10":"has-media","12":"first","13":"instock","14":"sale","15":"taxable","16":"shipping-taxable","17":"purchasable","18":"product-type-simple","19":"has-product-nav","20":"col","21":"span_1_of_4","22":"owp-content-center","23":"item-entry","24":"owp-thumbs-layout-horizontal","25":"owp-btn-normal","26":"owp-tabs-layout-section"},"wcpa_form_fields":null,"_links":{"self":[{"href":"https:\/\/chessgamesemporium.com\/es\/wp-json\/wp\/v2\/product\/45291","targetHints":{"allow":["GET"]}}],"collection":[{"href":"https:\/\/chessgamesemporium.com\/es\/wp-json\/wp\/v2\/product"}],"about":[{"href":"https:\/\/chessgamesemporium.com\/es\/wp-json\/wp\/v2\/types\/product"}],"replies":[{"embeddable":true,"href":"https:\/\/chessgamesemporium.com\/es\/wp-json\/wp\/v2\/comments?post=45291"}],"version-history":[{"count":0,"href":"https:\/\/chessgamesemporium.com\/es\/wp-json\/wp\/v2\/product\/45291\/revisions"}],"wp:featuredmedia":[{"embeddable":true,"href":"https:\/\/chessgamesemporium.com\/es\/wp-json\/wp\/v2\/media\/47735"}],"wp:attachment":[{"href":"https:\/\/chessgamesemporium.com\/es\/wp-json\/wp\/v2\/media?parent=45291"}],"wp:term":[{"taxonomy":"product_brand","embeddable":true,"href":"https:\/\/chessgamesemporium.com\/es\/wp-json\/wp\/v2\/product_brand?post=45291"},{"taxonomy":"product_cat","embeddable":true,"href":"https:\/\/chessgamesemporium.com\/es\/wp-json\/wp\/v2\/product_cat?post=45291"},{"taxonomy":"product_tag","embeddable":true,"href":"https:\/\/chessgamesemporium.com\/es\/wp-json\/wp\/v2\/product_tag?post=45291"}],"curies":[{"name":"wp","href":"https:\/\/api.w.org\/{rel}","templated":true}]}}