{"id":45973,"date":"2022-10-13T10:57:16","date_gmt":"2022-10-13T10:57:16","guid":{"rendered":"https:\/\/www.ivh44.si\/Ponudbe\/chess\/?post_type=product&#038;p=45973"},"modified":"2026-05-02T21:24:58","modified_gmt":"2026-05-02T21:24:58","slug":"plasticne-sahovske-figure-vikingi","status":"publish","type":"product","link":"https:\/\/chessgamesemporium.com\/es\/shop\/sahovske-figure\/plasticne-figure\/plasticne-sahovske-figure-vikingi\/","title":{"rendered":"Piezas de ajedrez de pl\u00e1stico VIKINGOS"},"content":{"rendered":"<div class=\"cge-desc-tabs\" data-cge-tabs=\"\">\n<div class=\"cge-desc-tab-buttons\">\n<button class=\"active\" type=\"button\" data-tab=\"opis\">Descripci\u00f3n<\/button><br \/>\n<button type=\"button\" data-tab=\"specifikacije\">Especificaciones:<\/button><br \/>\n<button type=\"button\" data-tab=\"primernost\">Adecuado para<\/button>\n<\/div>\n<p><!-- OPIS --><\/p>\n<div class=\"cge-desc-tab-panel active\" data-panel=\"opis\">\n<p>El juego de ajedrez Vikingos combina funcionalidad y dise\u00f1o art\u00edstico. Las piezas est\u00e1n inspiradas en motivos de la mitolog\u00eda n\u00f3rdica y dise\u00f1adas al estilo de la cultura vikinga. Su aspecto \u00fanico crea una experiencia de ajedrez divertida y con un toque hist\u00f3rico.<\/p>\n<p>Las piezas de ajedrez Viking ofrecen una experiencia completamente diferente al combinar el juego con la tem\u00e1tica de los guerreros n\u00f3rdicos. Gracias a su dise\u00f1o \u00fanico y distintivo, son ideales para quienes buscan algo diferente a las cl\u00e1sicas piezas Staunton sin perder funcionalidad. Son una opci\u00f3n popular para colecciones tem\u00e1ticas, regalos o ajedrez decorativo que destaca en cualquier espacio.<\/p>\n<p class=\"cge-warning\">\u00a1Advertencia! \u00a1No apto para ni\u00f1os menores de 3 a\u00f1os debido a las piezas peque\u00f1as! Peligro de asfixia.<\/p>\n<\/div>\n<p><!-- SPECIFIKACIJE --><\/p>\n<div class=\"cge-desc-tab-panel\" data-panel=\"specifikacije\">\n<div class=\"cge-spec-list\">\n<div><b>Base:<\/b> con fieltro<\/div>\n<div><b>Con peso<\/b> No<\/div>\n<div><b>Material:<\/b> Pl\u00e1stico<\/div>\n<div><b>Color:<\/b> Crema y negro<\/div>\n<div><b>Adecuadas para tablero:<\/b> Tama\u00f1o de casilla aprox. 45 mm a 55 mm<\/div>\n<\/div>\n<p class=\"cge-spec-heading\">Dimensiones: (altura | ancho de la base)<\/p>\n<div class=\"cge-dimensions\">\n<div><b>Rey:<\/b> 9,5 cm | 2,9 cm<\/div>\n<div><b>Reina:<\/b> 8,9 cm | 2,9 cm<\/div>\n<div><b>Torre:<\/b> 6,7 cm | 2,9 cm<\/div>\n<div><b>Alfil:<\/b> 7,8 cm | 2,9 cm<\/div>\n<div><b>Caballo:<\/b> 7,5 cm | 2,9 cm<\/div>\n<div><b>Pe\u00f3n:<\/b> 5,8 cm | 2,4 cm<\/div>\n<\/div>\n<\/div>\n<p><!-- PRIMERNOST --><\/p>\n<div class=\"cge-desc-tab-panel\" data-panel=\"primernost\">\n<div class=\"cge-check-list\">\n<div>\u2713 Aficionados a la historia y la tem\u00e1tica n\u00f3rdica<\/div>\n<div>\u2713 Coleccionistas<\/div>\n<div>\u2713 Dise\u00f1o \u00fanico<\/div>\n<div>\u2713 uso dom\u00e9stico<\/div>\n<div>\u2713 Experiencia de ajedrez l\u00fadica<\/div>\n<\/div>\n<\/div>\n<\/div>","protected":false},"excerpt":{"rendered":"<p>Opis Specifikacije Primernost Komplet \u0161ahovskih figur Vikingi zdru\u017euje uporabno funkcionalnost z umetni\u0161kim oblikovanjem. Figure so navdihnjene z motivi iz nordijske mitologije ter oblikovane v prepoznavnem slogu vikin\u0161ke kulture. Njihova unikatna podoba ustvarja igrivo, a hkrati zgodovinsko obarvano \u0161ahovsko izku\u0161njo. Viking \u0161ahovske figure prina\u0161ajo popolnoma druga\u010dno \u0161ahovsko izku\u0161njo, saj zdru\u017eujejo igro in tematiko nordijskih bojevnikov. Zaradi [&hellip;]<\/p>","protected":false},"featured_media":48244,"comment_status":"closed","ping_status":"closed","template":"","meta":{"_seopress_robots_primary_cat":"none","_seopress_titles_title":"Plasti\u010dne \u0161ahovske figure Vikingi \u2013 tematske figure | \u0160ahovska trgovina Muba","_seopress_titles_desc":"Tematske plasti\u010dne \u0161ahovske figure Vikingi z unikatnim dizajnom. Odli\u010dna izbira za dekoracijo, zbiratelje ali igranje \u0161aha doma in kot darilo.","_seopress_robots_index":""},"product_brand":[],"product_cat":[521,511],"product_tag":[595],"class_list":{"0":"post-45973","1":"product","2":"type-product","3":"status-publish","4":"has-post-thumbnail","6":"product_cat-plasticne-figure","7":"product_cat-sahovske-figure","8":"product_tag-95mm","10":"entry","11":"has-media","13":"first","14":"instock","15":"taxable","16":"shipping-taxable","17":"purchasable","18":"product-type-simple","19":"has-product-nav","20":"col","21":"span_1_of_4","22":"owp-content-center","23":"item-entry","24":"owp-thumbs-layout-horizontal","25":"owp-btn-normal","26":"owp-tabs-layout-section"},"wcpa_form_fields":null,"_links":{"self":[{"href":"https:\/\/chessgamesemporium.com\/es\/wp-json\/wp\/v2\/product\/45973","targetHints":{"allow":["GET"]}}],"collection":[{"href":"https:\/\/chessgamesemporium.com\/es\/wp-json\/wp\/v2\/product"}],"about":[{"href":"https:\/\/chessgamesemporium.com\/es\/wp-json\/wp\/v2\/types\/product"}],"replies":[{"embeddable":true,"href":"https:\/\/chessgamesemporium.com\/es\/wp-json\/wp\/v2\/comments?post=45973"}],"version-history":[{"count":5,"href":"https:\/\/chessgamesemporium.com\/es\/wp-json\/wp\/v2\/product\/45973\/revisions"}],"predecessor-version":[{"id":64404,"href":"https:\/\/chessgamesemporium.com\/es\/wp-json\/wp\/v2\/product\/45973\/revisions\/64404"}],"wp:featuredmedia":[{"embeddable":true,"href":"https:\/\/chessgamesemporium.com\/es\/wp-json\/wp\/v2\/media\/48244"}],"wp:attachment":[{"href":"https:\/\/chessgamesemporium.com\/es\/wp-json\/wp\/v2\/media?parent=45973"}],"wp:term":[{"taxonomy":"product_brand","embeddable":true,"href":"https:\/\/chessgamesemporium.com\/es\/wp-json\/wp\/v2\/product_brand?post=45973"},{"taxonomy":"product_cat","embeddable":true,"href":"https:\/\/chessgamesemporium.com\/es\/wp-json\/wp\/v2\/product_cat?post=45973"},{"taxonomy":"product_tag","embeddable":true,"href":"https:\/\/chessgamesemporium.com\/es\/wp-json\/wp\/v2\/product_tag?post=45973"}],"curies":[{"name":"wp","href":"https:\/\/api.w.org\/{rel}","templated":true}]}}