{"id":45981,"date":"2022-10-13T10:59:53","date_gmt":"2022-10-13T10:59:53","guid":{"rendered":"https:\/\/www.ivh44.si\/Ponudbe\/chess\/?post_type=product&#038;p=45981"},"modified":"2025-08-06T09:40:39","modified_gmt":"2025-08-06T09:40:39","slug":"plasticne-sahovske-figure-roman-cream","status":"publish","type":"product","link":"https:\/\/chessgamesemporium.com\/es\/shop\/sahovske-figure\/plasticne-figure\/plasticne-sahovske-figure-roman-cream\/","title":{"rendered":"Piezas de ajedrez de pl\u00e1stico ROMAN CREAM"},"content":{"rendered":"<p>Base: Fieltro<br \/>\nMaterial: Pl\u00e1stico<br \/>\nColor: crema \/ negro<\/p>\n<p>Dimensiones: (altura | ancho de la base)<br \/>\nRey: 9,5 cm | 3,0 cm<br \/>\nReina: 9,3 cm | 3,0 cm<br \/>\nTorre: 6,9 cm | 3,0 cm<br \/>\nAlfil: 8,2 cm | 3,0, cm<br \/>\nCaballo: 7,5 cm | 3,0 cm<br \/>\nPe\u00f3n 6,2 cm | 2,3 cm<\/p>\n<p>El juego de ajedrez color crema romano incluye piezas tem\u00e1ticas inspiradas en motivos de la Antigua Roma. Cada pieza est\u00e1 detallada, creando una impresi\u00f3n hist\u00f3rica especial. Gracias a su atractivo dise\u00f1o, son una excelente opci\u00f3n para quienes buscan un juego de ajedrez est\u00e9tico.<\/p>\n<p>Si bien las piezas son funcionales y tienen un tama\u00f1o adecuado para jugar, su principal atractivo reside sin duda en su est\u00e9tica, lo que las convierte en una opci\u00f3n popular como regalo, para ocasiones especiales o como objeto de colecci\u00f3n.<\/p>\n<p>Ideal para:<\/p>\n<p>aficionados a la tem\u00e1tica hist\u00f3rica,<\/p>\n<p>regalos y ocasiones especiales,<\/p>\n<p>jugar en un ambiente relajado donde la est\u00e9tica prima sobre la practicidad.<\/p>\n<p>\u00a1Advertencia! \u00a1No apto para ni\u00f1os menores de 3 a\u00f1os debido a las piezas peque\u00f1as! Peligro de asfixia.<\/p>","protected":false},"excerpt":{"rendered":"<p>Podlaga: Podlo\u017eene s filcem Material: Plastika Barva: kremna in \u010drna Dimenzije: (vi\u0161ina figure | premer podlage) Kralj: 9,5 cm | 3,0 cm Dama: 9,3 cm | 3,0 cm Top: 6,9 cm | 3,0 cm Lovec: 8,2 cm | 3,0, cm Skaka\u010d: 7,5 cm | 3,0 cm Kmet: 6,2 cm | 2,3 cm Komplet Roman Cream [&hellip;]<\/p>","protected":false},"featured_media":48242,"comment_status":"closed","ping_status":"closed","template":"","meta":{"_seopress_robots_primary_cat":"none","_seopress_titles_title":"","_seopress_titles_desc":"","_seopress_robots_index":""},"product_brand":[],"product_cat":[521,511],"product_tag":[595],"class_list":{"0":"post-45981","1":"product","2":"type-product","3":"status-publish","4":"has-post-thumbnail","6":"product_cat-plasticne-figure","7":"product_cat-sahovske-figure","8":"product_tag-95mm","10":"entry","11":"has-media","13":"first","14":"instock","15":"taxable","16":"shipping-taxable","17":"purchasable","18":"product-type-simple","19":"has-product-nav","20":"col","21":"span_1_of_4","22":"owp-content-center","23":"item-entry","24":"owp-thumbs-layout-horizontal","25":"owp-btn-normal","26":"owp-tabs-layout-section"},"wcpa_form_fields":null,"_links":{"self":[{"href":"https:\/\/chessgamesemporium.com\/es\/wp-json\/wp\/v2\/product\/45981","targetHints":{"allow":["GET"]}}],"collection":[{"href":"https:\/\/chessgamesemporium.com\/es\/wp-json\/wp\/v2\/product"}],"about":[{"href":"https:\/\/chessgamesemporium.com\/es\/wp-json\/wp\/v2\/types\/product"}],"replies":[{"embeddable":true,"href":"https:\/\/chessgamesemporium.com\/es\/wp-json\/wp\/v2\/comments?post=45981"}],"version-history":[{"count":0,"href":"https:\/\/chessgamesemporium.com\/es\/wp-json\/wp\/v2\/product\/45981\/revisions"}],"wp:featuredmedia":[{"embeddable":true,"href":"https:\/\/chessgamesemporium.com\/es\/wp-json\/wp\/v2\/media\/48242"}],"wp:attachment":[{"href":"https:\/\/chessgamesemporium.com\/es\/wp-json\/wp\/v2\/media?parent=45981"}],"wp:term":[{"taxonomy":"product_brand","embeddable":true,"href":"https:\/\/chessgamesemporium.com\/es\/wp-json\/wp\/v2\/product_brand?post=45981"},{"taxonomy":"product_cat","embeddable":true,"href":"https:\/\/chessgamesemporium.com\/es\/wp-json\/wp\/v2\/product_cat?post=45981"},{"taxonomy":"product_tag","embeddable":true,"href":"https:\/\/chessgamesemporium.com\/es\/wp-json\/wp\/v2\/product_tag?post=45981"}],"curies":[{"name":"wp","href":"https:\/\/api.w.org\/{rel}","templated":true}]}}