{"id":45988,"date":"2022-10-13T11:03:17","date_gmt":"2022-10-13T11:03:17","guid":{"rendered":"https:\/\/www.ivh44.si\/Ponudbe\/chess\/?post_type=product&#038;p=45988"},"modified":"2026-04-30T12:20:09","modified_gmt":"2026-04-30T12:20:09","slug":"plasticne-sahovske-figure-amber-transparent","status":"publish","type":"product","link":"https:\/\/chessgamesemporium.com\/es\/shop\/sahovske-figure\/plasticne-figure\/plasticne-sahovske-figure-amber-transparent\/","title":{"rendered":"Piezas de ajedrez de pl\u00e1stico transparente \u00e1mbar"},"content":{"rendered":"<div class=\"cge-desc-tabs\" data-cge-tabs=\"\">\n<div class=\"cge-desc-tab-buttons\"><button class=\"active\" type=\"button\" data-tab=\"opis\">Descripci\u00f3n<\/button><br \/>\n<button type=\"button\" data-tab=\"specifikacije\">Especificaciones:<\/button><br \/>\n<button type=\"button\" data-tab=\"primernost\">Adecuado para<\/button><\/div>\n<p><!-- OPIS --><\/p>\n<div class=\"cge-desc-tab-panel active\" data-panel=\"opis\">\n<p>Las elegantes piezas de ajedrez transparentes \u00e1mbar combinan practicidad y una est\u00e9tica atractiva. Gracias a su pl\u00e1stico transparente con efecto \u00e1mbar, son llamativas, asequibles y funcionales.<\/p>\n<p>Este juego est\u00e1 pensado para quienes buscan algo diferente sin gastar mucho, manteniendo las dimensiones est\u00e1ndar.<\/p>\n<p class=\"cge-warning\">\u00a1Advertencia! \u00a1No apto para ni\u00f1os menores de 3 a\u00f1os debido a las piezas peque\u00f1as! Peligro de asfixia.<\/p>\n<\/div>\n<p><!-- SPECIFIKACIJE --><\/p>\n<div class=\"cge-desc-tab-panel\" data-panel=\"specifikacije\">\n<div class=\"cge-spec-list\">\n<div><b>Base:<\/b> con fieltro<\/div>\n<div><b>Con peso<\/b> No<\/div>\n<div><b>Material:<\/b> Pl\u00e1stico<\/div>\n<div><b>Color:<\/b> Transparente y \u00e1mbar<\/div>\n<div><b>Adecuadas para tablero:<\/b> Polje pribli\u017eno 50 mm do 58 mm<\/div>\n<\/div>\n<p class=\"cge-spec-heading\">Dimensiones: (altura | ancho de la base)<\/p>\n<div class=\"cge-dimensions\">\n<div><b>Rey:<\/b> 9,5 cm | 3,6 cm<\/div>\n<div><b>Reina:<\/b> 8,5 cm | 3,6 cm<\/div>\n<div><b>Torre:<\/b> 5,6 cm | 3,5 cm<\/div>\n<div><b>Alfil:<\/b> 7,1 cm | 3,0 cm<\/div>\n<div><b>Caballo:<\/b> 6,6 cm | 3,0 cm<\/div>\n<div><b>Pe\u00f3n:<\/b> 5,4 cm | 2,8 cm<\/div>\n<\/div>\n<\/div>\n<p><!-- PRIMERNOST --><\/p>\n<div class=\"cge-desc-tab-panel\" data-panel=\"primernost\">\n<div class=\"cge-check-list\">\n<div>\u2713 principiantes<\/div>\n<div>\u2713 uso dom\u00e9stico<\/div>\n<div>\u2713 uso decorativo<\/div>\n<div>\u2713 regalo para jugadores de ajedrez<\/div>\n<div>\u2713 set de juego asequible<\/div>\n<\/div>\n<\/div>\n<\/div>","protected":false},"excerpt":{"rendered":"<p>Opis Specifikacije Primernost Elegantne plasti\u010dne \u0161ahovske figure Amber Transparent zdru\u017eujejo prakti\u010dnost in estetski videz \u2013 zahvaljujo\u010d prosojni plastiki z jantar-efektom so vizualno privla\u010dne, hkrati pa cenovno dostopne in funkcionalne. Komplet je prilagojen tistim, ki i\u0161\u010dejo nekaj nekoliko druga\u010dnega, ne da bi se odpovedali standardni velikosti in za to ne bi radi pla\u010dali preve\u010d. OPOZORILO! Ni [&hellip;]<\/p>","protected":false},"featured_media":48239,"comment_status":"closed","ping_status":"closed","template":"","meta":{"_seopress_robots_primary_cat":"none","_seopress_titles_title":"Plasti\u010dne \u0161ahovske figure AMBER TRANSPARENT \u2013 prozorne","_seopress_titles_desc":"Prosojne \u0161ahovske figure v barvi jantarja za edinstven vizualni u\u010dinek igre. Lahke in elegantne, primerne za dekoracijo ali igranje doma.","_seopress_robots_index":""},"product_brand":[],"product_cat":[521,511],"product_tag":[595],"class_list":{"0":"post-45988","1":"product","2":"type-product","3":"status-publish","4":"has-post-thumbnail","6":"product_cat-plasticne-figure","7":"product_cat-sahovske-figure","8":"product_tag-95mm","10":"entry","11":"has-media","13":"first","14":"instock","15":"taxable","16":"shipping-taxable","17":"purchasable","18":"product-type-simple","19":"has-product-nav","20":"col","21":"span_1_of_4","22":"owp-content-center","23":"item-entry","24":"owp-thumbs-layout-horizontal","25":"owp-btn-normal","26":"owp-tabs-layout-section"},"wcpa_form_fields":null,"_links":{"self":[{"href":"https:\/\/chessgamesemporium.com\/es\/wp-json\/wp\/v2\/product\/45988","targetHints":{"allow":["GET"]}}],"collection":[{"href":"https:\/\/chessgamesemporium.com\/es\/wp-json\/wp\/v2\/product"}],"about":[{"href":"https:\/\/chessgamesemporium.com\/es\/wp-json\/wp\/v2\/types\/product"}],"replies":[{"embeddable":true,"href":"https:\/\/chessgamesemporium.com\/es\/wp-json\/wp\/v2\/comments?post=45988"}],"version-history":[{"count":0,"href":"https:\/\/chessgamesemporium.com\/es\/wp-json\/wp\/v2\/product\/45988\/revisions"}],"wp:featuredmedia":[{"embeddable":true,"href":"https:\/\/chessgamesemporium.com\/es\/wp-json\/wp\/v2\/media\/48239"}],"wp:attachment":[{"href":"https:\/\/chessgamesemporium.com\/es\/wp-json\/wp\/v2\/media?parent=45988"}],"wp:term":[{"taxonomy":"product_brand","embeddable":true,"href":"https:\/\/chessgamesemporium.com\/es\/wp-json\/wp\/v2\/product_brand?post=45988"},{"taxonomy":"product_cat","embeddable":true,"href":"https:\/\/chessgamesemporium.com\/es\/wp-json\/wp\/v2\/product_cat?post=45988"},{"taxonomy":"product_tag","embeddable":true,"href":"https:\/\/chessgamesemporium.com\/es\/wp-json\/wp\/v2\/product_tag?post=45988"}],"curies":[{"name":"wp","href":"https:\/\/api.w.org\/{rel}","templated":true}]}}