{"id":46017,"date":"2022-10-13T11:20:05","date_gmt":"2022-10-13T11:20:05","guid":{"rendered":"https:\/\/www.ivh44.si\/Ponudbe\/chess\/?post_type=product&#038;p=46017"},"modified":"2025-08-06T09:42:57","modified_gmt":"2025-08-06T09:42:57","slug":"plasticne-sahovske-figure-roman-gold-light","status":"publish","type":"product","link":"https:\/\/chessgamesemporium.com\/es\/shop\/sahovske-figure\/plasticne-figure\/plasticne-sahovske-figure-roman-gold-light\/","title":{"rendered":"Piezas de ajedrez de pl\u00e1stico ROMAN GOLD LIGHT"},"content":{"rendered":"<p>Base: Fieltro<br \/>\nMaterial: Pl\u00e1stico<br \/>\nColor: negro y dorado<\/p>\n<p>Dimensiones: (altura | ancho de la base)<br \/>\nRey: 9,5 cm | 3,0 cm<br \/>\nReina: 9,3 cm | 3,0 cm<br \/>\nTorre: 6,9 cm | 3,0 cm<br \/>\nAlfil: 8,2 cm | 3,0, cm<br \/>\nCaballo: 7,5 cm | 3,0 cm<br \/>\nPe\u00f3n 6,2 cm | 2,3 cm<\/p>\n<p>Las piezas de ajedrez Roman Gold Light presentan un detallado dise\u00f1o tem\u00e1tico inspirado en la antigua Roma. Si bien este juego es decorativo, las piezas son de tama\u00f1o reglamentario para torneos y est\u00e1n recubiertas de fieltro para facilitar el juego. Su principal atractivo es visual, pero tambi\u00e9n funcional.<\/p>\n<p>Ideal para:<\/p>\n<p>coleccionistas y aficionados a la historia<\/p>\n<p>regalos o piezas decorativas<\/p>\n<p>partidas relajadas en un ambiente est\u00e9tico<\/p>\n<p>\u00a1Advertencia! \u00a1No apto para ni\u00f1os menores de 3 a\u00f1os debido a las piezas peque\u00f1as! Peligro de asfixia.<\/p>","protected":false},"excerpt":{"rendered":"<p>Podlaga: Podlo\u017eene s filcem Material: Plastika Barva: zlata in \u010drna Dimenzije: (vi\u0161ina figure | premer podlage) Kralj: 9,5 cm | 3,0 cm Dama: 9,3 cm | 3,0 cm Top: 6,9 cm | 3,0 cm Lovec: 8,2 cm | 3,0, cm Skaka\u010d: 7,5 cm | 3,0 cm Kmet: 6,2 cm | 2,3 cm \u0160ahovske figure Roman [&hellip;]<\/p>","protected":false},"featured_media":48233,"comment_status":"closed","ping_status":"closed","template":"","meta":{"_seopress_robots_primary_cat":"none","_seopress_titles_title":"","_seopress_titles_desc":"","_seopress_robots_index":""},"product_brand":[],"product_cat":[521,511],"product_tag":[595],"class_list":{"0":"post-46017","1":"product","2":"type-product","3":"status-publish","4":"has-post-thumbnail","6":"product_cat-plasticne-figure","7":"product_cat-sahovske-figure","8":"product_tag-95mm","10":"entry","11":"has-media","13":"first","14":"instock","15":"taxable","16":"shipping-taxable","17":"purchasable","18":"product-type-simple","19":"has-product-nav","20":"col","21":"span_1_of_4","22":"owp-content-center","23":"item-entry","24":"owp-thumbs-layout-horizontal","25":"owp-btn-normal","26":"owp-tabs-layout-section"},"wcpa_form_fields":null,"_links":{"self":[{"href":"https:\/\/chessgamesemporium.com\/es\/wp-json\/wp\/v2\/product\/46017","targetHints":{"allow":["GET"]}}],"collection":[{"href":"https:\/\/chessgamesemporium.com\/es\/wp-json\/wp\/v2\/product"}],"about":[{"href":"https:\/\/chessgamesemporium.com\/es\/wp-json\/wp\/v2\/types\/product"}],"replies":[{"embeddable":true,"href":"https:\/\/chessgamesemporium.com\/es\/wp-json\/wp\/v2\/comments?post=46017"}],"version-history":[{"count":0,"href":"https:\/\/chessgamesemporium.com\/es\/wp-json\/wp\/v2\/product\/46017\/revisions"}],"wp:featuredmedia":[{"embeddable":true,"href":"https:\/\/chessgamesemporium.com\/es\/wp-json\/wp\/v2\/media\/48233"}],"wp:attachment":[{"href":"https:\/\/chessgamesemporium.com\/es\/wp-json\/wp\/v2\/media?parent=46017"}],"wp:term":[{"taxonomy":"product_brand","embeddable":true,"href":"https:\/\/chessgamesemporium.com\/es\/wp-json\/wp\/v2\/product_brand?post=46017"},{"taxonomy":"product_cat","embeddable":true,"href":"https:\/\/chessgamesemporium.com\/es\/wp-json\/wp\/v2\/product_cat?post=46017"},{"taxonomy":"product_tag","embeddable":true,"href":"https:\/\/chessgamesemporium.com\/es\/wp-json\/wp\/v2\/product_tag?post=46017"}],"curies":[{"name":"wp","href":"https:\/\/api.w.org\/{rel}","templated":true}]}}