{"id":46024,"date":"2022-10-13T12:38:54","date_gmt":"2022-10-13T12:38:54","guid":{"rendered":"https:\/\/www.ivh44.si\/Ponudbe\/chess\/?post_type=product&#038;p=46024"},"modified":"2026-01-26T12:03:01","modified_gmt":"2026-01-26T12:03:01","slug":"lesena-sahovnica-luxury-4","status":"publish","type":"product","link":"https:\/\/chessgamesemporium.com\/es\/shop\/sahovnice\/ekskluzivne-sahovnice\/lesena-sahovnica-luxury-4\/","title":{"rendered":"Tablero de ajedrez de madera LUXURY 4"},"content":{"rendered":"<p>Tablero de ajedrez de madera de lujo<\/p>\n<p>Este tablero no est\u00e1 pintado, lo que permite apreciar los colores naturales de la madera.<br \/>\nEl tablero est\u00e1 barnizado para realzar su brillo y proteger la madera.<\/p>\n<p>Dimensiones de las casillas: 45 x 45 mm<br \/>\nTama\u00f1o del tablero: 48 \u00d7 48 \u00d7 5 cm<\/p>","protected":false},"excerpt":{"rendered":"<p>Luksuzna lesena \u0161ahovnica \u0160ahovnica ni barvana, vse barve so naravne barve lesa. \u0160ahovnica je le lakirana za za\u0161\u010dito in dodatni lesk. Dimenzije polja: 45 mm Dimenzije \u0161ahovnice: 48 x 48 x 5 cm<\/p>","protected":false},"featured_media":51989,"comment_status":"closed","ping_status":"closed","template":"","meta":{"_seopress_robots_primary_cat":"none","_seopress_titles_title":"","_seopress_titles_desc":"","_seopress_robots_index":""},"product_brand":[],"product_cat":[525,514],"product_tag":[591],"class_list":{"0":"post-46024","1":"product","2":"type-product","3":"status-publish","4":"has-post-thumbnail","6":"product_cat-ekskluzivne-sahovnice","7":"product_cat-sahovnice","8":"product_tag-45mm","10":"entry","11":"has-media","13":"first","14":"instock","15":"taxable","16":"shipping-taxable","17":"purchasable","18":"product-type-variable","19":"has-product-nav","20":"col","21":"span_1_of_4","22":"owp-content-center","23":"item-entry","24":"owp-thumbs-layout-horizontal","25":"owp-btn-normal","26":"owp-tabs-layout-section","27":"has-no-thumbnails"},"wcpa_form_fields":null,"_links":{"self":[{"href":"https:\/\/chessgamesemporium.com\/es\/wp-json\/wp\/v2\/product\/46024","targetHints":{"allow":["GET"]}}],"collection":[{"href":"https:\/\/chessgamesemporium.com\/es\/wp-json\/wp\/v2\/product"}],"about":[{"href":"https:\/\/chessgamesemporium.com\/es\/wp-json\/wp\/v2\/types\/product"}],"replies":[{"embeddable":true,"href":"https:\/\/chessgamesemporium.com\/es\/wp-json\/wp\/v2\/comments?post=46024"}],"version-history":[{"count":0,"href":"https:\/\/chessgamesemporium.com\/es\/wp-json\/wp\/v2\/product\/46024\/revisions"}],"wp:featuredmedia":[{"embeddable":true,"href":"https:\/\/chessgamesemporium.com\/es\/wp-json\/wp\/v2\/media\/51989"}],"wp:attachment":[{"href":"https:\/\/chessgamesemporium.com\/es\/wp-json\/wp\/v2\/media?parent=46024"}],"wp:term":[{"taxonomy":"product_brand","embeddable":true,"href":"https:\/\/chessgamesemporium.com\/es\/wp-json\/wp\/v2\/product_brand?post=46024"},{"taxonomy":"product_cat","embeddable":true,"href":"https:\/\/chessgamesemporium.com\/es\/wp-json\/wp\/v2\/product_cat?post=46024"},{"taxonomy":"product_tag","embeddable":true,"href":"https:\/\/chessgamesemporium.com\/es\/wp-json\/wp\/v2\/product_tag?post=46024"}],"curies":[{"name":"wp","href":"https:\/\/api.w.org\/{rel}","templated":true}]}}