{"id":46090,"date":"2022-10-19T12:55:32","date_gmt":"2022-10-19T12:55:32","guid":{"rendered":"https:\/\/www.ivh44.si\/Ponudbe\/chess\/?post_type=product&#038;p=46090"},"modified":"2023-11-06T13:29:57","modified_gmt":"2023-11-06T13:29:57","slug":"sahovska-garnitura-piknik-junior","status":"publish","type":"product","link":"https:\/\/chessgamesemporium.com\/es\/shop\/juegos-de-jardin\/vrtni-sahi\/sahovska-garnitura-piknik-junior\/","title":{"rendered":"Juego de ajedrez infantil para jard\u00edn"},"content":{"rendered":"<p><span style=\"font-size: medium;\">Este juego de ajedrez infantil para jard\u00edn incluye piezas de pl\u00e1stico y un tablero. Todo viene en una pr\u00e1ctica bolsa de transporte. Tambi\u00e9n incluye listones de pl\u00e1stico para fijar el tablero.<\/p>\n<p>Piezas de ajedrez:<\/p>\n<p><\/span><span style=\"font-size: medium;\"><b>Dimensiones: (altura | ancho de la base)<\/b><br \/>\nRey: 27 cm | 10 cm<br \/>\nReina: 23 cm | 10 cm<br \/>\nTorre: 16 cm | 9 cm<br \/>\nAlfil: 22 cm | 9 cm<br \/>\nCaballo: 20 cm | 9 cm<br \/>\nPe\u00f3n: 14 cm | 8 cm<\/p>\n<p>Tablero enrollable de material sint\u00e9tico.<br \/>\nTama\u00f1o del tablero: 158 x 158 cm<\/span><\/p>","protected":false},"excerpt":{"rendered":"<p>\u0160ahovska garnitura Piknik Junior je vse kar potrebujete za igro \u0161aha na prostem. Lepe plasti\u010dne figure in prakti\u010dna \u0161ahovnica so spravljeni v prakti\u010dni torbi z ro\u010daji. Poleg tega so garnituri dodani plasti\u010dni pritrjevalci \u0161ahovnice. Figure: Dimenzije: (vi\u0161ina | premer podlage) Kralj: 27 cm | 10 cm Dama: 23 cm | 10 cm Top: 16 cm [&hellip;]<\/p>","protected":false},"featured_media":46095,"comment_status":"closed","ping_status":"closed","template":"","meta":{"_seopress_robots_primary_cat":"none","_seopress_titles_title":"","_seopress_titles_desc":"","_seopress_robots_index":""},"product_brand":[],"product_cat":[538,539],"product_tag":[],"class_list":{"0":"post-46090","1":"product","2":"type-product","3":"status-publish","4":"has-post-thumbnail","6":"product_cat-vrtne-igre","7":"product_cat-vrtni-sahi","9":"entry","10":"has-media","12":"first","13":"instock","14":"taxable","15":"shipping-taxable","16":"purchasable","17":"product-type-simple","18":"has-product-nav","19":"col","20":"span_1_of_4","21":"owp-content-center","22":"item-entry","23":"owp-thumbs-layout-horizontal","24":"owp-btn-normal","25":"owp-tabs-layout-section"},"wcpa_form_fields":null,"_links":{"self":[{"href":"https:\/\/chessgamesemporium.com\/es\/wp-json\/wp\/v2\/product\/46090","targetHints":{"allow":["GET"]}}],"collection":[{"href":"https:\/\/chessgamesemporium.com\/es\/wp-json\/wp\/v2\/product"}],"about":[{"href":"https:\/\/chessgamesemporium.com\/es\/wp-json\/wp\/v2\/types\/product"}],"replies":[{"embeddable":true,"href":"https:\/\/chessgamesemporium.com\/es\/wp-json\/wp\/v2\/comments?post=46090"}],"version-history":[{"count":0,"href":"https:\/\/chessgamesemporium.com\/es\/wp-json\/wp\/v2\/product\/46090\/revisions"}],"wp:featuredmedia":[{"embeddable":true,"href":"https:\/\/chessgamesemporium.com\/es\/wp-json\/wp\/v2\/media\/46095"}],"wp:attachment":[{"href":"https:\/\/chessgamesemporium.com\/es\/wp-json\/wp\/v2\/media?parent=46090"}],"wp:term":[{"taxonomy":"product_brand","embeddable":true,"href":"https:\/\/chessgamesemporium.com\/es\/wp-json\/wp\/v2\/product_brand?post=46090"},{"taxonomy":"product_cat","embeddable":true,"href":"https:\/\/chessgamesemporium.com\/es\/wp-json\/wp\/v2\/product_cat?post=46090"},{"taxonomy":"product_tag","embeddable":true,"href":"https:\/\/chessgamesemporium.com\/es\/wp-json\/wp\/v2\/product_tag?post=46090"}],"curies":[{"name":"wp","href":"https:\/\/api.w.org\/{rel}","templated":true}]}}