{"id":46168,"date":"2022-10-20T12:38:29","date_gmt":"2022-10-20T12:38:29","guid":{"rendered":"https:\/\/www.ivh44.si\/Ponudbe\/chess\/?post_type=product&#038;p=46168"},"modified":"2025-09-05T09:23:16","modified_gmt":"2025-09-05T09:23:16","slug":"vrtni-4-v-vrsto","status":"publish","type":"product","link":"https:\/\/chessgamesemporium.com\/es\/shop\/juegos-de-jardin\/vrtne-igre-vrtne-igre\/vrtni-4-v-vrsto\/","title":{"rendered":"Cuatro en raya en el jard\u00edn"},"content":{"rendered":"<p>Cuatro en raya en el jard\u00edn<\/p>\n<p>Cuatro en raya en el jard\u00edn es una versi\u00f3n del cl\u00e1sico juego, adaptada para jugar al aire libre. Tambi\u00e9n se puede jugar en espacios interiores amplios.<\/p>\n<p>El juego incluye un tablero grande con 7 columnas y 6 filas, as\u00ed como fichas de pl\u00e1stico de dos colores. El objetivo es colocar las fichas en las columnas de forma que formen una fila de cuatro fichas del mismo color, ya sea horizontal, vertical o diagonalmente. Gana el primer jugador que consiga formar una fila de cuatro fichas.<\/p>\n<p>Cuatro en raya en el jard\u00edn es una excelente opci\u00f3n para divertirse al aire libre con amigos y familiares. El juego fomenta el pensamiento estrat\u00e9gico y la planificaci\u00f3n, y es divertido y desafiante para todas las edades. Gracias a su robusta construcci\u00f3n, es apto para uso exterior y proporciona horas de diversi\u00f3n bajo el sol.<\/p>\n<p>Dimensiones (largo x ancho x alto):<br \/>\n120 x 45 x 115 cm<\/p>","protected":false},"excerpt":{"rendered":"<p>Vrtni 4 v vrsto &#8220;Vrtni 4 v vrsto&#8221; je razli\u010dica priljubljene dru\u017eabna igre, prilagojena igranju na prostem, lahko pa se igra tudi v notranjih prostorih, \u010de je na voljo dovolj prostora. Igra vklju\u010duje veliko igralno plo\u0161\u010do z mre\u017eo, ki ima 7 stolpcev in 6 vrstic, ter plasti\u010dne \u017eetone v dveh barvah. Cilj igre je postaviti [&hellip;]<\/p>","protected":false},"featured_media":46170,"comment_status":"closed","ping_status":"closed","template":"","meta":{"_seopress_robots_primary_cat":"none","_seopress_titles_title":"","_seopress_titles_desc":"","_seopress_robots_index":""},"product_brand":[],"product_cat":[538,546],"product_tag":[],"class_list":{"0":"post-46168","1":"product","2":"type-product","3":"status-publish","4":"has-post-thumbnail","6":"product_cat-vrtne-igre","7":"product_cat-vrtne-igre-vrtne-igre","9":"entry","10":"has-media","12":"first","13":"onbackorder","14":"taxable","15":"shipping-taxable","16":"purchasable","17":"product-type-simple","18":"has-product-nav","19":"col","20":"span_1_of_4","21":"owp-content-center","22":"item-entry","23":"owp-thumbs-layout-horizontal","24":"owp-btn-normal","25":"owp-tabs-layout-section","26":"has-no-thumbnails"},"wcpa_form_fields":null,"_links":{"self":[{"href":"https:\/\/chessgamesemporium.com\/es\/wp-json\/wp\/v2\/product\/46168","targetHints":{"allow":["GET"]}}],"collection":[{"href":"https:\/\/chessgamesemporium.com\/es\/wp-json\/wp\/v2\/product"}],"about":[{"href":"https:\/\/chessgamesemporium.com\/es\/wp-json\/wp\/v2\/types\/product"}],"replies":[{"embeddable":true,"href":"https:\/\/chessgamesemporium.com\/es\/wp-json\/wp\/v2\/comments?post=46168"}],"version-history":[{"count":0,"href":"https:\/\/chessgamesemporium.com\/es\/wp-json\/wp\/v2\/product\/46168\/revisions"}],"wp:featuredmedia":[{"embeddable":true,"href":"https:\/\/chessgamesemporium.com\/es\/wp-json\/wp\/v2\/media\/46170"}],"wp:attachment":[{"href":"https:\/\/chessgamesemporium.com\/es\/wp-json\/wp\/v2\/media?parent=46168"}],"wp:term":[{"taxonomy":"product_brand","embeddable":true,"href":"https:\/\/chessgamesemporium.com\/es\/wp-json\/wp\/v2\/product_brand?post=46168"},{"taxonomy":"product_cat","embeddable":true,"href":"https:\/\/chessgamesemporium.com\/es\/wp-json\/wp\/v2\/product_cat?post=46168"},{"taxonomy":"product_tag","embeddable":true,"href":"https:\/\/chessgamesemporium.com\/es\/wp-json\/wp\/v2\/product_tag?post=46168"}],"curies":[{"name":"wp","href":"https:\/\/api.w.org\/{rel}","templated":true}]}}