{"id":46283,"date":"2022-10-27T12:24:38","date_gmt":"2022-10-27T12:24:38","guid":{"rendered":"https:\/\/www.ivh44.si\/Ponudbe\/chess\/?post_type=product&#038;p=46283"},"modified":"2022-10-27T12:24:38","modified_gmt":"2022-10-27T12:24:38","slug":"backgammon-ura-dgt1006","status":"publish","type":"product","link":"https:\/\/chessgamesemporium.com\/es\/shop\/backgammon\/backgammon-backgammon\/backgammon-ura-dgt1006\/","title":{"rendered":"Reloj de Backgammon DGT1006"},"content":{"rendered":"<p>Un temporizador de backgammon a\u00f1ade emoci\u00f3n a cualquier partida de dos jugadores.<br \/>\nUna caracter\u00edstica especial de este reloj es su funci\u00f3n de retardo. Con esta funci\u00f3n, el reloj espera un tiempo determinado antes de comenzar la cuenta atr\u00e1s.<br \/>\nEste reloj se puede usar con una variedad de juegos, como backgammon, ajedrez, damas, p\u00f3ker, Scrabble\u2122, Lost Cities, Party &amp; Co., domin\u00f3, etc., o cualquier juego de dos jugadores. Solo hay que encenderlo, ajustar el tiempo deseado y \u00a1que empiece la partida!<br \/>\nEl reloj cuenta con una pantalla grande y botones pr\u00e1cticos, y es f\u00e1cil de usar.<br \/>\nRequiere una pila AA (incluida) y tiene 2 a\u00f1os de garant\u00eda.<\/p>\n<p>\u00a1Advertencia! \u00a1No apto para ni\u00f1os menores de 3 a\u00f1os debido a las piezas peque\u00f1as! Peligro de asfixia.<\/p>","protected":false},"excerpt":{"rendered":"<p>Backgammon ura prina\u0161a dodano vrednost pri vsaki igri med dvema igralcema. Posebnost te ure je mo\u017enost \u010dasovnega zamika. Pri tej nastavitvi ura po\u010daka v naprej dolo\u010den \u010das, preden za\u010dne od\u0161tevati. Uporabite jo lahko pri razli\u010dnih igrah kot so Backgammon, \u0160ah, Dama, Poker, Scrabble, Lost Cities, Party &amp; Co, Dominih itd oz. pri katerikoli igri za [&hellip;]<\/p>","protected":false},"featured_media":46286,"comment_status":"closed","ping_status":"closed","template":"","meta":{"_seopress_robots_primary_cat":"","_seopress_titles_title":"","_seopress_titles_desc":"","_seopress_robots_index":""},"product_brand":[],"product_cat":[551,552],"product_tag":[],"class_list":{"0":"post-46283","1":"product","2":"type-product","3":"status-publish","4":"has-post-thumbnail","6":"product_cat-backgammon","7":"product_cat-backgammon-backgammon","9":"entry","10":"has-media","12":"first","13":"instock","14":"taxable","15":"shipping-taxable","16":"purchasable","17":"product-type-simple","18":"has-product-nav","19":"col","20":"span_1_of_4","21":"owp-content-center","22":"item-entry","23":"owp-thumbs-layout-horizontal","24":"owp-btn-normal","25":"owp-tabs-layout-section"},"wcpa_form_fields":null,"_links":{"self":[{"href":"https:\/\/chessgamesemporium.com\/es\/wp-json\/wp\/v2\/product\/46283","targetHints":{"allow":["GET"]}}],"collection":[{"href":"https:\/\/chessgamesemporium.com\/es\/wp-json\/wp\/v2\/product"}],"about":[{"href":"https:\/\/chessgamesemporium.com\/es\/wp-json\/wp\/v2\/types\/product"}],"replies":[{"embeddable":true,"href":"https:\/\/chessgamesemporium.com\/es\/wp-json\/wp\/v2\/comments?post=46283"}],"version-history":[{"count":0,"href":"https:\/\/chessgamesemporium.com\/es\/wp-json\/wp\/v2\/product\/46283\/revisions"}],"wp:featuredmedia":[{"embeddable":true,"href":"https:\/\/chessgamesemporium.com\/es\/wp-json\/wp\/v2\/media\/46286"}],"wp:attachment":[{"href":"https:\/\/chessgamesemporium.com\/es\/wp-json\/wp\/v2\/media?parent=46283"}],"wp:term":[{"taxonomy":"product_brand","embeddable":true,"href":"https:\/\/chessgamesemporium.com\/es\/wp-json\/wp\/v2\/product_brand?post=46283"},{"taxonomy":"product_cat","embeddable":true,"href":"https:\/\/chessgamesemporium.com\/es\/wp-json\/wp\/v2\/product_cat?post=46283"},{"taxonomy":"product_tag","embeddable":true,"href":"https:\/\/chessgamesemporium.com\/es\/wp-json\/wp\/v2\/product_tag?post=46283"}],"curies":[{"name":"wp","href":"https:\/\/api.w.org\/{rel}","templated":true}]}}