{"id":46399,"date":"2023-01-13T11:58:11","date_gmt":"2023-01-13T11:58:11","guid":{"rendered":"https:\/\/www.ivh44.si\/Ponudbe\/chess\/?post_type=product&#038;p=46399"},"modified":"2026-04-30T11:43:55","modified_gmt":"2026-04-30T11:43:55","slug":"lesene-sahovske-figure-tournament-staunton","status":"publish","type":"product","link":"https:\/\/chessgamesemporium.com\/es\/shop\/sahovske-figure\/lesene-figure\/lesene-sahovske-figure-tournament-staunton\/","title":{"rendered":"Piezas de ajedrez de madera Tournament STAUNTON"},"content":{"rendered":"<div class=\"cge-desc-tabs\" data-cge-tabs=\"\">\n<div class=\"cge-desc-tab-buttons\"><button class=\"active\" type=\"button\" data-tab=\"opis\">Descripci\u00f3n<\/button><br \/>\n<button type=\"button\" data-tab=\"specifikacije\">Especificaciones:<\/button><br \/>\n<button type=\"button\" data-tab=\"primernost\">Adecuado para<\/button><\/div>\n<p><!-- OPIS --><\/p>\n<div class=\"cge-desc-tab-panel active\" data-panel=\"opis\">\n<p>Las piezas de ajedrez Tournament Staunton 6 de madera son una opci\u00f3n est\u00e1ndar para quienes desean jugar al m\u00e1s alto nivel. Su dise\u00f1o cl\u00e1sico Staunton, reconocido oficialmente y utilizado en torneos internacionales, las sit\u00faa dentro del rango de tama\u00f1o reglamentario para torneos oficiales.<\/p>\n<p>Su tama\u00f1o las coloca dentro del rango reglamentario para torneos, lo que las hace ideales para competiciones oficiales. Funcionan mejor con tableros de ajedrez con casillas de 55-60 mm, ofreciendo una excelente claridad y una apariencia profesional.<\/p>\n<p>Su fabricaci\u00f3n en madera les confiere un aspecto distinguido y natural, adem\u00e1s de garantizar su durabilidad. Las bases de fieltro permiten un deslizamiento r\u00e1pido, suave y silencioso sobre el tablero, protegi\u00e9ndolo de ara\u00f1azos.<\/p>\n<p>\u010ce i\u0161\u010dete komplet \u0161ahovskih figur, ki izpolnjuje vse turnirske standarde in zdru\u017euje kakovost ter profesionalnost, so Tournament Staunton 6 prava izbira.<\/p>\n<p class=\"cge-warning\">\u00a1Advertencia! \u00a1No apto para ni\u00f1os menores de 3 a\u00f1os debido a las piezas peque\u00f1as! Peligro de asfixia.<\/p>\n<\/div>\n<p><!-- SPECIFIKACIJE --><\/p>\n<div class=\"cge-desc-tab-panel\" data-panel=\"specifikacije\">\n<div class=\"cge-spec-list\">\n<div><b>Base:<\/b> con fieltro<\/div>\n<div><b>Con peso<\/b> S\u00ed<\/div>\n<div><b>Material:<\/b> les, gaber<\/div>\n<div><b>Color:<\/b> color natural de la madera y marr\u00f3n<\/div>\n<div><b>Adecuadas para tablero:<\/b> Tama\u00f1o de casilla 50 mm a 58 mm<\/div>\n<\/div>\n<p class=\"cge-spec-heading\">Dimensiones: (altura | ancho de la base)<\/p>\n<div class=\"cge-dimensions\">\n<div><b>Rey:<\/b> 9,8 cm | 3,6 cm<\/div>\n<div><b>Reina:<\/b> 8,3 cm | 3,6 cm<\/div>\n<div><b>Torre:<\/b> 5,3 cm | 3,2 cm<\/div>\n<div><b>Alfil:<\/b> 6,8 cm | 3,2 cm<\/div>\n<div><b>Caballo:<\/b> 6,4 cm | 3,2 cm<\/div>\n<div><b>Pe\u00f3n:<\/b> 4,5 cm | 2,6 cm<\/div>\n<\/div>\n<\/div>\n<p><!-- PRIMERNOST --><\/p>\n<div class=\"cge-desc-tab-panel\" data-panel=\"primernost\">\n<div class=\"cge-check-list\">\n<div>\u2713 uso en torneos<\/div>\n<div>\u2713 competiciones oficiales<\/div>\n<div>\u2713 clubes de ajedrez<\/div>\n<div>\u2713 entrenamiento y juego serio<\/div>\n<div>\u2713 regalo para jugadores de ajedrez<\/div>\n<div>\u2713 uso dom\u00e9stico<\/div>\n<div>\u2713 juego recreativo<\/div>\n<\/div>\n<\/div>\n<\/div>","protected":false},"excerpt":{"rendered":"<p><strong>Lesene \u0161ahovske figure Staunton<\/strong> Piezas de ajedrez de madera Staunton para juego de torneo y en casa. Dise\u00f1o cl\u00e1sico, fabricaci\u00f3n precisa y forma estable para un juego c\u00f3modo en tableros con casillas de 55\u201360 mm.<\/p>\n<ul>\n<li>\u2714 Est\u00e1ndar Staunton (estilo torneo)<\/li>\n<li>\u2714 Estables y bien equilibradas<\/li>\n<li>\u2714 Aptas para uso diario<\/li>\n<\/ul>","protected":false},"featured_media":48281,"comment_status":"closed","ping_status":"closed","template":"","meta":{"_seopress_robots_primary_cat":"none","_seopress_titles_title":"Lesene \u0161ahovske figure Tournament Staunton \u2013 turnirske obte\u017eene","_seopress_titles_desc":"Kakovostne lesene \u0161ahovske figure v Staunton slogu za turnirsko igro. Obte\u017eene in podlo\u017eene, idealne za trening, klube in resno igranje \u0161aha.","_seopress_robots_index":""},"product_brand":[],"product_cat":[511,522],"product_tag":[595],"class_list":{"0":"post-46399","1":"product","2":"type-product","3":"status-publish","4":"has-post-thumbnail","6":"product_cat-sahovske-figure","7":"product_cat-lesene-figure","8":"product_tag-95mm","9":"wcpa_has_options","11":"entry","12":"has-media","14":"first","15":"instock","16":"taxable","17":"shipping-taxable","18":"purchasable","19":"product-type-simple","20":"has-product-nav","21":"col","22":"span_1_of_4","23":"owp-content-center","24":"item-entry","25":"owp-thumbs-layout-horizontal","26":"owp-btn-normal","27":"owp-tabs-layout-section"},"wcpa_form_fields":{"rules":{"pric_overide_base_price":false,"pric_overide_base_price_if_gt_zero":false,"pric_overide_base_price_fully":false,"pric_cal_option_once":false,"pric_use_as_fee":false,"bind_quantity":false,"quantity_bind_formula":false},"fields":[{"type":"checkbox-group","elementId":"wcpa-checkbox-group-1707738535577","label":"Dodatek","enablePrice":true,"priceOptions":"fixed_for_all","pricingType":"fixed","price":"5","name":"checkbox-group-1707738535577","other_text":"Other","cl_rule":"show","col":6,"values":[{"label":"Dodatni kraljici (bela in \u010drna)","value":"5.00 Eur","price":"","pimage":"","pimage_id":"","pthumb":""}],"relations":false,"form_id":55845,"form_rules":{"pric_cal_option_once":false,"exclude_from_discount":false,"pric_use_as_fee":false,"fee_label":"Fee","render_after_acb":false,"disp_hide_options_price":false}}]},"_links":{"self":[{"href":"https:\/\/chessgamesemporium.com\/es\/wp-json\/wp\/v2\/product\/46399","targetHints":{"allow":["GET"]}}],"collection":[{"href":"https:\/\/chessgamesemporium.com\/es\/wp-json\/wp\/v2\/product"}],"about":[{"href":"https:\/\/chessgamesemporium.com\/es\/wp-json\/wp\/v2\/types\/product"}],"replies":[{"embeddable":true,"href":"https:\/\/chessgamesemporium.com\/es\/wp-json\/wp\/v2\/comments?post=46399"}],"version-history":[{"count":0,"href":"https:\/\/chessgamesemporium.com\/es\/wp-json\/wp\/v2\/product\/46399\/revisions"}],"wp:featuredmedia":[{"embeddable":true,"href":"https:\/\/chessgamesemporium.com\/es\/wp-json\/wp\/v2\/media\/48281"}],"wp:attachment":[{"href":"https:\/\/chessgamesemporium.com\/es\/wp-json\/wp\/v2\/media?parent=46399"}],"wp:term":[{"taxonomy":"product_brand","embeddable":true,"href":"https:\/\/chessgamesemporium.com\/es\/wp-json\/wp\/v2\/product_brand?post=46399"},{"taxonomy":"product_cat","embeddable":true,"href":"https:\/\/chessgamesemporium.com\/es\/wp-json\/wp\/v2\/product_cat?post=46399"},{"taxonomy":"product_tag","embeddable":true,"href":"https:\/\/chessgamesemporium.com\/es\/wp-json\/wp\/v2\/product_tag?post=46399"}],"curies":[{"name":"wp","href":"https:\/\/api.w.org\/{rel}","templated":true}]}}