{"id":46415,"date":"2023-01-13T12:04:09","date_gmt":"2023-01-13T12:04:09","guid":{"rendered":"https:\/\/www.ivh44.si\/Ponudbe\/chess\/?post_type=product&#038;p=46415"},"modified":"2026-04-20T08:56:19","modified_gmt":"2026-04-20T08:56:19","slug":"lesene-sahovske-figure-dubrovnik-standard","status":"publish","type":"product","link":"https:\/\/chessgamesemporium.com\/es\/shop\/sahovske-figure\/lesene-figure\/lesene-sahovske-figure-dubrovnik-standard\/","title":{"rendered":"Piezas de ajedrez de madera DUBROVNIK STANDARD"},"content":{"rendered":"<p>Piezas de ajedrez de madera DUBROVNIK STANDARD<br \/>\nPonderadas, forradas de fieltro, barnizadas.<\/p>\n<p>Material:<br \/>\nSheesham \/ boj.<\/p>\n<p>Estas piezas de ajedrez tienen una rica historia que se remonta a la Olimpiada de Ajedrez de 1950 en Dubrovnik. Una caracter\u00edstica clave del dise\u00f1o de estas piezas es la ausencia de iconograf\u00eda religiosa. Bobby Fischer declar\u00f3 en numerosas ocasiones que estas piezas de ajedrez de Dubrovnik eran sus favoritas.<\/p>\n<p>Dimensiones: (altura | ancho de la base)<br \/>\nRey: 9,0 cm | 3,1 cm<br \/>\nReina: 8,0 cm | 3,1 cm<br \/>\nTorre: 5,2 cm | 2,9 cm<br \/>\nAlfil: 7,4 cm | 2,9 cm<br \/>\nCaballo: 6,6 cm | 2,9 cm<br \/>\nPe\u00f3n: 5,4 cm | 2,6 cm<\/p>\n<p>Las piezas de ajedrez de madera Dubrovnik Standard representan la cumbre de la artesan\u00eda ajedrec\u00edstica tradicional y del dise\u00f1o atemporal. Inspiradas en la legendaria Olimpiada de Ajedrez de Dubrovnik de 1950 y admiradas por Bobby Fischer, combinan historia, elegancia y funcionalidad en un conjunto perfecto. Fabricadas en palosanto y boj seleccionados, con peso y base de fieltro, ofrecen una estabilidad excepcional, un movimiento silencioso y una sensaci\u00f3n de juego superior en cada jugada, lo que las sit\u00faa entre las piezas de ajedrez de madera m\u00e1s valoradas del mundo.<\/p>\n<p>Este exclusivo juego de ajedrez est\u00e1 pensado para jugadores exigentes, coleccionistas y todos aquellos que valoran el prestigio, la tradici\u00f3n y la calidad sin concesiones. Su dise\u00f1o limpio, sin s\u00edmbolos innecesarios, permite una concentraci\u00f3n total en la partida, mientras que la precisa elaboraci\u00f3n artesanal resalta el valor art\u00edstico de cada pieza. Las piezas de ajedrez de madera Dubrovnik no son solo un instrumento de juego, sino tambi\u00e9n una expresi\u00f3n de estilo personal y una excelente elecci\u00f3n como regalo de lujo que une herencia ajedrec\u00edstica y elegancia moderna.<\/p>\n<p>\u00a1Advertencia! \u00a1No apto para ni\u00f1os menores de 3 a\u00f1os debido a las piezas peque\u00f1as! Peligro de asfixia.<\/p>","protected":false},"excerpt":{"rendered":"<p>Lesene \u0160ahovske Figure DUBROVNIK STANDARD Obte\u017eene, podlo\u017eene, lakirane Material: Palisander \/ Pu\u0161pan (sheesham and boxwood) Te figure imajo bogato zgodovino, ki sega v leto 1950, ko je bila v Dubrovniku \u0161ahovska olimpijada. Glavna zna\u010dilnost teh figur je, da so bile oblikovane brez verskih simbolov. Bobby Fischer je ve\u010dkrat poudaril, da so Dubrovnik figure njegove najljub\u0161e. [&hellip;]<\/p>","protected":false},"featured_media":47700,"comment_status":"closed","ping_status":"closed","template":"","meta":{"_seopress_robots_primary_cat":"none","_seopress_titles_title":"Lesene \u0161ahovske figure Dubrovnik Standard \u2013 obte\u017eene","_seopress_titles_desc":"Obte\u017eene lesene \u0161ahovske figure s klasi\u010dnim Staunton slogom, znane po turnirski kakovosti, stabilnosti in zgodovinskem dizajnu, priljubljenem pri \u0161ahistih.","_seopress_robots_index":""},"product_brand":[],"product_cat":[522,511],"product_tag":[],"class_list":{"0":"post-46415","1":"product","2":"type-product","3":"status-publish","4":"has-post-thumbnail","6":"product_cat-lesene-figure","7":"product_cat-sahovske-figure","9":"entry","10":"has-media","12":"first","13":"instock","14":"taxable","15":"shipping-taxable","16":"purchasable","17":"product-type-variable","18":"has-product-nav","19":"col","20":"span_1_of_4","21":"owp-content-center","22":"item-entry","23":"owp-thumbs-layout-horizontal","24":"owp-btn-normal","25":"owp-tabs-layout-section"},"wcpa_form_fields":null,"_links":{"self":[{"href":"https:\/\/chessgamesemporium.com\/es\/wp-json\/wp\/v2\/product\/46415","targetHints":{"allow":["GET"]}}],"collection":[{"href":"https:\/\/chessgamesemporium.com\/es\/wp-json\/wp\/v2\/product"}],"about":[{"href":"https:\/\/chessgamesemporium.com\/es\/wp-json\/wp\/v2\/types\/product"}],"replies":[{"embeddable":true,"href":"https:\/\/chessgamesemporium.com\/es\/wp-json\/wp\/v2\/comments?post=46415"}],"version-history":[{"count":0,"href":"https:\/\/chessgamesemporium.com\/es\/wp-json\/wp\/v2\/product\/46415\/revisions"}],"wp:featuredmedia":[{"embeddable":true,"href":"https:\/\/chessgamesemporium.com\/es\/wp-json\/wp\/v2\/media\/47700"}],"wp:attachment":[{"href":"https:\/\/chessgamesemporium.com\/es\/wp-json\/wp\/v2\/media?parent=46415"}],"wp:term":[{"taxonomy":"product_brand","embeddable":true,"href":"https:\/\/chessgamesemporium.com\/es\/wp-json\/wp\/v2\/product_brand?post=46415"},{"taxonomy":"product_cat","embeddable":true,"href":"https:\/\/chessgamesemporium.com\/es\/wp-json\/wp\/v2\/product_cat?post=46415"},{"taxonomy":"product_tag","embeddable":true,"href":"https:\/\/chessgamesemporium.com\/es\/wp-json\/wp\/v2\/product_tag?post=46415"}],"curies":[{"name":"wp","href":"https:\/\/api.w.org\/{rel}","templated":true}]}}