{"id":46546,"date":"2023-01-19T11:19:02","date_gmt":"2023-01-19T11:19:02","guid":{"rendered":"https:\/\/www.ivh44.si\/Ponudbe\/chess\/?post_type=product&#038;p=46546"},"modified":"2026-04-30T20:47:57","modified_gmt":"2026-04-30T20:47:57","slug":"lesene-sahovske-figure-american-staunton","status":"publish","type":"product","link":"https:\/\/chessgamesemporium.com\/es\/shop\/sahovske-figure\/lesene-figure\/lesene-sahovske-figure-american-staunton\/","title":{"rendered":"Piezas de ajedrez de madera AMERICAN STAUNTON"},"content":{"rendered":"<div class=\"cge-desc-tabs\" data-cge-tabs=\"\">\n<div class=\"cge-desc-tab-buttons\">\n<button class=\"active\" type=\"button\" data-tab=\"opis\">Descripci\u00f3n<\/button><br \/>\n<button type=\"button\" data-tab=\"specifikacije\">Especificaciones:<\/button><br \/>\n<button type=\"button\" data-tab=\"primernost\">Adecuado para<\/button>\n<\/div>\n<p><!-- OPIS --><\/p>\n<div class=\"cge-desc-tab-panel active\" data-panel=\"opis\">\n<p>Nos enorgullece presentar nuestras excepcionales piezas de ajedrez de madera estilo Staunton americano. Cada pieza est\u00e1 elaborada con la m\u00e1xima precisi\u00f3n y una atenci\u00f3n al detalle que deleitar\u00e1 tanto a principiantes como a jugadores experimentados.<\/p>\n<p>Cada pieza est\u00e1 hecha a mano con madera de alta calidad, lo que garantiza durabilidad y una hermosa apariencia. El estilo Staunton americano, caracterizado por l\u00edneas elegantes y una forma cl\u00e1sica, realza la belleza del ajedrez y permite identificar f\u00e1cilmente cada pieza en el tablero.<\/p>\n<p>Las piezas de ajedrez de madera estilo Staunton americano est\u00e1n dise\u00f1adas para un juego \u00f3ptimo y son adecuadas para jugadores de todos los niveles. Cada pieza est\u00e1 lastrada para mayor estabilidad en el tablero, lo que garantiza un movimiento fluido y una experiencia de juego superior.<\/p>\n<p>Pida hoy mismo su juego de piezas de ajedrez de madera estilo Staunton americano y experimente la calidad superior y la elegancia que cada partida en el tablero le brinda.<\/p>\n<p>Las piezas de ajedrez de madera American Staunton son la elecci\u00f3n ideal para quienes buscan piezas con peso de alta calidad en madera real con dise\u00f1o Staunton cl\u00e1sico. Gracias a su estabilidad, precisi\u00f3n y elegante apariencia, son perfectas para casa, club, torneos o como regalo.<\/p>\n<p class=\"cge-warning\">\u00a1Advertencia! \u00a1No apto para ni\u00f1os menores de 3 a\u00f1os debido a las piezas peque\u00f1as! Peligro de asfixia.<\/p>\n<\/div>\n<p><!-- SPECIFIKACIJE --><\/p>\n<div class=\"cge-desc-tab-panel\" data-panel=\"specifikacije\">\n<div class=\"cge-spec-list\">\n<div><b>Base:<\/b> Con fieltro<\/div>\n<div><b>Con peso<\/b> S\u00ed<\/div>\n<div><b>Material:<\/b> Palisandro \/ Boj<\/div>\n<div><b>Color:<\/b> color natural de la madera y marr\u00f3n<\/div>\n<div><b>Peso<\/b> 1100 g<\/div>\n<div><b>Adecuadas para tablero:<\/b> casilla de 55 mm a 58 mm<\/div>\n<\/div>\n<p class=\"cge-spec-heading\">Dimensiones: (altura | ancho de la base)<\/p>\n<div class=\"cge-dimensions\">\n<div><b>Rey:<\/b> 9,8 cm | 3,6 cm<\/div>\n<div><b>Reina:<\/b> 8,2 cm | 3,6 cm<\/div>\n<div><b>Torre:<\/b> 5,9 cm | 3,3 cm<\/div>\n<div><b>Alfil:<\/b> 7,1 cm | 3,3 cm<\/div>\n<div><b>Caballo:<\/b> 6,6 cm | 3,2 cm<\/div>\n<div><b>Pe\u00f3n:<\/b> 5,2 cm | 2,6 cm<\/div>\n<\/div>\n<\/div>\n<p><!-- PRIMERNOST --><\/p>\n<div class=\"cge-desc-tab-panel\" data-panel=\"primernost\">\n<div class=\"cge-check-list\">\n<div>\u2713 principiantes<\/div>\n<div>\u2713 uso dom\u00e9stico<\/div>\n<div>\u2713 clubes de ajedrez<\/div>\n<div>\u2713 para torneos<\/div>\n<div>\u2713 Regalo prestigioso para ajedrecistas<\/div>\n<\/div>\n<\/div>\n<\/div>","protected":false},"excerpt":{"rendered":"<p>Opis Specifikacije Primernost Ponosno predstavljamo na\u0161e izjemne lesene \u0161ahovske figure v ameri\u0161kem slogu Staunton. Vsak ko\u0161\u010dek je izdelan z najve\u010djo natan\u010dnostjo in ljubeznijo do detajlov, ki bo navdu\u0161il tako za\u010detnike kot izku\u0161ene \u0161ahiste. Vsaka figura je ro\u010dno izdelana iz visokokakovostnega lesa, kar zagotavlja trpe\u017enost in \u010dudovit videz. Ameri\u0161ki Staunton slog, zna\u010dilen po elegantnih linijah in [&hellip;]<\/p>","protected":false},"featured_media":47693,"comment_status":"closed","ping_status":"closed","template":"","meta":{"_seopress_robots_primary_cat":"none","_seopress_titles_title":"","_seopress_titles_desc":"Lesene obte\u017eene \u0161ahovske figure iz kakovostnega lesa s klasi\u010dnim Staunton dizajnom in dodatnimi kraljicami. Stabilne in primerne za doma\u010do ali turnirsko igro.","_seopress_robots_index":""},"product_brand":[],"product_cat":[511,522],"product_tag":[595],"class_list":{"0":"post-46546","1":"product","2":"type-product","3":"status-publish","4":"has-post-thumbnail","6":"product_cat-sahovske-figure","7":"product_cat-lesene-figure","8":"product_tag-95mm","9":"wcpa_has_options","11":"entry","12":"has-media","14":"first","15":"instock","16":"taxable","17":"shipping-taxable","18":"purchasable","19":"product-type-variable","20":"has-product-nav","21":"col","22":"span_1_of_4","23":"owp-content-center","24":"item-entry","25":"owp-thumbs-layout-horizontal","26":"owp-btn-normal","27":"owp-tabs-layout-section"},"wcpa_form_fields":{"rules":{"pric_overide_base_price":false,"pric_overide_base_price_if_gt_zero":false,"pric_overide_base_price_fully":false,"pric_cal_option_once":false,"pric_use_as_fee":false,"bind_quantity":false,"quantity_bind_formula":false},"fields":[{"type":"checkbox-group","elementId":"wcpa-checkbox-group-1707738535577","label":"Dodatek","enablePrice":true,"priceOptions":"fixed_for_all","pricingType":"fixed","price":"5","name":"checkbox-group-1707738535577","other_text":"Other","cl_rule":"show","col":6,"values":[{"label":"Dodatni kraljici (bela in \u010drna)","value":"5.00 Eur","price":"","pimage":"","pimage_id":"","pthumb":""}],"relations":false,"form_id":55845,"form_rules":{"pric_cal_option_once":false,"exclude_from_discount":false,"pric_use_as_fee":false,"fee_label":"Fee","render_after_acb":false,"disp_hide_options_price":false}}]},"_links":{"self":[{"href":"https:\/\/chessgamesemporium.com\/es\/wp-json\/wp\/v2\/product\/46546","targetHints":{"allow":["GET"]}}],"collection":[{"href":"https:\/\/chessgamesemporium.com\/es\/wp-json\/wp\/v2\/product"}],"about":[{"href":"https:\/\/chessgamesemporium.com\/es\/wp-json\/wp\/v2\/types\/product"}],"replies":[{"embeddable":true,"href":"https:\/\/chessgamesemporium.com\/es\/wp-json\/wp\/v2\/comments?post=46546"}],"version-history":[{"count":0,"href":"https:\/\/chessgamesemporium.com\/es\/wp-json\/wp\/v2\/product\/46546\/revisions"}],"wp:featuredmedia":[{"embeddable":true,"href":"https:\/\/chessgamesemporium.com\/es\/wp-json\/wp\/v2\/media\/47693"}],"wp:attachment":[{"href":"https:\/\/chessgamesemporium.com\/es\/wp-json\/wp\/v2\/media?parent=46546"}],"wp:term":[{"taxonomy":"product_brand","embeddable":true,"href":"https:\/\/chessgamesemporium.com\/es\/wp-json\/wp\/v2\/product_brand?post=46546"},{"taxonomy":"product_cat","embeddable":true,"href":"https:\/\/chessgamesemporium.com\/es\/wp-json\/wp\/v2\/product_cat?post=46546"},{"taxonomy":"product_tag","embeddable":true,"href":"https:\/\/chessgamesemporium.com\/es\/wp-json\/wp\/v2\/product_tag?post=46546"}],"curies":[{"name":"wp","href":"https:\/\/api.w.org\/{rel}","templated":true}]}}