{"id":46709,"date":"2023-01-19T14:02:55","date_gmt":"2023-01-19T14:02:55","guid":{"rendered":"https:\/\/www.ivh44.si\/Ponudbe\/chess\/?post_type=product&#038;p=46709"},"modified":"2024-02-28T09:29:47","modified_gmt":"2024-02-28T09:29:47","slug":"lesene-sahovske-figure-modern","status":"publish","type":"product","link":"https:\/\/chessgamesemporium.com\/es\/shop\/sahovske-figure\/lesene-figure\/lesene-sahovske-figure-modern\/","title":{"rendered":"Piezas de ajedrez de madera MODERN"},"content":{"rendered":"<p>Dise\u00f1o moderno<br \/>\nHechas a mano y lacadas<\/p>\n<p>Dimensiones: (altura | ancho de la base)<br \/>\nKralj: 7,6 cm | 2,7 cm<br \/>\nReina: 7,5 cm | 2,7 cm<br \/>\nTorre: 4,4 cm | 2,7 cm<br \/>\nAlfil: 5,9 cm | 2,7 cm<br \/>\nCaballo: 4,8 cm | 2,7 cm<br \/>\nPe\u00f3n: 4,1 cm | 2,6 cm<\/p>\n<p>\u00a1Advertencia! \u00a1No apto para ni\u00f1os menores de 3 a\u00f1os debido a las piezas peque\u00f1as! Peligro de asfixia.<\/p>","protected":false},"excerpt":{"rendered":"<p>Moderno oblikovane \u0161ahovske figure Ro\u010dno izdelane in ro\u010dno barvane Dimenzije: (vi\u0161ina figure | premer podlage) Kralj: 7,6 cm | 2,7 cm Dama: 6,3 cm | 2,7 cm Top: 4,4 cm | 2,7 cm Lovec: 5,9 cm | 2,7 cm Skaka\u010d: 4,8 cm | 2,7 cm Kmet: 4,1 cm | 2,6 cm OPOZORILO! Ni primerno za [&hellip;]<\/p>","protected":false},"featured_media":48280,"comment_status":"closed","ping_status":"closed","template":"","meta":{"_seopress_robots_primary_cat":"none","_seopress_titles_title":"","_seopress_titles_desc":"","_seopress_robots_index":""},"product_brand":[],"product_cat":[511,522],"product_tag":[596],"class_list":{"0":"post-46709","1":"product","2":"type-product","3":"status-publish","4":"has-post-thumbnail","6":"product_cat-sahovske-figure","7":"product_cat-lesene-figure","8":"product_tag-80mm","10":"entry","11":"has-media","13":"first","14":"instock","15":"taxable","16":"shipping-taxable","17":"purchasable","18":"product-type-variable","19":"has-product-nav","20":"col","21":"span_1_of_4","22":"owp-content-center","23":"item-entry","24":"owp-thumbs-layout-horizontal","25":"owp-btn-normal","26":"owp-tabs-layout-section"},"wcpa_form_fields":null,"_links":{"self":[{"href":"https:\/\/chessgamesemporium.com\/es\/wp-json\/wp\/v2\/product\/46709","targetHints":{"allow":["GET"]}}],"collection":[{"href":"https:\/\/chessgamesemporium.com\/es\/wp-json\/wp\/v2\/product"}],"about":[{"href":"https:\/\/chessgamesemporium.com\/es\/wp-json\/wp\/v2\/types\/product"}],"replies":[{"embeddable":true,"href":"https:\/\/chessgamesemporium.com\/es\/wp-json\/wp\/v2\/comments?post=46709"}],"version-history":[{"count":0,"href":"https:\/\/chessgamesemporium.com\/es\/wp-json\/wp\/v2\/product\/46709\/revisions"}],"wp:featuredmedia":[{"embeddable":true,"href":"https:\/\/chessgamesemporium.com\/es\/wp-json\/wp\/v2\/media\/48280"}],"wp:attachment":[{"href":"https:\/\/chessgamesemporium.com\/es\/wp-json\/wp\/v2\/media?parent=46709"}],"wp:term":[{"taxonomy":"product_brand","embeddable":true,"href":"https:\/\/chessgamesemporium.com\/es\/wp-json\/wp\/v2\/product_brand?post=46709"},{"taxonomy":"product_cat","embeddable":true,"href":"https:\/\/chessgamesemporium.com\/es\/wp-json\/wp\/v2\/product_cat?post=46709"},{"taxonomy":"product_tag","embeddable":true,"href":"https:\/\/chessgamesemporium.com\/es\/wp-json\/wp\/v2\/product_tag?post=46709"}],"curies":[{"name":"wp","href":"https:\/\/api.w.org\/{rel}","templated":true}]}}