{"id":46819,"date":"2023-01-24T13:31:54","date_gmt":"2023-01-24T13:31:54","guid":{"rendered":"https:\/\/www.ivh44.si\/Ponudbe\/chess\/?post_type=product&#038;p=46819"},"modified":"2024-04-15T11:27:38","modified_gmt":"2024-04-15T11:27:38","slug":"turnirska-sahovska-torba","status":"publish","type":"product","link":"https:\/\/chessgamesemporium.com\/es\/shop\/razno-za-sah\/sahovske-skatle-torbe\/turnirska-sahovska-torba\/","title":{"rendered":"Bolsa de almacenamiento para ajedrez de torneo"},"content":{"rendered":"<p>Material: Lona de nailon<br \/>\nMedidas: 52,5 x 21,5 x 7,5 cm<br \/>\nCremallera doble en 3 lados para un f\u00e1cil acceso al interior<br \/>\nAsa y correa de hombro desmontable para facilitar el transporte<br \/>\n2 bolsillos interiores con cremallera para guardar las piezas de ajedrez<br \/>\nBolsillo con cremallera para guardar el reloj de ajedrez<br \/>\nCorreas el\u00e1sticas para sujetar el tablero de ajedrez enrollable<br \/>\nBolsillo interior grande para guardar los cuadernos de anotaciones<\/p>\n<p>La bolsa de ajedrez de torneo est\u00e1 cuidadosamente dise\u00f1ada para guardar todo lo que el jugador de ajedrez necesita y facilita su transporte a la siguiente partida. Est\u00e1 fabricada con un atractivo y resistente material de nailon, duradero y resistente al desgaste de los viajes durante muchos a\u00f1os. La bolsa cuenta con un asa y una correa de hombro desmontable para un transporte c\u00f3modo, y una cremallera doble que se abre por tres lados para facilitar el acceso al interior. En el interior hay dos compartimentos con cremallera para guardar las piezas blancas y negras por separado, y un amplio compartimento central tambi\u00e9n con cremallera para el reloj de ajedrez m\u00e1s grande. Cuenta con dos correas el\u00e1sticas para sujetar un tablero de ajedrez enrollable y un bolsillo que recorre toda la longitud de la bolsa para guardar cuadernos de puntuaci\u00f3n y otros objetos.<\/p>","protected":false},"excerpt":{"rendered":"<p>Material: najlonsko platno Mere: 23,5&#8243; x 8,5&#8243; x 3&#8243; \/ 52,5 x 21,5 x 7,5 cm Dvojna zadrga na 3 straneh za enostaven dostop do notranjosti Ro\u010daj in snemljiv naramni pas za enostavno prena\u0161anje 2 notranja \u017eepa z zadrgo za shranjevanje \u0161ahovskih figur \u017dep z zadrgo za shranjevanje \u0161ahovske ure Elasti\u010dni trakovi za pritrditev \u0161ahovnice [&hellip;]<\/p>","protected":false},"featured_media":56868,"comment_status":"closed","ping_status":"closed","template":"","meta":{"_seopress_robots_primary_cat":"none","_seopress_titles_title":"","_seopress_titles_desc":"","_seopress_robots_index":""},"product_brand":[],"product_cat":[578,547],"product_tag":[],"class_list":{"0":"post-46819","1":"product","2":"type-product","3":"status-publish","4":"has-post-thumbnail","6":"product_cat-sahovske-skatle-torbe","7":"product_cat-razno-za-sah","9":"entry","10":"has-media","12":"first","13":"instock","14":"taxable","15":"shipping-taxable","16":"purchasable","17":"product-type-variable","18":"has-product-nav","19":"col","20":"span_1_of_4","21":"owp-content-center","22":"item-entry","23":"owp-thumbs-layout-horizontal","24":"owp-btn-normal","25":"owp-tabs-layout-section"},"wcpa_form_fields":null,"_links":{"self":[{"href":"https:\/\/chessgamesemporium.com\/es\/wp-json\/wp\/v2\/product\/46819","targetHints":{"allow":["GET"]}}],"collection":[{"href":"https:\/\/chessgamesemporium.com\/es\/wp-json\/wp\/v2\/product"}],"about":[{"href":"https:\/\/chessgamesemporium.com\/es\/wp-json\/wp\/v2\/types\/product"}],"replies":[{"embeddable":true,"href":"https:\/\/chessgamesemporium.com\/es\/wp-json\/wp\/v2\/comments?post=46819"}],"version-history":[{"count":0,"href":"https:\/\/chessgamesemporium.com\/es\/wp-json\/wp\/v2\/product\/46819\/revisions"}],"wp:featuredmedia":[{"embeddable":true,"href":"https:\/\/chessgamesemporium.com\/es\/wp-json\/wp\/v2\/media\/56868"}],"wp:attachment":[{"href":"https:\/\/chessgamesemporium.com\/es\/wp-json\/wp\/v2\/media?parent=46819"}],"wp:term":[{"taxonomy":"product_brand","embeddable":true,"href":"https:\/\/chessgamesemporium.com\/es\/wp-json\/wp\/v2\/product_brand?post=46819"},{"taxonomy":"product_cat","embeddable":true,"href":"https:\/\/chessgamesemporium.com\/es\/wp-json\/wp\/v2\/product_cat?post=46819"},{"taxonomy":"product_tag","embeddable":true,"href":"https:\/\/chessgamesemporium.com\/es\/wp-json\/wp\/v2\/product_tag?post=46819"}],"curies":[{"name":"wp","href":"https:\/\/api.w.org\/{rel}","templated":true}]}}