{"id":46999,"date":"2023-01-25T13:18:18","date_gmt":"2023-01-25T13:18:18","guid":{"rendered":"https:\/\/www.ivh44.si\/Ponudbe\/chess\/?post_type=product&#038;p=46999"},"modified":"2025-08-09T04:51:27","modified_gmt":"2025-08-09T04:51:27","slug":"skatla-za-figure-muba-standard","status":"publish","type":"product","link":"https:\/\/chessgamesemporium.com\/es\/shop\/razno-za-sah\/sahovske-skatle-torbe\/skatla-za-figure-muba-standard\/","title":{"rendered":"Caja de ajedrez MUBA Est\u00e1ndar"},"content":{"rendered":"<p>Material: Haya<br \/>\nEl interior est\u00e1 forrado de fieltro.<br \/>\nCierre magn\u00e9tico<\/p>\n<p>Esta caja es apta para piezas de ajedrez de tama\u00f1o est\u00e1ndar o m\u00e1s peque\u00f1as (altura del rey: 95 mm o menos). Tiene capacidad para juegos de 32 piezas de tama\u00f1o est\u00e1ndar. Si adquiere un juego de ajedrez con reinas adicionales, le recomendamos comprar una caja m\u00e1s grande, marcada como \"LARGE\", para asegurar que todas las piezas quepan dentro.<br \/>\nPiezas de ajedrez no incluidas.<\/p>","protected":false},"excerpt":{"rendered":"<p>Material: bukev Notranjost prekrita s filcem. Zapiranje na magnet. \u0160katla je primerna za \u0161ahovske figure standardne velikosti ali manj\u0161e (vi\u0161ina kralja 95 mm ali manj). Primerna je za set 32-ih figur standardnih velikosti. V kolikor se odlo\u010dite za nakup dodatnih dam, priporo\u010damo nakup ve\u010dje \u0161katle z oznako \u201cLARGE\u201d. Figure niso vklju\u010dene v ceno.<\/p>","protected":false},"featured_media":47145,"comment_status":"closed","ping_status":"closed","template":"","meta":{"_seopress_robots_primary_cat":"none","_seopress_titles_title":"","_seopress_titles_desc":"","_seopress_robots_index":""},"product_brand":[],"product_cat":[547,578],"product_tag":[580],"class_list":{"0":"post-46999","1":"product","2":"type-product","3":"status-publish","4":"has-post-thumbnail","6":"product_cat-razno-za-sah","7":"product_cat-sahovske-skatle-torbe","8":"product_tag-standardbox","9":"wcpa_has_options","11":"entry","12":"has-media","14":"first","15":"instock","16":"taxable","17":"shipping-taxable","18":"purchasable","19":"product-type-simple","20":"has-product-nav","21":"col","22":"span_1_of_4","23":"owp-content-center","24":"item-entry","25":"owp-thumbs-layout-horizontal","26":"owp-btn-normal","27":"owp-tabs-layout-section"},"wcpa_form_fields":{"rules":{"pric_overide_base_price":false,"pric_overide_base_price_if_gt_zero":false,"pric_overide_base_price_fully":false,"pric_cal_option_once":false,"pric_use_as_fee":false,"bind_quantity":false,"quantity_bind_formula":false},"fields":[{"type":"text","elementId":"wcpa-text-1666713333654","label":"Gravura ( opcijsko )","description":"Vpi\u0161ite \u017eeljeni tekst za graviranje (npr. Vse najbolj\u0161e, IME, datum ipd.)","desc_type":true,"enablePrice":true,"pricingType":"fixed","price":"7","name":"text-1666713333654","fee_label":"Za naro\u010dnike izven eu, bo davek od\u0161tet na blagajni.","subtype":"text","maxlength":"16","cl_rule":"show","col":6,"relations":false,"form_id":46231,"form_rules":{"pric_cal_option_once":false,"exclude_from_discount":false,"pric_use_as_fee":false,"fee_label":"Fee","render_after_acb":false,"disp_hide_options_price":false}}]},"_links":{"self":[{"href":"https:\/\/chessgamesemporium.com\/es\/wp-json\/wp\/v2\/product\/46999","targetHints":{"allow":["GET"]}}],"collection":[{"href":"https:\/\/chessgamesemporium.com\/es\/wp-json\/wp\/v2\/product"}],"about":[{"href":"https:\/\/chessgamesemporium.com\/es\/wp-json\/wp\/v2\/types\/product"}],"replies":[{"embeddable":true,"href":"https:\/\/chessgamesemporium.com\/es\/wp-json\/wp\/v2\/comments?post=46999"}],"version-history":[{"count":0,"href":"https:\/\/chessgamesemporium.com\/es\/wp-json\/wp\/v2\/product\/46999\/revisions"}],"wp:featuredmedia":[{"embeddable":true,"href":"https:\/\/chessgamesemporium.com\/es\/wp-json\/wp\/v2\/media\/47145"}],"wp:attachment":[{"href":"https:\/\/chessgamesemporium.com\/es\/wp-json\/wp\/v2\/media?parent=46999"}],"wp:term":[{"taxonomy":"product_brand","embeddable":true,"href":"https:\/\/chessgamesemporium.com\/es\/wp-json\/wp\/v2\/product_brand?post=46999"},{"taxonomy":"product_cat","embeddable":true,"href":"https:\/\/chessgamesemporium.com\/es\/wp-json\/wp\/v2\/product_cat?post=46999"},{"taxonomy":"product_tag","embeddable":true,"href":"https:\/\/chessgamesemporium.com\/es\/wp-json\/wp\/v2\/product_tag?post=46999"}],"curies":[{"name":"wp","href":"https:\/\/api.w.org\/{rel}","templated":true}]}}