{"id":47199,"date":"2023-01-27T10:15:12","date_gmt":"2023-01-27T10:15:12","guid":{"rendered":"https:\/\/www.ivh44.si\/Ponudbe\/chess\/?post_type=product&#038;p=47199"},"modified":"2023-11-22T11:34:07","modified_gmt":"2023-11-22T11:34:07","slug":"dgt-torba-za-leseno-sahovnico-figure-in-uro","status":"publish","type":"product","link":"https:\/\/chessgamesemporium.com\/es\/shop\/razno-za-sah\/sahovske-skatle-torbe\/dgt-torba-za-leseno-sahovnico-figure-in-uro\/","title":{"rendered":"Bolsa de almacenamiento para ajedrez DGT"},"content":{"rendered":"<p>Estas bolsas de transporte DGT personalizadas ofrecen espacio para un tablero electr\u00f3nico DGT, piezas de ajedrez, reloj y accesorios.<br \/>\nEstas resistentes bolsas est\u00e1n fabricadas con lona robusta y acolchado reforzado: la manera perfecta de transportar y guardar de forma segura tus valiosos materiales de ajedrez.<\/p>\n<p>Incluye 2 bolsas m\u00e1s peque\u00f1as para las piezas.<br \/>\nTablero, piezas y reloj no incluidos.<\/p>\n<p>&nbsp;<\/p>\n<p>&nbsp;<\/p>\n<p>&nbsp;<\/p>","protected":false},"excerpt":{"rendered":"<p>DGT Torba ponuja prostor za leseno \u0161ahovnico standardnih dimenzij, \u0161ahovske figure, uro in druge dodatke. Torba je izdelana iz robustnega prlatna z oja\u010danim oblazinjenim materialom: popoln na\u010din za varno prena\u0161anje in shranjevanje va\u0161ega najljub\u0161ega \u0161ahovskega kompleta. K torbi sta dodani tudi 2 \u0161ahovski vre\u010dki za figure. \u0160ahovnica, figure in ura niso vklju\u010deni v ceno. &nbsp; [&hellip;]<\/p>","protected":false},"featured_media":47202,"comment_status":"closed","ping_status":"closed","template":"","meta":{"_seopress_robots_primary_cat":"none","_seopress_titles_title":"","_seopress_titles_desc":"","_seopress_robots_index":""},"product_brand":[],"product_cat":[547,578],"product_tag":[],"class_list":{"0":"post-47199","1":"product","2":"type-product","3":"status-publish","4":"has-post-thumbnail","6":"product_cat-razno-za-sah","7":"product_cat-sahovske-skatle-torbe","9":"entry","10":"has-media","12":"first","13":"instock","14":"taxable","15":"shipping-taxable","16":"purchasable","17":"product-type-simple","18":"has-product-nav","19":"col","20":"span_1_of_4","21":"owp-content-center","22":"item-entry","23":"owp-thumbs-layout-horizontal","24":"owp-btn-normal","25":"owp-tabs-layout-section"},"wcpa_form_fields":null,"_links":{"self":[{"href":"https:\/\/chessgamesemporium.com\/es\/wp-json\/wp\/v2\/product\/47199","targetHints":{"allow":["GET"]}}],"collection":[{"href":"https:\/\/chessgamesemporium.com\/es\/wp-json\/wp\/v2\/product"}],"about":[{"href":"https:\/\/chessgamesemporium.com\/es\/wp-json\/wp\/v2\/types\/product"}],"replies":[{"embeddable":true,"href":"https:\/\/chessgamesemporium.com\/es\/wp-json\/wp\/v2\/comments?post=47199"}],"version-history":[{"count":0,"href":"https:\/\/chessgamesemporium.com\/es\/wp-json\/wp\/v2\/product\/47199\/revisions"}],"wp:featuredmedia":[{"embeddable":true,"href":"https:\/\/chessgamesemporium.com\/es\/wp-json\/wp\/v2\/media\/47202"}],"wp:attachment":[{"href":"https:\/\/chessgamesemporium.com\/es\/wp-json\/wp\/v2\/media?parent=47199"}],"wp:term":[{"taxonomy":"product_brand","embeddable":true,"href":"https:\/\/chessgamesemporium.com\/es\/wp-json\/wp\/v2\/product_brand?post=47199"},{"taxonomy":"product_cat","embeddable":true,"href":"https:\/\/chessgamesemporium.com\/es\/wp-json\/wp\/v2\/product_cat?post=47199"},{"taxonomy":"product_tag","embeddable":true,"href":"https:\/\/chessgamesemporium.com\/es\/wp-json\/wp\/v2\/product_tag?post=47199"}],"curies":[{"name":"wp","href":"https:\/\/api.w.org\/{rel}","templated":true}]}}