{"id":47220,"date":"2023-01-27T12:04:16","date_gmt":"2023-01-27T12:04:16","guid":{"rendered":"https:\/\/www.ivh44.si\/Ponudbe\/chess\/?post_type=product&#038;p=47220"},"modified":"2026-01-23T11:55:37","modified_gmt":"2026-01-23T11:55:37","slug":"preklopna-garnitura-new-york","status":"publish","type":"product","link":"https:\/\/chessgamesemporium.com\/es\/shop\/sahovski-kompleti\/zlozljive-garniture\/preklopna-garnitura-new-york\/","title":{"rendered":"Juego de ajedrez plegable de madera NEW YORK"},"content":{"rendered":"<p>Presentamos nuestro juego de ajedrez plegable de madera NEW YORK, elaborado con madera de primera calidad para garantizar una experiencia de juego excepcional. Este juego est\u00e1 dise\u00f1ado para todos los aficionados al ajedrez que aprecian la elegancia, la calidad y un estilo atemporal.<\/p>\n<p>Su dise\u00f1o plegable facilita su almacenamiento y transporte, lo que lo hace ideal para quienes disfrutan jugando en diferentes lugares.<\/p>\n<p>Este juego cuenta con un dise\u00f1o cl\u00e1sico y artesanal de las piezas, que complementa a la perfecci\u00f3n el tablero de madera en cualquier espacio. Su sofisticaci\u00f3n y est\u00e9tica sin duda captar\u00e1n su atenci\u00f3n.<\/p>\n<p>El juego de ajedrez plegable de madera NEW YORK es la elecci\u00f3n perfecta para quienes desean disfrutar del ajedrez con estilo y elegancia. Independientemente de su nivel de habilidad, este juego de ajedrez de madera aportar\u00e1 alegr\u00eda y encanto a sus partidas.<\/p>\n<p>Piezas de ajedrez<br \/>\nPiezas de ajedrez de madera de fieltro de alta calidad. Doblemente lastradas y barnizadas. Las piezas negras est\u00e1n pintadas.<br \/>\nMaterial: Palo de rosa<\/p>\n<p>Dimensiones: (altura | ancho de la base)<br \/>\nRey: 8,2 cm | 3,4 cm<br \/>\nReina: 6,7 cm | 3,2 cm<br \/>\nTorre: 4,6 cm | 3,0 cm<br \/>\nAlfil: 6,2 cm | 3,0 cm<br \/>\nCaballo: 6,0 cm | 3,0 cm<br \/>\nPe\u00f3n: 4,7 cm | 2,8 cm<\/p>\n<p>Tablero de ajedrez plegable:<br \/>\nEl tablero de ajedrez plegable de madera incluye una bandeja para guardar las piezas.<br> Dimensiones del tablero cuadrado: 5,0 x 5,0 cm<br \/>\nDimensiones del juego (cerrado): 48 x 24 x 5 cm<\/p>\n<p>\u00a1Advertencia! \u00a1No apto para ni\u00f1os menores de 3 a\u00f1os debido a las piezas peque\u00f1as! Peligro de asfixia.<\/p>","protected":false},"excerpt":{"rendered":"<p>Predstavljamo na\u0161o leseno PREKLOPNO GARNITURO NEW YORK, izdelano iz prvovrstnega lesa, ki zagotavlja vrhunsko izku\u0161njo igranja \u0161aha. Ta \u0161ahovski komplet je ustvarjen za vse ljubitelje \u0161aha, ki cenijo eleganco, kakovost in brez\u010dasen slog. Zlo\u017eljiva zasnova omogo\u010da enostavno shranjevanje in prena\u0161anje, kar je idealno za \u0161ahiste, ki radi igrajo na razli\u010dnih mestih. PREKLOPNA GARNITURA NEW YORK [&hellip;]<\/p>","protected":false},"featured_media":48302,"comment_status":"closed","ping_status":"closed","template":"","meta":{"_seopress_robots_primary_cat":"none","_seopress_titles_title":"","_seopress_titles_desc":"","_seopress_robots_index":""},"product_brand":[],"product_cat":[510,518],"product_tag":[],"class_list":{"0":"post-47220","1":"product","2":"type-product","3":"status-publish","4":"has-post-thumbnail","6":"product_cat-sahovski-kompleti","7":"product_cat-zlozljive-garniture","8":"wcpa_has_options","10":"entry","11":"has-media","13":"first","14":"instock","15":"taxable","16":"shipping-taxable","17":"purchasable","18":"product-type-variable","19":"has-product-nav","20":"col","21":"span_1_of_4","22":"owp-content-center","23":"item-entry","24":"owp-thumbs-layout-horizontal","25":"owp-btn-normal","26":"owp-tabs-layout-section"},"wcpa_form_fields":{"rules":{"pric_overide_base_price":false,"pric_overide_base_price_if_gt_zero":false,"pric_overide_base_price_fully":false,"pric_cal_option_once":false,"pric_use_as_fee":false,"bind_quantity":false,"quantity_bind_formula":false},"fields":[{"type":"text","elementId":"wcpa-text-1666713333654","label":"Gravura ( opcijsko )","description":"Vpi\u0161ite \u017eeljeni tekst za graviranje (npr. Vse najbolj\u0161e, IME, datum ipd.)","desc_type":true,"enablePrice":true,"pricingType":"fixed","price":"7","name":"text-1666713333654","fee_label":"Za naro\u010dnike izven eu, bo davek od\u0161tet na blagajni.","subtype":"text","maxlength":"16","cl_rule":"show","col":6,"relations":false,"form_id":46231,"form_rules":{"pric_cal_option_once":false,"exclude_from_discount":false,"pric_use_as_fee":false,"fee_label":"Fee","render_after_acb":false,"disp_hide_options_price":false}}]},"_links":{"self":[{"href":"https:\/\/chessgamesemporium.com\/es\/wp-json\/wp\/v2\/product\/47220","targetHints":{"allow":["GET"]}}],"collection":[{"href":"https:\/\/chessgamesemporium.com\/es\/wp-json\/wp\/v2\/product"}],"about":[{"href":"https:\/\/chessgamesemporium.com\/es\/wp-json\/wp\/v2\/types\/product"}],"replies":[{"embeddable":true,"href":"https:\/\/chessgamesemporium.com\/es\/wp-json\/wp\/v2\/comments?post=47220"}],"version-history":[{"count":0,"href":"https:\/\/chessgamesemporium.com\/es\/wp-json\/wp\/v2\/product\/47220\/revisions"}],"wp:featuredmedia":[{"embeddable":true,"href":"https:\/\/chessgamesemporium.com\/es\/wp-json\/wp\/v2\/media\/48302"}],"wp:attachment":[{"href":"https:\/\/chessgamesemporium.com\/es\/wp-json\/wp\/v2\/media?parent=47220"}],"wp:term":[{"taxonomy":"product_brand","embeddable":true,"href":"https:\/\/chessgamesemporium.com\/es\/wp-json\/wp\/v2\/product_brand?post=47220"},{"taxonomy":"product_cat","embeddable":true,"href":"https:\/\/chessgamesemporium.com\/es\/wp-json\/wp\/v2\/product_cat?post=47220"},{"taxonomy":"product_tag","embeddable":true,"href":"https:\/\/chessgamesemporium.com\/es\/wp-json\/wp\/v2\/product_tag?post=47220"}],"curies":[{"name":"wp","href":"https:\/\/api.w.org\/{rel}","templated":true}]}}