{"id":47769,"date":"2023-02-23T12:05:09","date_gmt":"2023-02-23T12:05:09","guid":{"rendered":"https:\/\/www.ivh44.si\/Ponudbe\/chess\/?post_type=product&#038;p=47769"},"modified":"2024-03-29T11:55:13","modified_gmt":"2024-03-29T11:55:13","slug":"jigchess-sahovnica-4x4-45-mm","status":"publish","type":"product","link":"https:\/\/chessgamesemporium.com\/es\/shop\/sahovnice\/plasticne-sahovnice\/jigchess-sahovnica-4x4-45-mm\/","title":{"rendered":"JIGCHESS \u00c9chiquier - 4 x 4 - 45 mm"},"content":{"rendered":"<p>JIGCHESS \u00c9chiquier - 4 x 4 - 45 mm<\/p>\n<p>Dimensiones de las casillas: 45 x 45 mm<br \/>\nTama\u00f1o del tablero: 39 x 39 cm<br \/>\nGrosor del tablero: 2 mm<br \/>\nN\u00famero de piezas del rompecabezas: 16 (4\u00d74)<br \/>\nCon notaci\u00f3n<\/p>\n<p>Este tablero de ajedrez se puede desmontar para facilitar su almacenamiento y transporte.<\/p>\n<p>El tablero est\u00e1 fabricado en espuma de PVC extruido duro con una estructura celular cerrada, fina y homog\u00e9nea. Es resistente al agua y al fuego.<br \/>\nEl material es robusto y resistente a las abolladuras.<br \/>\nApto para uso en interiores y exteriores.<\/p>\n<p>Sus casillas de 45 x 45 mm son ideales para piezas de ajedrez con una altura de rey de entre 83 y 90 mm.<\/p>","protected":false},"excerpt":{"rendered":"<p>JIGCHESS \u0160ahovnica &#8211; 4&#215;4 &#8211; 45 mm Dimenzije polja: 45 mm Dimenzije \u0161ahovnice: 39 x 39 cm Debelina \u0161ahovnice: 2 mm \u0160tevilo kosov (puzzle):16 kosov (4&#215;4) Z notacijo \u0160ahovnica se enostavno prena\u0161a ali spakira, ker se razstavi na ve\u010d kosov in je primerna tudi za potovanja. Izdelana iz trdega ekstrudiranega penastega pvc-ja z izredno fino [&hellip;]<\/p>","protected":false},"featured_media":47772,"comment_status":"closed","ping_status":"closed","template":"","meta":{"_seopress_robots_primary_cat":"none","_seopress_titles_title":"","_seopress_titles_desc":"","_seopress_robots_index":""},"product_brand":[],"product_cat":[514,523],"product_tag":[591],"class_list":{"0":"post-47769","1":"product","2":"type-product","3":"status-publish","4":"has-post-thumbnail","6":"product_cat-sahovnice","7":"product_cat-plasticne-sahovnice","8":"product_tag-45mm","10":"entry","11":"has-media","13":"first","14":"instock","15":"taxable","16":"shipping-taxable","17":"purchasable","18":"product-type-simple","19":"has-product-nav","20":"col","21":"span_1_of_4","22":"owp-content-center","23":"item-entry","24":"owp-thumbs-layout-horizontal","25":"owp-btn-normal","26":"owp-tabs-layout-section"},"wcpa_form_fields":null,"_links":{"self":[{"href":"https:\/\/chessgamesemporium.com\/es\/wp-json\/wp\/v2\/product\/47769","targetHints":{"allow":["GET"]}}],"collection":[{"href":"https:\/\/chessgamesemporium.com\/es\/wp-json\/wp\/v2\/product"}],"about":[{"href":"https:\/\/chessgamesemporium.com\/es\/wp-json\/wp\/v2\/types\/product"}],"replies":[{"embeddable":true,"href":"https:\/\/chessgamesemporium.com\/es\/wp-json\/wp\/v2\/comments?post=47769"}],"version-history":[{"count":0,"href":"https:\/\/chessgamesemporium.com\/es\/wp-json\/wp\/v2\/product\/47769\/revisions"}],"wp:featuredmedia":[{"embeddable":true,"href":"https:\/\/chessgamesemporium.com\/es\/wp-json\/wp\/v2\/media\/47772"}],"wp:attachment":[{"href":"https:\/\/chessgamesemporium.com\/es\/wp-json\/wp\/v2\/media?parent=47769"}],"wp:term":[{"taxonomy":"product_brand","embeddable":true,"href":"https:\/\/chessgamesemporium.com\/es\/wp-json\/wp\/v2\/product_brand?post=47769"},{"taxonomy":"product_cat","embeddable":true,"href":"https:\/\/chessgamesemporium.com\/es\/wp-json\/wp\/v2\/product_cat?post=47769"},{"taxonomy":"product_tag","embeddable":true,"href":"https:\/\/chessgamesemporium.com\/es\/wp-json\/wp\/v2\/product_tag?post=47769"}],"curies":[{"name":"wp","href":"https:\/\/api.w.org\/{rel}","templated":true}]}}