{"id":47843,"date":"2023-03-07T13:13:55","date_gmt":"2023-03-07T13:13:55","guid":{"rendered":"https:\/\/www.ivh44.si\/Ponudbe\/chess\/?post_type=product&#038;p=47843"},"modified":"2026-04-22T10:57:10","modified_gmt":"2026-04-22T10:57:10","slug":"sahovska-garnitura-ameriski-staunton","status":"publish","type":"product","link":"https:\/\/chessgamesemporium.com\/es\/shop\/sahovski-kompleti\/zlozljive-garniture\/sahovska-garnitura-ameriski-staunton\/","title":{"rendered":"Juego de ajedrez plegable de madera AMERICAN STAUNTON"},"content":{"rendered":"<p>Piezas de ajedrez<br \/>\nUn juego de ajedrez de exquisita elaboraci\u00f3n, con un caballo detallado.<br \/>\nColores natural\/marr\u00f3n o natural\/negro, pulido.<br \/>\nCon peso y base de fieltro.<br \/>\nMaterial: Palo de rosa\/Boj<\/p>\n<p>Dimensiones: (altura | ancho de la base)<br \/>\nRey: 9,8 cm | 3,6 cm<br \/>\nReina: 8,2 cm | 3,6 cm<br \/>\nTorre: 5,9 cm | 3,3 cm<br \/>\nAlfil: 7,1 cm | 3,3 cm<br \/>\nCaballo: 6,6 cm | 3,2 cm<br \/>\nPe\u00f3n: 5,2 cm | 2,6 cm<\/p>\n<p>Tablero de ajedrez plegable - Casete de torneo n.\u00b0 6<br \/>\nDimensiones de las casillas: 5,8 x 5,8 cm<br \/>\nDimensiones del tablero (cerrado): 52 x 26 x 6 cm<\/p>\n<p>Este precioso tablero de ajedrez plegable tiene incrustaciones de madera de caoba y sicomoro. Incluye una bandeja para guardar las piezas.<\/p>\n<p>El juego de ajedrez plegable de madera American Staunton combina dise\u00f1o cl\u00e1sico, funcionalidad y alta calidad en un solo conjunto. Las piezas con peso y base de fieltro garantizan estabilidad y un movimiento suave, mientras que el caballo detallado y el acabado pulido aportan un aspecto elegante. Fabricado en maderas de calidad como palosanto y boj, ofrece durabilidad y una experiencia de juego profesional.<\/p>\n<p>El tablero plegable con compartimento interno permite guardar las piezas de forma segura y transportarlas f\u00e1cilmente. Es ideal para uso en casa, clubes o viajes. Su tama\u00f1o de torneo asegura una experiencia de juego c\u00f3moda y conforme a los est\u00e1ndares. Este juego de ajedrez de madera tambi\u00e9n es un regalo perfecto para los amantes del ajedrez.<\/p>\n<p>Una excelente opci\u00f3n para quienes buscan un juego de ajedrez de calidad y pr\u00e1ctico.<\/p>\n<p>\u00a1Advertencia! \u00a1No apto para ni\u00f1os menores de 3 a\u00f1os debido a las piezas peque\u00f1as! Peligro de asfixia.<\/p>","protected":false},"excerpt":{"rendered":"<p>\u0160ahovske figure: Lepo oblikovane \u0161ahovske figure z dodatno oblikovanim skaka\u010dem. Vi\u0161ina kralja: 98mm rjava\/naravna, polirana Obte\u017eene in polnjene Palisander\/pu\u0161pan Dimenzije: (vi\u0161ina figure | premer podlage) Kralj: 9,8 cm | 3,6 cm Dama: 8,2 cm | 3,6 cm Top: 5,9 cm | 3,3 cm Lovec: 7,1 cm | 3,3 cm Skaka\u010d: 6,6 cm | 3,2 cm [&hellip;]<\/p>","protected":false},"featured_media":48303,"comment_status":"closed","ping_status":"closed","template":"","meta":{"_seopress_robots_primary_cat":"none","_seopress_titles_title":"Zlo\u017eljiv lesen \u0161ah American Staunton z obte\u017eenimi figurami | ChessGamesEmporium","_seopress_titles_desc":"Zlo\u017eljiv lesen \u0161ahovski komplet American Staunton s kakovostnimi obte\u017eenimi figurami in elegantnim dizajnom. Idealen za darilo, doma\u010do igro ali potovanja.","_seopress_robots_index":""},"product_brand":[],"product_cat":[510,518],"product_tag":[],"class_list":{"0":"post-47843","1":"product","2":"type-product","3":"status-publish","4":"has-post-thumbnail","6":"product_cat-sahovski-kompleti","7":"product_cat-zlozljive-garniture","8":"wcpa_has_options","10":"entry","11":"has-media","13":"first","14":"instock","15":"taxable","16":"shipping-taxable","17":"purchasable","18":"product-type-variable","19":"has-product-nav","20":"col","21":"span_1_of_4","22":"owp-content-center","23":"item-entry","24":"owp-thumbs-layout-horizontal","25":"owp-btn-normal","26":"owp-tabs-layout-section"},"wcpa_form_fields":{"rules":{"pric_overide_base_price":false,"pric_overide_base_price_if_gt_zero":false,"pric_overide_base_price_fully":false,"pric_cal_option_once":false,"pric_use_as_fee":false,"bind_quantity":false,"quantity_bind_formula":false},"fields":[{"type":"checkbox-group","elementId":"wcpa-checkbox-group-1707738535577","label":"Dodatek","enablePrice":true,"priceOptions":"fixed_for_all","pricingType":"fixed","price":"5","name":"checkbox-group-1707738535577","other_text":"Other","cl_rule":"show","col":6,"values":[{"label":"Dodatni kraljici (bela in \u010drna)","value":"5.00 Eur","price":"","pimage":"","pimage_id":"","pthumb":""}],"relations":false,"form_id":55845,"form_rules":{"pric_cal_option_once":false,"exclude_from_discount":false,"pric_use_as_fee":false,"fee_label":"Fee","render_after_acb":false,"disp_hide_options_price":false}},{"type":"text","elementId":"wcpa-text-1666713333654","label":"Gravura ( opcijsko )","description":"Vpi\u0161ite \u017eeljeni tekst za graviranje (npr. Vse najbolj\u0161e, IME, datum ipd.)","desc_type":true,"enablePrice":true,"pricingType":"fixed","price":"7","name":"text-1666713333654","fee_label":"Za naro\u010dnike izven eu, bo davek od\u0161tet na blagajni.","subtype":"text","maxlength":"16","cl_rule":"show","col":6,"relations":false,"form_id":46231,"form_rules":{"pric_cal_option_once":false,"exclude_from_discount":false,"pric_use_as_fee":false,"fee_label":"Fee","render_after_acb":false,"disp_hide_options_price":false}}]},"_links":{"self":[{"href":"https:\/\/chessgamesemporium.com\/es\/wp-json\/wp\/v2\/product\/47843","targetHints":{"allow":["GET"]}}],"collection":[{"href":"https:\/\/chessgamesemporium.com\/es\/wp-json\/wp\/v2\/product"}],"about":[{"href":"https:\/\/chessgamesemporium.com\/es\/wp-json\/wp\/v2\/types\/product"}],"replies":[{"embeddable":true,"href":"https:\/\/chessgamesemporium.com\/es\/wp-json\/wp\/v2\/comments?post=47843"}],"version-history":[{"count":0,"href":"https:\/\/chessgamesemporium.com\/es\/wp-json\/wp\/v2\/product\/47843\/revisions"}],"wp:featuredmedia":[{"embeddable":true,"href":"https:\/\/chessgamesemporium.com\/es\/wp-json\/wp\/v2\/media\/48303"}],"wp:attachment":[{"href":"https:\/\/chessgamesemporium.com\/es\/wp-json\/wp\/v2\/media?parent=47843"}],"wp:term":[{"taxonomy":"product_brand","embeddable":true,"href":"https:\/\/chessgamesemporium.com\/es\/wp-json\/wp\/v2\/product_brand?post=47843"},{"taxonomy":"product_cat","embeddable":true,"href":"https:\/\/chessgamesemporium.com\/es\/wp-json\/wp\/v2\/product_cat?post=47843"},{"taxonomy":"product_tag","embeddable":true,"href":"https:\/\/chessgamesemporium.com\/es\/wp-json\/wp\/v2\/product_tag?post=47843"}],"curies":[{"name":"wp","href":"https:\/\/api.w.org\/{rel}","templated":true}]}}