{"id":47894,"date":"2023-10-31T11:29:04","date_gmt":"2023-10-31T11:29:04","guid":{"rendered":"https:\/\/www.ivh44.si\/Ponudbe\/chess\/?post_type=product&#038;p=47894"},"modified":"2026-04-09T17:14:38","modified_gmt":"2026-04-09T17:14:38","slug":"preklopna-sahovska-garnitura-ambasador","status":"publish","type":"product","link":"https:\/\/chessgamesemporium.com\/es\/shop\/sahovski-kompleti\/zlozljive-garniture\/preklopna-sahovska-garnitura-ambasador\/","title":{"rendered":"Set de ajedrez Ambassador \u2013 madera plegable para regalo"},"content":{"rendered":"<p>Piezas de ajedrez:<br \/>\nDe madera, con fieltro, barnizadas, dise\u00f1o quemado<\/p>\n<p>Dimensiones: (altura | ancho de la base)<br \/>\nRey: 10,8 cm | 3,8 cm<br \/>\nReina: 9,1 cm | 3,8 cm<br \/>\nTorre: 6,2 cm | 3,8 cm<br \/>\nAlfil: 7,2 cm | 3,8 cm<br \/>\nCaballo: 7,1 cm | 3,8 cm<br \/>\nPe\u00f3n: 5,1 cm | 3,1 cm<\/p>\n<p>Tablero de ajedrez plegable:<br \/>\nDise\u00f1o quemado, con bandeja de almacenamiento.<\/p>\n<p>Dimensiones de las casillas del tablero: 5,3 x 5,3 cm.<br \/>\nDimensiones del tablero (cerrado): 55 x 27,5 x 6 cm.<\/p>\n<p>El ajedrez Ambassador es el juego m\u00e1s popular de nuestra gama decorativa. Gracias a su gran tama\u00f1o y dise\u00f1o \u00fanico, se considera un juego de ajedrez de lujo. Las preciosas piezas est\u00e1n hechas de madera de carpe y sicomoro. Al igual que el tablero de ajedrez, tienen adornos quemados. El tablero plegable quemado incluye una bandeja para guardar las piezas.<\/p>\n<p>\u00a1Advertencia! \u00a1No apto para ni\u00f1os menores de 3 a\u00f1os debido a las piezas peque\u00f1as! Peligro de asfixia.<\/p>","protected":false},"excerpt":{"rendered":"<p>El set de ajedrez Ambassador es un tablero plegable de madera con almacenamiento integrado para las piezas. Un regalo perfecto para amantes del ajedrez, ideal para casa y viajes.<\/p>","protected":false},"featured_media":56464,"comment_status":"closed","ping_status":"closed","template":"","meta":{"_seopress_robots_primary_cat":"none","_seopress_titles_title":"","_seopress_titles_desc":"","_seopress_robots_index":""},"product_brand":[],"product_cat":[510,518],"product_tag":[],"class_list":{"0":"post-47894","1":"product","2":"type-product","3":"status-publish","4":"has-post-thumbnail","6":"product_cat-sahovski-kompleti","7":"product_cat-zlozljive-garniture","8":"wcpa_has_options","10":"entry","11":"has-media","13":"first","14":"instock","15":"taxable","16":"shipping-taxable","17":"purchasable","18":"product-type-variable","19":"has-product-nav","20":"col","21":"span_1_of_4","22":"owp-content-center","23":"item-entry","24":"owp-thumbs-layout-horizontal","25":"owp-btn-normal","26":"owp-tabs-layout-section"},"wcpa_form_fields":{"rules":{"pric_overide_base_price":false,"pric_overide_base_price_if_gt_zero":false,"pric_overide_base_price_fully":false,"pric_cal_option_once":false,"pric_use_as_fee":false,"bind_quantity":false,"quantity_bind_formula":false},"fields":[{"type":"text","elementId":"wcpa-text-1666713333654","label":"Gravura ( opcijsko )","description":"Vpi\u0161ite \u017eeljeni tekst za graviranje (npr. Vse najbolj\u0161e, IME, datum ipd.)","desc_type":true,"enablePrice":true,"pricingType":"fixed","price":"7","name":"text-1666713333654","fee_label":"Za naro\u010dnike izven eu, bo davek od\u0161tet na blagajni.","subtype":"text","maxlength":"16","cl_rule":"show","col":6,"relations":false,"form_id":46231,"form_rules":{"pric_cal_option_once":false,"exclude_from_discount":false,"pric_use_as_fee":false,"fee_label":"Fee","render_after_acb":false,"disp_hide_options_price":false}}]},"_links":{"self":[{"href":"https:\/\/chessgamesemporium.com\/es\/wp-json\/wp\/v2\/product\/47894","targetHints":{"allow":["GET"]}}],"collection":[{"href":"https:\/\/chessgamesemporium.com\/es\/wp-json\/wp\/v2\/product"}],"about":[{"href":"https:\/\/chessgamesemporium.com\/es\/wp-json\/wp\/v2\/types\/product"}],"replies":[{"embeddable":true,"href":"https:\/\/chessgamesemporium.com\/es\/wp-json\/wp\/v2\/comments?post=47894"}],"version-history":[{"count":0,"href":"https:\/\/chessgamesemporium.com\/es\/wp-json\/wp\/v2\/product\/47894\/revisions"}],"wp:featuredmedia":[{"embeddable":true,"href":"https:\/\/chessgamesemporium.com\/es\/wp-json\/wp\/v2\/media\/56464"}],"wp:attachment":[{"href":"https:\/\/chessgamesemporium.com\/es\/wp-json\/wp\/v2\/media?parent=47894"}],"wp:term":[{"taxonomy":"product_brand","embeddable":true,"href":"https:\/\/chessgamesemporium.com\/es\/wp-json\/wp\/v2\/product_brand?post=47894"},{"taxonomy":"product_cat","embeddable":true,"href":"https:\/\/chessgamesemporium.com\/es\/wp-json\/wp\/v2\/product_cat?post=47894"},{"taxonomy":"product_tag","embeddable":true,"href":"https:\/\/chessgamesemporium.com\/es\/wp-json\/wp\/v2\/product_tag?post=47894"}],"curies":[{"name":"wp","href":"https:\/\/api.w.org\/{rel}","templated":true}]}}