{"id":47921,"date":"2023-03-08T11:56:06","date_gmt":"2023-03-08T11:56:06","guid":{"rendered":"https:\/\/www.ivh44.si\/Ponudbe\/chess\/?post_type=product&#038;p=47921"},"modified":"2026-01-07T08:40:41","modified_gmt":"2026-01-07T08:40:41","slug":"preklopna-sahovska-garnitura-junior","status":"publish","type":"product","link":"https:\/\/chessgamesemporium.com\/es\/shop\/sahovski-kompleti\/zlozljive-garniture\/preklopna-sahovska-garnitura-junior\/","title":{"rendered":"Juego de ajedrez plegable de madera JUNIOR"},"content":{"rendered":"<p>Piezas de ajedrez:<br \/>\nPiezas de ajedrez de madera, base de fieltro.<br \/>\nPiezas de ajedrez de madera, base de fieltro.<\/p>\n<p>Dimensiones: (altura | ancho de la base)<br \/>\nRei: 7,6 cm | 3,0 cm<br \/>\nReina: 6,6 cm | 3,0 cm.<br \/>\nTorre: 4,2 cm | 2,5 cm.<br \/>\nAlfil: 5,2 cm | 2,5 cm<br \/>\nCaballo: 4,9 cm | 2,5 cm<br \/>\nPe\u00f3n: 3,6 cm | 2,2 cm<\/p>\n<p>Tablero de ajedrez plegable:<br \/>\nTama\u00f1o de las casillas del tablero: 4 \u00d7 4 cm<br \/>\nDimensiones del juego (cerrado): 42 x 21 x 5 cm<\/p>\n<p>Junior es un juego muy popular de nuestra gama de decoraci\u00f3n para aficionados. Las piezas de ajedrez lastradas, hechas de madera de carpe y sicomoro, presentan un dise\u00f1o mixto de las piezas de Staunton y del Rey. El tablero plegable, de tama\u00f1o mediano, incorpora una bandeja para guardar las piezas.<\/p>\n<p>\u00a1Advertencia! \u00a1No apto para ni\u00f1os menores de 3 a\u00f1os debido a las piezas peque\u00f1as! Peligro de asfixia.<\/p>","protected":false},"excerpt":{"rendered":"<p>Figure: Lesene, podlo\u017eene Material: gaber in platana Dimenzije: (vi\u0161ina figure | premer podlage) Kralj: 7,6 cm | 3,0 cm Dama: 6,6 cm | 3,0 cm Top: 4,2 cm | 2,5 cm Lovec: 5,2 cm | 2,5 cm Skaka\u010d: 4,9 cm | 2,5 cm Kmet: 3,6 cm | 2,2 cm \u0160ahovnica &#8211; preklopna lesena \u0161ahovska kaseta [&hellip;]<\/p>","protected":false},"featured_media":47931,"comment_status":"closed","ping_status":"closed","template":"","meta":{"_seopress_robots_primary_cat":"none","_seopress_titles_title":"","_seopress_titles_desc":"","_seopress_robots_index":""},"product_brand":[],"product_cat":[510,518],"product_tag":[],"class_list":{"0":"post-47921","1":"product","2":"type-product","3":"status-publish","4":"has-post-thumbnail","6":"product_cat-sahovski-kompleti","7":"product_cat-zlozljive-garniture","8":"wcpa_has_options","10":"entry","11":"has-media","13":"first","14":"instock","15":"taxable","16":"shipping-taxable","17":"purchasable","18":"product-type-simple","19":"has-product-nav","20":"col","21":"span_1_of_4","22":"owp-content-center","23":"item-entry","24":"owp-thumbs-layout-horizontal","25":"owp-btn-normal","26":"owp-tabs-layout-section"},"wcpa_form_fields":{"rules":{"pric_overide_base_price":false,"pric_overide_base_price_if_gt_zero":false,"pric_overide_base_price_fully":false,"pric_cal_option_once":false,"pric_use_as_fee":false,"bind_quantity":false,"quantity_bind_formula":false},"fields":[{"type":"text","elementId":"wcpa-text-1666713333654","label":"Gravura ( opcijsko )","description":"Vpi\u0161ite \u017eeljeni tekst za graviranje (npr. Vse najbolj\u0161e, IME, datum ipd.)","desc_type":true,"enablePrice":true,"pricingType":"fixed","price":"7","name":"text-1666713333654","fee_label":"Za naro\u010dnike izven eu, bo davek od\u0161tet na blagajni.","subtype":"text","maxlength":"16","cl_rule":"show","col":6,"relations":false,"form_id":46231,"form_rules":{"pric_cal_option_once":false,"exclude_from_discount":false,"pric_use_as_fee":false,"fee_label":"Fee","render_after_acb":false,"disp_hide_options_price":false}}]},"_links":{"self":[{"href":"https:\/\/chessgamesemporium.com\/es\/wp-json\/wp\/v2\/product\/47921","targetHints":{"allow":["GET"]}}],"collection":[{"href":"https:\/\/chessgamesemporium.com\/es\/wp-json\/wp\/v2\/product"}],"about":[{"href":"https:\/\/chessgamesemporium.com\/es\/wp-json\/wp\/v2\/types\/product"}],"replies":[{"embeddable":true,"href":"https:\/\/chessgamesemporium.com\/es\/wp-json\/wp\/v2\/comments?post=47921"}],"version-history":[{"count":0,"href":"https:\/\/chessgamesemporium.com\/es\/wp-json\/wp\/v2\/product\/47921\/revisions"}],"wp:featuredmedia":[{"embeddable":true,"href":"https:\/\/chessgamesemporium.com\/es\/wp-json\/wp\/v2\/media\/47931"}],"wp:attachment":[{"href":"https:\/\/chessgamesemporium.com\/es\/wp-json\/wp\/v2\/media?parent=47921"}],"wp:term":[{"taxonomy":"product_brand","embeddable":true,"href":"https:\/\/chessgamesemporium.com\/es\/wp-json\/wp\/v2\/product_brand?post=47921"},{"taxonomy":"product_cat","embeddable":true,"href":"https:\/\/chessgamesemporium.com\/es\/wp-json\/wp\/v2\/product_cat?post=47921"},{"taxonomy":"product_tag","embeddable":true,"href":"https:\/\/chessgamesemporium.com\/es\/wp-json\/wp\/v2\/product_tag?post=47921"}],"curies":[{"name":"wp","href":"https:\/\/api.w.org\/{rel}","templated":true}]}}