{"id":48012,"date":"2023-03-09T12:55:21","date_gmt":"2023-03-09T12:55:21","guid":{"rendered":"https:\/\/www.ivh44.si\/Ponudbe\/chess\/?post_type=product&#038;p=48012"},"modified":"2026-01-23T11:53:28","modified_gmt":"2026-01-23T11:53:28","slug":"preklopna-sahovska-garnitura-magnetic-dark","status":"publish","type":"product","link":"https:\/\/chessgamesemporium.com\/es\/shop\/sahovski-kompleti\/zlozljive-garniture\/preklopna-sahovska-garnitura-magnetic-dark\/","title":{"rendered":"Juego de ajedrez plegable de madera MAGNETIC DARK"},"content":{"rendered":"<p>Piezas de ajedrez<br \/>\nPiezas de ajedrez de madera, base de fieltro, recubiertas.<br \/>\nMaterial: Carpe.<\/p>\n<p>Dimensiones: (altura | ancho de la base):<br \/>\nRey: 4,6 cm | 2,0 cm.<br \/>\nReina: 4,4 cm | 1,9 cm.<br \/>\nTorre: 3,0 cm | 1,8 cm.<br \/>\nAlfil: 3,9 cm | 1,8 cm<br \/>\nCaballo: 3,6 cm | 1,8 cm<br \/>\nPe\u00f3n: 2,5 cm | 1,6 cm<\/p>\n<p>Tablero de ajedrez plegable:<br \/>\nTama\u00f1o de las casillas del tablero: 3,0 x 3,0 cm.<br \/>\nDimensiones del juego (cerrado): 27 x 13,5 x 4 cm<\/p>\n<p>Estas preciosas piezas de ajedrez fabricadas en madera de carpe est\u00e1n lastradas y equipadas con imanes. Gracias a ellos, las piezas se adhieren muy bien al tablero. El tablero plegable cuenta con una bandeja insertable para guardar las piezas.<\/p>\n<p>\u00a1Advertencia! \u00a1No apto para ni\u00f1os menores de 3 a\u00f1os debido a las piezas peque\u00f1as! Peligro de asfixia.<\/p>","protected":false},"excerpt":{"rendered":"<p>\u0160ahovske figure Lesene figure, podlo\u017eene, lakirane. Material: gaber Dimenzije: (vi\u0161ina | premer podlage): Kralj: 4,6 cm | 2,0 cm Dama: 4,4 cm | 1,9 cm Top: 3,0 cm | 1,8 cm Lovec: 3,9 cm | 1,8 cm Skaka\u010d: 3,6 cm | 1,8 cm Kmet: 2,5 cm | 1,6 cm \u0160ahovnica &#8211; preklopna \u0161ahovska kaseta Dimenzije [&hellip;]<\/p>","protected":false},"featured_media":48191,"comment_status":"closed","ping_status":"closed","template":"","meta":{"_seopress_robots_primary_cat":"none","_seopress_titles_title":"","_seopress_titles_desc":"","_seopress_robots_index":""},"product_brand":[],"product_cat":[510,518],"product_tag":[],"class_list":{"0":"post-48012","1":"product","2":"type-product","3":"status-publish","4":"has-post-thumbnail","6":"product_cat-sahovski-kompleti","7":"product_cat-zlozljive-garniture","8":"wcpa_has_options","10":"entry","11":"has-media","13":"first","14":"instock","15":"taxable","16":"shipping-taxable","17":"purchasable","18":"product-type-simple","19":"has-product-nav","20":"col","21":"span_1_of_4","22":"owp-content-center","23":"item-entry","24":"owp-thumbs-layout-horizontal","25":"owp-btn-normal","26":"owp-tabs-layout-section"},"wcpa_form_fields":{"rules":{"pric_overide_base_price":false,"pric_overide_base_price_if_gt_zero":false,"pric_overide_base_price_fully":false,"pric_cal_option_once":false,"pric_use_as_fee":false,"bind_quantity":false,"quantity_bind_formula":false},"fields":[{"type":"text","elementId":"wcpa-text-1666713333654","label":"Gravura ( opcijsko )","description":"Vpi\u0161ite \u017eeljeni tekst za graviranje (npr. Vse najbolj\u0161e, IME, datum ipd.)","desc_type":true,"enablePrice":true,"pricingType":"fixed","price":"7","name":"text-1666713333654","fee_label":"Za naro\u010dnike izven eu, bo davek od\u0161tet na blagajni.","subtype":"text","maxlength":"16","cl_rule":"show","col":6,"relations":false,"form_id":46231,"form_rules":{"pric_cal_option_once":false,"exclude_from_discount":false,"pric_use_as_fee":false,"fee_label":"Fee","render_after_acb":false,"disp_hide_options_price":false}}]},"_links":{"self":[{"href":"https:\/\/chessgamesemporium.com\/es\/wp-json\/wp\/v2\/product\/48012","targetHints":{"allow":["GET"]}}],"collection":[{"href":"https:\/\/chessgamesemporium.com\/es\/wp-json\/wp\/v2\/product"}],"about":[{"href":"https:\/\/chessgamesemporium.com\/es\/wp-json\/wp\/v2\/types\/product"}],"replies":[{"embeddable":true,"href":"https:\/\/chessgamesemporium.com\/es\/wp-json\/wp\/v2\/comments?post=48012"}],"version-history":[{"count":0,"href":"https:\/\/chessgamesemporium.com\/es\/wp-json\/wp\/v2\/product\/48012\/revisions"}],"wp:featuredmedia":[{"embeddable":true,"href":"https:\/\/chessgamesemporium.com\/es\/wp-json\/wp\/v2\/media\/48191"}],"wp:attachment":[{"href":"https:\/\/chessgamesemporium.com\/es\/wp-json\/wp\/v2\/media?parent=48012"}],"wp:term":[{"taxonomy":"product_brand","embeddable":true,"href":"https:\/\/chessgamesemporium.com\/es\/wp-json\/wp\/v2\/product_brand?post=48012"},{"taxonomy":"product_cat","embeddable":true,"href":"https:\/\/chessgamesemporium.com\/es\/wp-json\/wp\/v2\/product_cat?post=48012"},{"taxonomy":"product_tag","embeddable":true,"href":"https:\/\/chessgamesemporium.com\/es\/wp-json\/wp\/v2\/product_tag?post=48012"}],"curies":[{"name":"wp","href":"https:\/\/api.w.org\/{rel}","templated":true}]}}