{"id":48148,"date":"2023-03-17T11:43:47","date_gmt":"2023-03-17T11:43:47","guid":{"rendered":"https:\/\/www.ivh44.si\/Ponudbe\/chess\/?post_type=product&#038;p=48148"},"modified":"2025-01-06T08:06:58","modified_gmt":"2025-01-06T08:06:58","slug":"sahovski-komplet-madrid","status":"publish","type":"product","link":"https:\/\/chessgamesemporium.com\/es\/shop\/sahovski-kompleti\/sestavljeni-kompleti\/sahovski-komplet-madrid\/","title":{"rendered":"\u0160ahovski Komplet MADRID"},"content":{"rendered":"<p>El juego de ajedrez Madrid es una hermosa combinaci\u00f3n de elegancia y tradici\u00f3n, perfecto tanto para principiantes como para jugadores avanzados. Incluye piezas de dise\u00f1o intrincado, elaboradas con materiales de alta calidad, y un elegante tablero de madera que irradia sofisticaci\u00f3n. Con su encanto cl\u00e1sico y su exquisita artesan\u00eda, el juego de ajedrez Madrid realzar\u00e1 cualquier partida o colecci\u00f3n.<\/p>\n<p>PIEZAS DE AJEDREZ<\/p>\n<p>Piezas Staunton est\u00e1ndar de torneo. Con peso, barnizadas y forradas de fieltro. Estas piezas tienen el tama\u00f1o reglamentario para torneos.<\/p>\n<p>Dimensiones: (altura | ancho de la base)<br \/>\nRey: 9,6 cm | 3,5 cm<br \/>\nReina: 9,6 cm | 3,5 cm<br \/>\nTorre: 5,6 cm | 3,2 cm<br \/>\nAlfil: 6,9 cm | 3,2 cm<br \/>\nCaballo: 6,7 cm | 3,2 cm<br \/>\nPe\u00f3n: 4,5 cm | 2,6 cm<\/p>\n<p>TABLERO DE AJEDREZ<br \/>\nTablero de ajedrez Tournament 5P<\/p>\n<p>Material: madera recubierta de poli\u00e9ster.<\/p>\n<p>Dimensiones de las casillas: 54 \u00d7 54 mm<br \/>\nTama\u00f1o del tablero: 50 x 50 cm<br \/>\nGrosor del tablero: 1,5 cm<\/p>\n<p>Este elegante tablero de ajedrez de 54 x 54 cm tiene un tama\u00f1o de casilla de 57 x 57 mm y es ideal para piezas de ajedrez con una altura de rey de 95-98 mm.<\/p>","protected":false},"excerpt":{"rendered":"<p>\u0160ahovski komplet Madrid je \u010dudovito oblikovana kombinacija elegance in tradicije, popoln tako za za\u010detnike kot za napredne igralce. Komplet vklju\u010duje prefinjeno oblikovane figure iz visokokakovostnih materialov, ki jih spremlja elegantna lesena plo\u0161\u010da, ki iz\u017eareva prefinjenost. S svojim klasi\u010dnim \u0161armom in vrhunsko izdelavo bo \u0161ahovski komplet Madrid zagotovo povzdignil vsak igralni ve\u010der ali zbirko. \u0160AHOVSKE FIGURE [&hellip;]<\/p>","protected":false},"featured_media":48289,"comment_status":"closed","ping_status":"closed","template":"","meta":{"_seopress_robots_primary_cat":"none","_seopress_titles_title":"","_seopress_titles_desc":"","_seopress_robots_index":""},"product_brand":[],"product_cat":[510,581],"product_tag":[],"class_list":{"0":"post-48148","1":"product","2":"type-product","3":"status-publish","4":"has-post-thumbnail","6":"product_cat-sahovski-kompleti","7":"product_cat-sestavljeni-kompleti","8":"wcpa_has_options","10":"entry","11":"has-media","13":"first","14":"instock","15":"taxable","16":"shipping-taxable","17":"purchasable","18":"product-type-variable","19":"has-product-nav","20":"col","21":"span_1_of_4","22":"owp-content-center","23":"item-entry","24":"owp-thumbs-layout-horizontal","25":"owp-btn-normal","26":"owp-tabs-layout-section"},"wcpa_form_fields":{"rules":{"pric_overide_base_price":false,"pric_overide_base_price_if_gt_zero":false,"pric_overide_base_price_fully":false,"pric_cal_option_once":false,"pric_use_as_fee":false,"bind_quantity":false,"quantity_bind_formula":false},"fields":[{"type":"text","elementId":"wcpa-text-1666713333654","label":"Gravura ( opcijsko )","description":"Vpi\u0161ite \u017eeljeni tekst za graviranje (npr. Vse najbolj\u0161e, IME, datum ipd.)","desc_type":true,"enablePrice":true,"pricingType":"fixed","price":"7","name":"text-1666713333654","fee_label":"Za naro\u010dnike izven eu, bo davek od\u0161tet na blagajni.","subtype":"text","maxlength":"16","cl_rule":"show","col":6,"relations":false,"form_id":46231,"form_rules":{"pric_cal_option_once":false,"exclude_from_discount":false,"pric_use_as_fee":false,"fee_label":"Fee","render_after_acb":false,"disp_hide_options_price":false}}]},"_links":{"self":[{"href":"https:\/\/chessgamesemporium.com\/es\/wp-json\/wp\/v2\/product\/48148","targetHints":{"allow":["GET"]}}],"collection":[{"href":"https:\/\/chessgamesemporium.com\/es\/wp-json\/wp\/v2\/product"}],"about":[{"href":"https:\/\/chessgamesemporium.com\/es\/wp-json\/wp\/v2\/types\/product"}],"replies":[{"embeddable":true,"href":"https:\/\/chessgamesemporium.com\/es\/wp-json\/wp\/v2\/comments?post=48148"}],"version-history":[{"count":0,"href":"https:\/\/chessgamesemporium.com\/es\/wp-json\/wp\/v2\/product\/48148\/revisions"}],"wp:featuredmedia":[{"embeddable":true,"href":"https:\/\/chessgamesemporium.com\/es\/wp-json\/wp\/v2\/media\/48289"}],"wp:attachment":[{"href":"https:\/\/chessgamesemporium.com\/es\/wp-json\/wp\/v2\/media?parent=48148"}],"wp:term":[{"taxonomy":"product_brand","embeddable":true,"href":"https:\/\/chessgamesemporium.com\/es\/wp-json\/wp\/v2\/product_brand?post=48148"},{"taxonomy":"product_cat","embeddable":true,"href":"https:\/\/chessgamesemporium.com\/es\/wp-json\/wp\/v2\/product_cat?post=48148"},{"taxonomy":"product_tag","embeddable":true,"href":"https:\/\/chessgamesemporium.com\/es\/wp-json\/wp\/v2\/product_tag?post=48148"}],"curies":[{"name":"wp","href":"https:\/\/api.w.org\/{rel}","templated":true}]}}