{"id":48325,"date":"2023-04-05T10:43:25","date_gmt":"2023-04-05T10:43:25","guid":{"rendered":"https:\/\/www.ivh44.si\/Ponudbe\/chess\/?post_type=product&#038;p=48325"},"modified":"2025-03-11T11:07:53","modified_gmt":"2025-03-11T11:07:53","slug":"sahovski-komplet-geneva-5p","status":"publish","type":"product","link":"https:\/\/chessgamesemporium.com\/es\/shop\/sahovski-kompleti\/sestavljeni-kompleti\/sahovski-komplet-geneva-5p\/","title":{"rendered":"Juego de Ajedrez GENEVA 5P"},"content":{"rendered":"<p>Piezas de ajedrez de madera GENEVA<br \/>\nEstilo \u00fanico para torneos o partidas informales.<br \/>\nTama\u00f1o de torneo, con peso y base de fieltro.<br \/>\nMaterial: Madera de sheesham y boj (te\u00f1ida de negro).<\/p>\n<p>Dimensiones: (altura | ancho de la base):<br \/>\nRey: 9,3 cm | 3,3 cm<br \/>\nReina: 9,0 cm | 3,1 cm<br \/>\nTorre: 5,5 cm | 3,1 cm<br \/>\nAlfil: 7,1 cm | 3,1 cm<br \/>\nCaballo: 6,9 cm | 3,0 cm<br \/>\nPe\u00f3n: 5,0 cm | 2,8 cm<\/p>\n<p>Tablero de ajedrez Tournament 5P<\/p>\n<p>Material: madera recubierta de poli\u00e9ster.<\/p>\n<p>Dimensiones de las casillas: 54 \u00d7 54 mm<br \/>\nTama\u00f1o del tablero: 50 x 50 cm<br \/>\nGrosor del tablero: 1,5 cm<\/p>\n<p>Este elegante tablero de ajedrez de 50 x 50 cm tiene un tama\u00f1o de casilla de 54 x 54 mm y es ideal para piezas de ajedrez con una altura de rey de 90-95 mm.<\/p>\n<p>\u00a1Advertencia! \u00a1No apto para ni\u00f1os menores de 3 a\u00f1os debido a las piezas peque\u00f1as! Peligro de asfixia.<\/p>","protected":false},"excerpt":{"rendered":"<p>\u0160ahovske figure \u017dENEVA Unikaten dizajn. Turnirska velikost, obte\u017eene, podlo\u017eene. Material: Palisander, pu\u0161pan &#8211; \u010drno pobarvane. Dimenzije: (vi\u0161ina | premer podlage): Kralj: 9,3 cm | 3,3 cm Dama: 9,0 cm | 3,1 cm Top: 5,5 cm | 3,1 cm Lovec: 7,1 cm | 3,1 cm Skaka\u010d: 6,9 cm | 3,0 cm Kmet: 5,0 cm | 2,8 [&hellip;]<\/p>","protected":false},"featured_media":48348,"comment_status":"closed","ping_status":"closed","template":"","meta":{"_seopress_robots_primary_cat":"none","_seopress_titles_title":"","_seopress_titles_desc":"","_seopress_robots_index":""},"product_brand":[],"product_cat":[581,510],"product_tag":[],"class_list":{"0":"post-48325","1":"product","2":"type-product","3":"status-publish","4":"has-post-thumbnail","6":"product_cat-sestavljeni-kompleti","7":"product_cat-sahovski-kompleti","8":"wcpa_has_options","10":"entry","11":"has-media","13":"first","14":"instock","15":"taxable","16":"shipping-taxable","17":"purchasable","18":"product-type-variable","19":"has-product-nav","20":"col","21":"span_1_of_4","22":"owp-content-center","23":"item-entry","24":"owp-thumbs-layout-horizontal","25":"owp-btn-normal","26":"owp-tabs-layout-section"},"wcpa_form_fields":{"rules":{"pric_overide_base_price":false,"pric_overide_base_price_if_gt_zero":false,"pric_overide_base_price_fully":false,"pric_cal_option_once":false,"pric_use_as_fee":false,"bind_quantity":false,"quantity_bind_formula":false},"fields":[{"type":"text","elementId":"wcpa-text-1666713333654","label":"Gravura ( opcijsko )","description":"Vpi\u0161ite \u017eeljeni tekst za graviranje (npr. Vse najbolj\u0161e, IME, datum ipd.)","desc_type":true,"enablePrice":true,"pricingType":"fixed","price":"7","name":"text-1666713333654","fee_label":"Za naro\u010dnike izven eu, bo davek od\u0161tet na blagajni.","subtype":"text","maxlength":"16","cl_rule":"show","col":6,"relations":false,"form_id":46231,"form_rules":{"pric_cal_option_once":false,"exclude_from_discount":false,"pric_use_as_fee":false,"fee_label":"Fee","render_after_acb":false,"disp_hide_options_price":false}}]},"_links":{"self":[{"href":"https:\/\/chessgamesemporium.com\/es\/wp-json\/wp\/v2\/product\/48325","targetHints":{"allow":["GET"]}}],"collection":[{"href":"https:\/\/chessgamesemporium.com\/es\/wp-json\/wp\/v2\/product"}],"about":[{"href":"https:\/\/chessgamesemporium.com\/es\/wp-json\/wp\/v2\/types\/product"}],"replies":[{"embeddable":true,"href":"https:\/\/chessgamesemporium.com\/es\/wp-json\/wp\/v2\/comments?post=48325"}],"version-history":[{"count":0,"href":"https:\/\/chessgamesemporium.com\/es\/wp-json\/wp\/v2\/product\/48325\/revisions"}],"wp:featuredmedia":[{"embeddable":true,"href":"https:\/\/chessgamesemporium.com\/es\/wp-json\/wp\/v2\/media\/48348"}],"wp:attachment":[{"href":"https:\/\/chessgamesemporium.com\/es\/wp-json\/wp\/v2\/media?parent=48325"}],"wp:term":[{"taxonomy":"product_brand","embeddable":true,"href":"https:\/\/chessgamesemporium.com\/es\/wp-json\/wp\/v2\/product_brand?post=48325"},{"taxonomy":"product_cat","embeddable":true,"href":"https:\/\/chessgamesemporium.com\/es\/wp-json\/wp\/v2\/product_cat?post=48325"},{"taxonomy":"product_tag","embeddable":true,"href":"https:\/\/chessgamesemporium.com\/es\/wp-json\/wp\/v2\/product_tag?post=48325"}],"curies":[{"name":"wp","href":"https:\/\/api.w.org\/{rel}","templated":true}]}}