{"id":48416,"date":"2023-04-07T10:28:53","date_gmt":"2023-04-07T10:28:53","guid":{"rendered":"https:\/\/www.ivh44.si\/Ponudbe\/chess\/?post_type=product&#038;p=48416"},"modified":"2024-02-20T12:14:51","modified_gmt":"2024-02-20T12:14:51","slug":"sahovski-komplet-essen-classic","status":"publish","type":"product","link":"https:\/\/chessgamesemporium.com\/es\/shop\/sahovski-kompleti\/sestavljeni-kompleti\/sahovski-komplet-essen-classic\/","title":{"rendered":"Juego de ajedrez Essen Classic"},"content":{"rendered":"<p>El juego de ajedrez Essen Classic es una opci\u00f3n refinada y elegante para cualquier aficionado al ajedrez. Este juego, elaborado con gran atenci\u00f3n al detalle, incluye piezas de madera bellamente talladas con el cl\u00e1sico dise\u00f1o Staunton. El tablero, de madera de alta calidad, ofrece una experiencia de lujo. Tanto si eres principiante como si eres un jugador experimentado, el juego de ajedrez Essen Classic es una adici\u00f3n atemporal y elegante a cualquier colecci\u00f3n. \u00a1Mejora tu experiencia ajedrec\u00edstica con este excelente juego!<\/p>\n<p>Piezas de ajedrez de madera STAUNTON CLASSIC S<br \/>\nPonderadas, forradas de fieltro, barnizadas.<\/p>\n<p>Material:<br \/>\nSheesham \/ boj.<\/p>\n<p>Dimensiones: (altura | ancho de la base)<br \/>\nRey: 8,7 cm | 3,1 cm<br \/>\nReina: 7,3 cm | 3,1 cm<br \/>\nTorre: 4,8 cm | 2,8 cm<br \/>\nAlfil: 6,6 cm | 2,8 cm<br \/>\nCaballo: 5,9 cm | 2,8 cm<br \/>\nPe\u00f3n: 4,5 cm | 2,4 cm<\/p>\n<p>&nbsp;<\/p>\n<p>Tablero de ajedrez de madera Essen<br \/>\nDimensiones de las casillas: 50 x 50 mm<br \/>\nTama\u00f1o del tablero: 45 \u00d7 45 cm<br \/>\nGrosor del tablero: 1,3 cm<\/p>\n<p>Este tablero de ajedrez de 45 x 45 cm, con chapa de madera, est\u00e1 fabricado en madera de nogal y arce. Este elegante tablero tiene casillas de 50 x 50 mm.<\/p>\n<p>\u00a1Advertencia! \u00a1No apto para ni\u00f1os menores de 3 a\u00f1os debido a las piezas peque\u00f1as! Peligro de asfixia.<\/p>","protected":false},"excerpt":{"rendered":"<p>\u0160ahovski komplet Essen Classic je prefinjena in elegantna izbira za vsakega \u0161ahovskega navdu\u0161enca. Ta komplet, izdelan s pozornostjo do detajlov, vsebuje \u010dudovito izrezljane lesene figure s klasi\u010dnim Staunton dizajnom. Sama plo\u0161\u010da je visokokakovostna lesena plo\u0161\u010da, ki ustvarja razko\u0161no igralno izku\u0161njo. Ne glede na to, ali ste za\u010detnik ali izku\u0161en igralec, je \u0161ahovski komplet Essen Classic [&hellip;]<\/p>","protected":false},"featured_media":48430,"comment_status":"closed","ping_status":"closed","template":"","meta":{"_seopress_robots_primary_cat":"none","_seopress_titles_title":"","_seopress_titles_desc":"","_seopress_robots_index":""},"product_brand":[],"product_cat":[581,510],"product_tag":[],"class_list":{"0":"post-48416","1":"product","2":"type-product","3":"status-publish","4":"has-post-thumbnail","6":"product_cat-sestavljeni-kompleti","7":"product_cat-sahovski-kompleti","8":"wcpa_has_options","10":"entry","11":"has-media","13":"first","14":"instock","15":"taxable","16":"shipping-taxable","17":"purchasable","18":"product-type-simple","19":"has-product-nav","20":"col","21":"span_1_of_4","22":"owp-content-center","23":"item-entry","24":"owp-thumbs-layout-horizontal","25":"owp-btn-normal","26":"owp-tabs-layout-section"},"wcpa_form_fields":{"rules":{"pric_overide_base_price":false,"pric_overide_base_price_if_gt_zero":false,"pric_overide_base_price_fully":false,"pric_cal_option_once":false,"pric_use_as_fee":false,"bind_quantity":false,"quantity_bind_formula":false},"fields":[{"type":"text","elementId":"wcpa-text-1666713333654","label":"Gravura ( opcijsko )","description":"Vpi\u0161ite \u017eeljeni tekst za graviranje (npr. Vse najbolj\u0161e, IME, datum ipd.)","desc_type":true,"enablePrice":true,"pricingType":"fixed","price":"7","name":"text-1666713333654","fee_label":"Za naro\u010dnike izven eu, bo davek od\u0161tet na blagajni.","subtype":"text","maxlength":"16","cl_rule":"show","col":6,"relations":false,"form_id":46231,"form_rules":{"pric_cal_option_once":false,"exclude_from_discount":false,"pric_use_as_fee":false,"fee_label":"Fee","render_after_acb":false,"disp_hide_options_price":false}}]},"_links":{"self":[{"href":"https:\/\/chessgamesemporium.com\/es\/wp-json\/wp\/v2\/product\/48416","targetHints":{"allow":["GET"]}}],"collection":[{"href":"https:\/\/chessgamesemporium.com\/es\/wp-json\/wp\/v2\/product"}],"about":[{"href":"https:\/\/chessgamesemporium.com\/es\/wp-json\/wp\/v2\/types\/product"}],"replies":[{"embeddable":true,"href":"https:\/\/chessgamesemporium.com\/es\/wp-json\/wp\/v2\/comments?post=48416"}],"version-history":[{"count":0,"href":"https:\/\/chessgamesemporium.com\/es\/wp-json\/wp\/v2\/product\/48416\/revisions"}],"wp:featuredmedia":[{"embeddable":true,"href":"https:\/\/chessgamesemporium.com\/es\/wp-json\/wp\/v2\/media\/48430"}],"wp:attachment":[{"href":"https:\/\/chessgamesemporium.com\/es\/wp-json\/wp\/v2\/media?parent=48416"}],"wp:term":[{"taxonomy":"product_brand","embeddable":true,"href":"https:\/\/chessgamesemporium.com\/es\/wp-json\/wp\/v2\/product_brand?post=48416"},{"taxonomy":"product_cat","embeddable":true,"href":"https:\/\/chessgamesemporium.com\/es\/wp-json\/wp\/v2\/product_cat?post=48416"},{"taxonomy":"product_tag","embeddable":true,"href":"https:\/\/chessgamesemporium.com\/es\/wp-json\/wp\/v2\/product_tag?post=48416"}],"curies":[{"name":"wp","href":"https:\/\/api.w.org\/{rel}","templated":true}]}}