{"id":48418,"date":"2023-04-07T10:45:48","date_gmt":"2023-04-07T10:45:48","guid":{"rendered":"https:\/\/www.ivh44.si\/Ponudbe\/chess\/?post_type=product&#038;p=48418"},"modified":"2024-02-15T08:46:19","modified_gmt":"2024-02-15T08:46:19","slug":"sahovski-komplet-dallas","status":"publish","type":"product","link":"https:\/\/chessgamesemporium.com\/es\/shop\/sahovski-kompleti\/sestavljeni-kompleti\/sahovski-komplet-dallas\/","title":{"rendered":"Juego de ajedrez DALLAS"},"content":{"rendered":"<p>Piezas de ajedrez de madera<br \/>\nPonderadas, forradas de fieltro, barnizadas.<\/p>\n<p>Un juego de ajedrez de exquisita elaboraci\u00f3n, con un caballo detallado.<br \/>\nColor: negro \/ natural,<br \/>\nMaterial: Palo de rosa\/Boj<\/p>\n<p>Dimensiones: (altura | ancho de la base)<br \/>\nRey: 9,8 cm | 3,7 cm<br \/>\nReina: 8,3 cm | 3,7 cm<br \/>\nTorre: 5,3 cm | 3,2 cm<br \/>\nAlfil: 7,3 cm | 3,2 cm<br \/>\nCaballo: 7,0 cm | 3,2 cm<br \/>\nPe\u00f3n: 4,7 cm | 2,8 cm<\/p>\n<p>Tablero de ajedrez de madera<\/p>\n<p>Dimensiones de las casillas: 55 \u00d7 55 mm<br \/>\nTama\u00f1o del tablero: 55 \u00d7 55 cm<br \/>\nGrosor del tablero: 1,3 cm<\/p>\n<p>\u00a1Advertencia! \u00a1No apto para ni\u00f1os menores de 3 a\u00f1os debido a las piezas peque\u00f1as! Peligro de asfixia.<\/p>","protected":false},"excerpt":{"rendered":"<p>Lesene \u0160ahovske Figure Obte\u017eene, podlo\u017eene, lakirane Lepo oblikovane \u0161ahovske figure z dodatno oblikovanim skaka\u010dem. Barva: \u010drna\/naravna Material: Palisander\/pu\u0161pan Dimenzije: (vi\u0161ina figure | premer baze) Kralj: 9,8 cm | 3,7 cm Dama: 8,3 cm | 3,7 cm Top: 5,3 cm | 3,2 cm Lovec: 7,3 cm | 3,2 cm Skaka\u010d: 7,0 cm | 3,2 cm Kmet: [&hellip;]<\/p>","protected":false},"featured_media":48434,"comment_status":"closed","ping_status":"closed","template":"","meta":{"_seopress_robots_primary_cat":"none","_seopress_titles_title":"","_seopress_titles_desc":"","_seopress_robots_index":""},"product_brand":[],"product_cat":[581,510],"product_tag":[],"class_list":{"0":"post-48418","1":"product","2":"type-product","3":"status-publish","4":"has-post-thumbnail","6":"product_cat-sestavljeni-kompleti","7":"product_cat-sahovski-kompleti","8":"wcpa_has_options","10":"entry","11":"has-media","13":"first","14":"instock","15":"taxable","16":"shipping-taxable","17":"purchasable","18":"product-type-simple","19":"has-product-nav","20":"col","21":"span_1_of_4","22":"owp-content-center","23":"item-entry","24":"owp-thumbs-layout-horizontal","25":"owp-btn-normal","26":"owp-tabs-layout-section"},"wcpa_form_fields":{"rules":{"pric_overide_base_price":false,"pric_overide_base_price_if_gt_zero":false,"pric_overide_base_price_fully":false,"pric_cal_option_once":false,"pric_use_as_fee":false,"bind_quantity":false,"quantity_bind_formula":false},"fields":[{"type":"text","elementId":"wcpa-text-1666713333654","label":"Gravura ( opcijsko )","description":"Vpi\u0161ite \u017eeljeni tekst za graviranje (npr. Vse najbolj\u0161e, IME, datum ipd.)","desc_type":true,"enablePrice":true,"pricingType":"fixed","price":"7","name":"text-1666713333654","fee_label":"Za naro\u010dnike izven eu, bo davek od\u0161tet na blagajni.","subtype":"text","maxlength":"16","cl_rule":"show","col":6,"relations":false,"form_id":46231,"form_rules":{"pric_cal_option_once":false,"exclude_from_discount":false,"pric_use_as_fee":false,"fee_label":"Fee","render_after_acb":false,"disp_hide_options_price":false}}]},"_links":{"self":[{"href":"https:\/\/chessgamesemporium.com\/es\/wp-json\/wp\/v2\/product\/48418","targetHints":{"allow":["GET"]}}],"collection":[{"href":"https:\/\/chessgamesemporium.com\/es\/wp-json\/wp\/v2\/product"}],"about":[{"href":"https:\/\/chessgamesemporium.com\/es\/wp-json\/wp\/v2\/types\/product"}],"replies":[{"embeddable":true,"href":"https:\/\/chessgamesemporium.com\/es\/wp-json\/wp\/v2\/comments?post=48418"}],"version-history":[{"count":0,"href":"https:\/\/chessgamesemporium.com\/es\/wp-json\/wp\/v2\/product\/48418\/revisions"}],"wp:featuredmedia":[{"embeddable":true,"href":"https:\/\/chessgamesemporium.com\/es\/wp-json\/wp\/v2\/media\/48434"}],"wp:attachment":[{"href":"https:\/\/chessgamesemporium.com\/es\/wp-json\/wp\/v2\/media?parent=48418"}],"wp:term":[{"taxonomy":"product_brand","embeddable":true,"href":"https:\/\/chessgamesemporium.com\/es\/wp-json\/wp\/v2\/product_brand?post=48418"},{"taxonomy":"product_cat","embeddable":true,"href":"https:\/\/chessgamesemporium.com\/es\/wp-json\/wp\/v2\/product_cat?post=48418"},{"taxonomy":"product_tag","embeddable":true,"href":"https:\/\/chessgamesemporium.com\/es\/wp-json\/wp\/v2\/product_tag?post=48418"}],"curies":[{"name":"wp","href":"https:\/\/api.w.org\/{rel}","templated":true}]}}