{"id":48451,"date":"2023-04-13T09:11:18","date_gmt":"2023-04-13T09:11:18","guid":{"rendered":"https:\/\/www.ivh44.si\/Ponudbe\/chess\/?post_type=product&#038;p=48451"},"modified":"2024-02-20T12:42:43","modified_gmt":"2024-02-20T12:42:43","slug":"sahovski-komplet-essen","status":"publish","type":"product","link":"https:\/\/chessgamesemporium.com\/es\/shop\/sahovski-kompleti\/sestavljeni-kompleti\/sahovski-komplet-essen\/","title":{"rendered":"Juego de ajedrez Essen"},"content":{"rendered":"<p>El juego de ajedrez Essen de Chess Games Emporium es un juego elegante y de hermosa elaboraci\u00f3n que combina la est\u00e9tica tradicional con un dise\u00f1o moderno. Cuenta con piezas de madera con intrincados detalles, resistentes y visualmente atractivas, lo que lo convierte en la opci\u00f3n ideal para entusiastas del ajedrez de todos los niveles. Incluye un elegante tablero de madera que mejora la experiencia de juego, convirti\u00e9ndolo en una adici\u00f3n perfecta a cualquier colecci\u00f3n o en un regalo ideal para los aficionados al ajedrez.<\/p>\n<p>Piezas de ajedrez Staunton<br \/>\nPiezas de ajedrez de madera de calidad, base de fieltro, recubiertas.<br \/>\nTama\u00f1o de torneo.<br \/>\nMaterial: Carpe.<br \/>\nEstas piezas de ajedrez son ideales para nuestros tableros de ajedrez n.\u00ba 6 o n.\u00ba 5+, se sienten muy bien en la mano y se deslizan muy bien por el tablero.<\/p>\n<p>Dimensiones: (altura | ancho de la base)<br \/>\nRei: 9,2 cm | 3,2 cm<br \/>\nReina: 8,3 cm | 3,2 cm<br \/>\nTorre: 5,3 cm | 2,8 cm<br \/>\nAlfil: 6,7 cm | 2,9 cm<br \/>\nCaballo: 5,9 cm | 2,8 cm<br \/>\nPe\u00f3n: 4,5 cm | 2,4 cm<\/p>\n<p>Tablero de ajedrez de madera Essen<br \/>\nDimensiones de las casillas: 50 x 50 mm<br \/>\nTama\u00f1o del tablero: 45 \u00d7 45 cm<br \/>\nGrosor del tablero: 1,3 cm<br \/>\nEste tablero de ajedrez de 45 x 45 cm est\u00e1 fabricado con madera de nogal y arce. Este elegante tablero tiene unas medidas de casillas de 50 x 50 mm y es ideal para piezas con una altura de rey de 90-95 mm.<\/p>","protected":false},"excerpt":{"rendered":"<p>\u0160ahovski set Essen je lepo oblikovan in eleganten \u0161ahovski komplet, ki zdru\u017euje tradicionalno estetiko s sodobnim dizajnom. Komplet vsebuje lesene trpe\u017ene in vizualno privla\u010dne figure, zaradi \u010desar je idealna izbira za \u0161ahovske navdu\u0161ence vseh ravni znanja. Komplet vklju\u010duje elegantno leseno tablo, ki izbolj\u0161a celotno igralno izku\u0161njo, zaradi \u010desar je popoln dodatek k vsaki zbirki ali [&hellip;]<\/p>","protected":false},"featured_media":48461,"comment_status":"closed","ping_status":"closed","template":"","meta":{"_seopress_robots_primary_cat":"none","_seopress_titles_title":"","_seopress_titles_desc":"","_seopress_robots_index":""},"product_brand":[],"product_cat":[510,581],"product_tag":[],"class_list":{"0":"post-48451","1":"product","2":"type-product","3":"status-publish","4":"has-post-thumbnail","6":"product_cat-sahovski-kompleti","7":"product_cat-sestavljeni-kompleti","8":"wcpa_has_options","10":"entry","11":"has-media","13":"first","14":"instock","15":"taxable","16":"shipping-taxable","17":"purchasable","18":"product-type-simple","19":"has-product-nav","20":"col","21":"span_1_of_4","22":"owp-content-center","23":"item-entry","24":"owp-thumbs-layout-horizontal","25":"owp-btn-normal","26":"owp-tabs-layout-section"},"wcpa_form_fields":{"rules":{"pric_overide_base_price":false,"pric_overide_base_price_if_gt_zero":false,"pric_overide_base_price_fully":false,"pric_cal_option_once":false,"pric_use_as_fee":false,"bind_quantity":false,"quantity_bind_formula":false},"fields":[{"type":"text","elementId":"wcpa-text-1666713333654","label":"Gravura ( opcijsko )","description":"Vpi\u0161ite \u017eeljeni tekst za graviranje (npr. Vse najbolj\u0161e, IME, datum ipd.)","desc_type":true,"enablePrice":true,"pricingType":"fixed","price":"7","name":"text-1666713333654","fee_label":"Za naro\u010dnike izven eu, bo davek od\u0161tet na blagajni.","subtype":"text","maxlength":"16","cl_rule":"show","col":6,"relations":false,"form_id":46231,"form_rules":{"pric_cal_option_once":false,"exclude_from_discount":false,"pric_use_as_fee":false,"fee_label":"Fee","render_after_acb":false,"disp_hide_options_price":false}}]},"_links":{"self":[{"href":"https:\/\/chessgamesemporium.com\/es\/wp-json\/wp\/v2\/product\/48451","targetHints":{"allow":["GET"]}}],"collection":[{"href":"https:\/\/chessgamesemporium.com\/es\/wp-json\/wp\/v2\/product"}],"about":[{"href":"https:\/\/chessgamesemporium.com\/es\/wp-json\/wp\/v2\/types\/product"}],"replies":[{"embeddable":true,"href":"https:\/\/chessgamesemporium.com\/es\/wp-json\/wp\/v2\/comments?post=48451"}],"version-history":[{"count":0,"href":"https:\/\/chessgamesemporium.com\/es\/wp-json\/wp\/v2\/product\/48451\/revisions"}],"wp:featuredmedia":[{"embeddable":true,"href":"https:\/\/chessgamesemporium.com\/es\/wp-json\/wp\/v2\/media\/48461"}],"wp:attachment":[{"href":"https:\/\/chessgamesemporium.com\/es\/wp-json\/wp\/v2\/media?parent=48451"}],"wp:term":[{"taxonomy":"product_brand","embeddable":true,"href":"https:\/\/chessgamesemporium.com\/es\/wp-json\/wp\/v2\/product_brand?post=48451"},{"taxonomy":"product_cat","embeddable":true,"href":"https:\/\/chessgamesemporium.com\/es\/wp-json\/wp\/v2\/product_cat?post=48451"},{"taxonomy":"product_tag","embeddable":true,"href":"https:\/\/chessgamesemporium.com\/es\/wp-json\/wp\/v2\/product_tag?post=48451"}],"curies":[{"name":"wp","href":"https:\/\/api.w.org\/{rel}","templated":true}]}}