{"id":48452,"date":"2023-04-13T10:44:26","date_gmt":"2023-04-13T10:44:26","guid":{"rendered":"https:\/\/www.ivh44.si\/Ponudbe\/chess\/?post_type=product&#038;p=48452"},"modified":"2024-02-15T08:51:13","modified_gmt":"2024-02-15T08:51:13","slug":"sahovski-komplet-houston","status":"publish","type":"product","link":"https:\/\/chessgamesemporium.com\/es\/shop\/sahovski-kompleti\/sestavljeni-kompleti\/sahovski-komplet-houston\/","title":{"rendered":"Juego de ajedrez HOUSTON"},"content":{"rendered":"<p>Piezas de ajedrez de madera NEW YORK<\/p>\n<p>Con peso, base de fieltro y pulida<\/p>\n<p>Un juego de ajedrez de exquisita elaboraci\u00f3n, con un caballo detallado.<br \/>\nReinas adicionales<br \/>\nMaterial: Palo de rosa<\/p>\n<p>Dimensiones: (altura | ancho de la base)<br \/>\nRey: 8,2 cm | 3,4 cm<br \/>\nReina: 6,7 cm | 3,2 cm<br \/>\nTorre: 4,6 cm | 3,0 cm<br \/>\nAlfil: 6,2 cm | 3,0 cm<br \/>\nCaballo: 6,0 cm | 3,0 cm<br \/>\nPe\u00f3n: 4,7 cm | 2,8 cm<\/p>\n<p>Tablero de ajedrez de madera Essen 50 mm<br \/>\nMarqueter\u00eda, sin anotaci\u00f3n, base de fieltro<\/p>\n<p>Dimensiones de las casillas: 50 x 50 mm<br \/>\nTama\u00f1o del tablero: 45 \u00d7 45 cm<br \/>\nGrosor del tablero: 1,3 cm<\/p>\n<p>Este tablero de ajedrez de 45 x 45 cm, chapado en madera, est\u00e1 fabricado con madera de nogal y arce. Este elegante tablero tiene casillas de 50 x 50 mm.<\/p>\n<p>\u00a1Advertencia! \u00a1No apto para ni\u00f1os menores de 3 a\u00f1os debido a las piezas peque\u00f1as! Peligro de asfixia.<\/p>","protected":false},"excerpt":{"rendered":"<p>Lesene \u0161ahovske figure NEW YORK Obte\u017eene, podlo\u017eene, polirane Zelo lepo izoblikovane figure, skaka\u010d z detajli Dodatni 2 kraljici Material: Indijski Palisander Dimenzije: (vi\u0161ina figure| premer podlage) Kralj: 8,2 cm | 3,4 cm Dama: 6,7 cm | 3,2 cm Top: 4,6 cm | 3,0 cm Lovec: 6,2 cm | 3,0 cm Skaka\u010d: 6,0 cm | 3,0 [&hellip;]<\/p>","protected":false},"featured_media":48466,"comment_status":"closed","ping_status":"closed","template":"","meta":{"_seopress_robots_primary_cat":"none","_seopress_titles_title":"","_seopress_titles_desc":"","_seopress_robots_index":""},"product_brand":[],"product_cat":[581,510],"product_tag":[],"class_list":{"0":"post-48452","1":"product","2":"type-product","3":"status-publish","4":"has-post-thumbnail","6":"product_cat-sestavljeni-kompleti","7":"product_cat-sahovski-kompleti","8":"wcpa_has_options","10":"entry","11":"has-media","13":"first","14":"instock","15":"taxable","16":"shipping-taxable","17":"purchasable","18":"product-type-variable","19":"has-product-nav","20":"col","21":"span_1_of_4","22":"owp-content-center","23":"item-entry","24":"owp-thumbs-layout-horizontal","25":"owp-btn-normal","26":"owp-tabs-layout-section"},"wcpa_form_fields":{"rules":{"pric_overide_base_price":false,"pric_overide_base_price_if_gt_zero":false,"pric_overide_base_price_fully":false,"pric_cal_option_once":false,"pric_use_as_fee":false,"bind_quantity":false,"quantity_bind_formula":false},"fields":[{"type":"text","elementId":"wcpa-text-1666713333654","label":"Gravura ( opcijsko )","description":"Vpi\u0161ite \u017eeljeni tekst za graviranje (npr. Vse najbolj\u0161e, IME, datum ipd.)","desc_type":true,"enablePrice":true,"pricingType":"fixed","price":"7","name":"text-1666713333654","fee_label":"Za naro\u010dnike izven eu, bo davek od\u0161tet na blagajni.","subtype":"text","maxlength":"16","cl_rule":"show","col":6,"relations":false,"form_id":46231,"form_rules":{"pric_cal_option_once":false,"exclude_from_discount":false,"pric_use_as_fee":false,"fee_label":"Fee","render_after_acb":false,"disp_hide_options_price":false}}]},"_links":{"self":[{"href":"https:\/\/chessgamesemporium.com\/es\/wp-json\/wp\/v2\/product\/48452","targetHints":{"allow":["GET"]}}],"collection":[{"href":"https:\/\/chessgamesemporium.com\/es\/wp-json\/wp\/v2\/product"}],"about":[{"href":"https:\/\/chessgamesemporium.com\/es\/wp-json\/wp\/v2\/types\/product"}],"replies":[{"embeddable":true,"href":"https:\/\/chessgamesemporium.com\/es\/wp-json\/wp\/v2\/comments?post=48452"}],"version-history":[{"count":0,"href":"https:\/\/chessgamesemporium.com\/es\/wp-json\/wp\/v2\/product\/48452\/revisions"}],"wp:featuredmedia":[{"embeddable":true,"href":"https:\/\/chessgamesemporium.com\/es\/wp-json\/wp\/v2\/media\/48466"}],"wp:attachment":[{"href":"https:\/\/chessgamesemporium.com\/es\/wp-json\/wp\/v2\/media?parent=48452"}],"wp:term":[{"taxonomy":"product_brand","embeddable":true,"href":"https:\/\/chessgamesemporium.com\/es\/wp-json\/wp\/v2\/product_brand?post=48452"},{"taxonomy":"product_cat","embeddable":true,"href":"https:\/\/chessgamesemporium.com\/es\/wp-json\/wp\/v2\/product_cat?post=48452"},{"taxonomy":"product_tag","embeddable":true,"href":"https:\/\/chessgamesemporium.com\/es\/wp-json\/wp\/v2\/product_tag?post=48452"}],"curies":[{"name":"wp","href":"https:\/\/api.w.org\/{rel}","templated":true}]}}