{"id":48551,"date":"2023-04-24T12:10:49","date_gmt":"2023-04-24T12:10:49","guid":{"rendered":"https:\/\/www.ivh44.si\/Ponudbe\/chess\/?post_type=product&#038;p=48551"},"modified":"2025-03-11T11:06:19","modified_gmt":"2025-03-11T11:06:19","slug":"sahovski-komplet-tournament-5p","status":"publish","type":"product","link":"https:\/\/chessgamesemporium.com\/es\/shop\/sahovski-kompleti\/sestavljeni-kompleti\/sahovski-komplet-tournament-5p\/","title":{"rendered":"Juego de ajedrez TOURNAMENT 5P"},"content":{"rendered":"<p>\u00a1Por supuesto! El juego de ajedrez Tournament 5P disponible en Chess Games Emporium es un juego de ajedrez de alta calidad y elegante dise\u00f1o, ideal para jugadores serios y entusiastas. Este juego, apto para torneos, incluye un tablero resistente y piezas de madera duraderas, lo que proporciona a los jugadores una experiencia de juego de nivel profesional. Ya sea para partidas ocasionales o torneos competitivos, este juego de ajedrez impresionar\u00e1 por su est\u00e9tica cl\u00e1sica y su funcionalidad.<\/p>\n<p>Piezas de ajedrez de madera Tournament STAUNTON<br \/>\nPonderadas, con fieltro<\/p>\n<p>Material: Carpe.<\/p>\n<p>Dimensiones: (altura | ancho de la base)<br \/>\nRey: 9,8 cm \/ 3,6 cm<br \/>\nReina: 8,3 cm \/ 3,6 cm<br \/>\nTorre: 5,3 cm \/ 3,2 cm<br \/>\nAlfil: 6,8 cm \/ 3,2 cm<br \/>\nCaballo: 6,4 cm \/ 3,2 cm<br \/>\nPe\u00f3n: 4,5 cm \/ 2,6 cm<\/p>\n<p>Tablero de ajedrez Tournament 5P<br \/>\nCon notaci\u00f3n<\/p>\n<p>Material: madera recubierta de poli\u00e9ster.<\/p>\n<p>Dimensiones de las casillas: 54 \u00d7 54 mm<br \/>\nTama\u00f1o del tablero: 50 x 50 cm<br \/>\nGrosor del tablero: 1,5 cm<\/p>\n<p>Las casillas de 54 mm de este tablero de ajedrez son ideales para piezas de ajedrez con una altura del rey de 95-98 mm.<\/p>\n<p>\u00a1Advertencia! \u00a1No apto para ni\u00f1os menores de 3 a\u00f1os debido a las piezas peque\u00f1as! Peligro de asfixia.<\/p>","protected":false},"excerpt":{"rendered":"<p>Vsekakor! \u0160ahovski komplet Tournament 5P je visokokakovosten in elegantno oblikovan \u0161ahovski komplet, idealen za resne igralce in navdu\u0161ence. Ta komplet, primeren za turnir, vklju\u010duje trdno desko in vzdr\u017eljive lesene figure, ki igralcem zagotavljajo profesionalno izku\u0161njo igranja. Ne glede na to, ali gre za prilo\u017enostne igre ali tekmovalne turnirje, bo ta \u0161ahovski komplet zagotovo navdu\u0161il s [&hellip;]<\/p>","protected":false},"featured_media":48567,"comment_status":"closed","ping_status":"closed","template":"","meta":{"_seopress_robots_primary_cat":"none","_seopress_titles_title":"","_seopress_titles_desc":"","_seopress_robots_index":""},"product_brand":[],"product_cat":[581,510],"product_tag":[],"class_list":{"0":"post-48551","1":"product","2":"type-product","3":"status-publish","4":"has-post-thumbnail","6":"product_cat-sestavljeni-kompleti","7":"product_cat-sahovski-kompleti","8":"wcpa_has_options","10":"entry","11":"has-media","13":"first","14":"instock","15":"taxable","16":"shipping-taxable","17":"purchasable","18":"product-type-variable","19":"has-product-nav","20":"col","21":"span_1_of_4","22":"owp-content-center","23":"item-entry","24":"owp-thumbs-layout-horizontal","25":"owp-btn-normal","26":"owp-tabs-layout-section"},"wcpa_form_fields":{"rules":{"pric_overide_base_price":false,"pric_overide_base_price_if_gt_zero":false,"pric_overide_base_price_fully":false,"pric_cal_option_once":false,"pric_use_as_fee":false,"bind_quantity":false,"quantity_bind_formula":false},"fields":[{"type":"text","elementId":"wcpa-text-1666713333654","label":"Gravura ( opcijsko )","description":"Vpi\u0161ite \u017eeljeni tekst za graviranje (npr. Vse najbolj\u0161e, IME, datum ipd.)","desc_type":true,"enablePrice":true,"pricingType":"fixed","price":"7","name":"text-1666713333654","fee_label":"Za naro\u010dnike izven eu, bo davek od\u0161tet na blagajni.","subtype":"text","maxlength":"16","cl_rule":"show","col":6,"relations":false,"form_id":46231,"form_rules":{"pric_cal_option_once":false,"exclude_from_discount":false,"pric_use_as_fee":false,"fee_label":"Fee","render_after_acb":false,"disp_hide_options_price":false}}]},"_links":{"self":[{"href":"https:\/\/chessgamesemporium.com\/es\/wp-json\/wp\/v2\/product\/48551","targetHints":{"allow":["GET"]}}],"collection":[{"href":"https:\/\/chessgamesemporium.com\/es\/wp-json\/wp\/v2\/product"}],"about":[{"href":"https:\/\/chessgamesemporium.com\/es\/wp-json\/wp\/v2\/types\/product"}],"replies":[{"embeddable":true,"href":"https:\/\/chessgamesemporium.com\/es\/wp-json\/wp\/v2\/comments?post=48551"}],"version-history":[{"count":0,"href":"https:\/\/chessgamesemporium.com\/es\/wp-json\/wp\/v2\/product\/48551\/revisions"}],"wp:featuredmedia":[{"embeddable":true,"href":"https:\/\/chessgamesemporium.com\/es\/wp-json\/wp\/v2\/media\/48567"}],"wp:attachment":[{"href":"https:\/\/chessgamesemporium.com\/es\/wp-json\/wp\/v2\/media?parent=48551"}],"wp:term":[{"taxonomy":"product_brand","embeddable":true,"href":"https:\/\/chessgamesemporium.com\/es\/wp-json\/wp\/v2\/product_brand?post=48551"},{"taxonomy":"product_cat","embeddable":true,"href":"https:\/\/chessgamesemporium.com\/es\/wp-json\/wp\/v2\/product_cat?post=48551"},{"taxonomy":"product_tag","embeddable":true,"href":"https:\/\/chessgamesemporium.com\/es\/wp-json\/wp\/v2\/product_tag?post=48551"}],"curies":[{"name":"wp","href":"https:\/\/api.w.org\/{rel}","templated":true}]}}