{"id":48599,"date":"2023-04-25T11:08:59","date_gmt":"2023-04-25T11:08:59","guid":{"rendered":"https:\/\/www.ivh44.si\/Ponudbe\/chess\/?post_type=product&#038;p=48599"},"modified":"2024-02-20T12:08:45","modified_gmt":"2024-02-20T12:08:45","slug":"sahovski-komplet-varsava","status":"publish","type":"product","link":"https:\/\/chessgamesemporium.com\/es\/shop\/sahovski-kompleti\/sestavljeni-kompleti\/sahovski-komplet-varsava\/","title":{"rendered":"Juego de ajedrez de Varsovia"},"content":{"rendered":"<p>El juego de ajedrez Varsovia es un juego de ajedrez de hermoso dise\u00f1o, perfecto tanto para principiantes como para jugadores experimentados. Este juego, fabricado con materiales de alta calidad, incluye elegantes piezas y un tablero robusto, lo que lo convierte en una adici\u00f3n atemporal y refinada a cualquier colecci\u00f3n. Con su dise\u00f1o cl\u00e1sico y excelente artesan\u00eda, el juego de ajedrez Varsovia sin duda mejorar\u00e1 tu experiencia ajedrec\u00edstica y te brindar\u00e1 alegr\u00eda en tus partidas.<\/p>\n<p>Piezas de ajedrez:<br \/>\nPiezas de ajedrez de madera de calidad, base de fieltro, recubiertas.<br \/>\nTama\u00f1o de torneo.<br \/>\nMaterial: Carpe.<\/p>\n<p>Estas piezas de ajedrez son ideales para nuestros tableros de ajedrez n.\u00ba 6 o n.\u00ba 5+, se sienten muy bien en la mano y se deslizan muy bien por el tablero.<\/p>\n<p>Dimensiones: (altura | ancho de la base)<br \/>\nRei: 9,2 cm | 3,2 cm<br \/>\nReina: 8,3 cm | 3,2 cm<br \/>\nTorre: 5,3 cm | 2,8 cm<br \/>\nAlfil: 6,7 cm | 2,9 cm<br \/>\nCaballo: 5,9 cm | 2,8 cm<br \/>\nPe\u00f3n: 4,5 cm | 2,4 cm<\/p>\n<p>Tablero de ajedrez:<br \/>\nTablero de ajedrez de madera<\/p>\n<p>Dimensiones de las casillas: 50 x 50 mm<br \/>\nTama\u00f1o del tablero: 50 x 50 cm<br \/>\nGrosor del tablero: 1,3 cm<\/p>\n<p>Este tablero de ajedrez de 50 x 50 cm, con chapa de madera, est\u00e1 fabricado en madera de arce y sicomoro. Este elegante tablero tiene casillas de 50 x 50 mm y es ideal para piezas con una altura de rey de 90-95 mm.<\/p>\n<p>\u00a1Advertencia! \u00a1No apto para ni\u00f1os menores de 3 a\u00f1os debido a las piezas peque\u00f1as! Peligro de asfixia.<\/p>","protected":false},"excerpt":{"rendered":"<p>\u0160ahovski set Var\u0161ava je \u010dudovito oblikovan \u0161ahovski komplet, ki je popoln tako za za\u010detnike kot za izku\u0161ene igralce. Ta komplet, izdelan iz visokokakovostnih materialov, vklju\u010duje elegantno oblikovane \u0161ahovske figure in trdno \u0161ahovsko tablo, zaradi \u010desar je brez\u010dasen in prefinjen dodatek k vsaki \u0161ahovski zbirki. S klasi\u010dno zasnovo in vrhunsko izdelavo bo \u0161ahovski komplet Var\u0161ava zagotovo [&hellip;]<\/p>","protected":false},"featured_media":48606,"comment_status":"closed","ping_status":"closed","template":"","meta":{"_seopress_robots_primary_cat":"none","_seopress_titles_title":"","_seopress_titles_desc":"","_seopress_robots_index":""},"product_brand":[],"product_cat":[510,581],"product_tag":[],"class_list":{"0":"post-48599","1":"product","2":"type-product","3":"status-publish","4":"has-post-thumbnail","6":"product_cat-sahovski-kompleti","7":"product_cat-sestavljeni-kompleti","8":"wcpa_has_options","10":"entry","11":"has-media","13":"first","14":"instock","15":"taxable","16":"shipping-taxable","17":"purchasable","18":"product-type-simple","19":"has-product-nav","20":"col","21":"span_1_of_4","22":"owp-content-center","23":"item-entry","24":"owp-thumbs-layout-horizontal","25":"owp-btn-normal","26":"owp-tabs-layout-section"},"wcpa_form_fields":{"rules":{"pric_overide_base_price":false,"pric_overide_base_price_if_gt_zero":false,"pric_overide_base_price_fully":false,"pric_cal_option_once":false,"pric_use_as_fee":false,"bind_quantity":false,"quantity_bind_formula":false},"fields":[{"type":"text","elementId":"wcpa-text-1666713333654","label":"Gravura ( opcijsko )","description":"Vpi\u0161ite \u017eeljeni tekst za graviranje (npr. Vse najbolj\u0161e, IME, datum ipd.)","desc_type":true,"enablePrice":true,"pricingType":"fixed","price":"7","name":"text-1666713333654","fee_label":"Za naro\u010dnike izven eu, bo davek od\u0161tet na blagajni.","subtype":"text","maxlength":"16","cl_rule":"show","col":6,"relations":false,"form_id":46231,"form_rules":{"pric_cal_option_once":false,"exclude_from_discount":false,"pric_use_as_fee":false,"fee_label":"Fee","render_after_acb":false,"disp_hide_options_price":false}}]},"_links":{"self":[{"href":"https:\/\/chessgamesemporium.com\/es\/wp-json\/wp\/v2\/product\/48599","targetHints":{"allow":["GET"]}}],"collection":[{"href":"https:\/\/chessgamesemporium.com\/es\/wp-json\/wp\/v2\/product"}],"about":[{"href":"https:\/\/chessgamesemporium.com\/es\/wp-json\/wp\/v2\/types\/product"}],"replies":[{"embeddable":true,"href":"https:\/\/chessgamesemporium.com\/es\/wp-json\/wp\/v2\/comments?post=48599"}],"version-history":[{"count":0,"href":"https:\/\/chessgamesemporium.com\/es\/wp-json\/wp\/v2\/product\/48599\/revisions"}],"wp:featuredmedia":[{"embeddable":true,"href":"https:\/\/chessgamesemporium.com\/es\/wp-json\/wp\/v2\/media\/48606"}],"wp:attachment":[{"href":"https:\/\/chessgamesemporium.com\/es\/wp-json\/wp\/v2\/media?parent=48599"}],"wp:term":[{"taxonomy":"product_brand","embeddable":true,"href":"https:\/\/chessgamesemporium.com\/es\/wp-json\/wp\/v2\/product_brand?post=48599"},{"taxonomy":"product_cat","embeddable":true,"href":"https:\/\/chessgamesemporium.com\/es\/wp-json\/wp\/v2\/product_cat?post=48599"},{"taxonomy":"product_tag","embeddable":true,"href":"https:\/\/chessgamesemporium.com\/es\/wp-json\/wp\/v2\/product_tag?post=48599"}],"curies":[{"name":"wp","href":"https:\/\/api.w.org\/{rel}","templated":true}]}}