{"id":48610,"date":"2023-04-25T12:03:03","date_gmt":"2023-04-25T12:03:03","guid":{"rendered":"https:\/\/www.ivh44.si\/Ponudbe\/chess\/?post_type=product&#038;p=48610"},"modified":"2024-04-18T11:11:38","modified_gmt":"2024-04-18T11:11:38","slug":"sahovski-komplet-dubrovnik-zagreb-bl","status":"publish","type":"product","link":"https:\/\/chessgamesemporium.com\/es\/shop\/sahovski-kompleti\/sestavljeni-kompleti\/sahovski-komplet-dubrovnik-zagreb-bl\/","title":{"rendered":"Juego de ajedrez DUBROVNIK ZAGREB BL"},"content":{"rendered":"<p>Piezas de ajedrez:<br \/>\nPiezas de ajedrez de pl\u00e1stico de alta calidad - Dise\u00f1o Dubrovnik Zagreb.<\/p>\n<p>Ponderadas y forradas de fieltro.<\/p>\n<p>Estas piezas de ajedrez tienen una rica historia que se remonta a la Olimpiada de Ajedrez de 1950 en Dubrovnik. Una caracter\u00edstica clave del dise\u00f1o de estas piezas es la ausencia de iconograf\u00eda religiosa. Bobby Fischer declar\u00f3 en numerosas ocasiones que estas piezas de ajedrez de Dubrovnik eran sus favoritas.<\/p>\n<p>Dimensiones: (altura | ancho de la base)<br \/>\nRei: 8,2 cm | 3,6 cm<br \/>\nReina: 7,7 cm | 3,6 cm<br \/>\nTorre: 5,1 cm | 3,4 cm<br \/>\nAlfil: 7,1 cm | 3,4 cm<br \/>\nCaballo: 6,1 cm | 3,4 cm<br \/>\nPe\u00f3n: 4,7 cm | 3,2 cm<\/p>\n<p>Tablero de ajedrez:<br \/>\nMaterial: PVC, lona<br \/>\nColor: blanco y negro<br \/>\nTama\u00f1o de las casillas del tablero: 5,0 x 5,0 cm<br \/>\nTama\u00f1o del tablero: 44 x 44 cm<br \/>\nLavable<\/p>\n<p>\u00a1Advertencia! \u00a1No apto para ni\u00f1os menores de 3 a\u00f1os debido a las piezas peque\u00f1as! Peligro de asfixia.<\/p>","protected":false},"excerpt":{"rendered":"<p>Figure: Visokokvalitetne plasti\u010dne \u0161ahovske figure Dubrovnik Zagreb. Obte\u017eene in podlo\u017eene. Te figure imajo bogato zgodovino, ki sega v leto 1950, ko je bila v Dubrovniku \u0161ahovska olimpijada. Glavna zna\u010dilno teg figur je, da so bile oblikovane brez verskih simbolov. Bobby Fischer je ve\u010dkrat poudaril, da so Dubrovnik figure njegove najljub\u0161e. Dimenzije: (vi\u0161ina | premer podlage) [&hellip;]<\/p>","protected":false},"featured_media":48627,"comment_status":"closed","ping_status":"closed","template":"","meta":{"_seopress_robots_primary_cat":"none","_seopress_titles_title":"","_seopress_titles_desc":"","_seopress_robots_index":""},"product_brand":[],"product_cat":[581,510],"product_tag":[],"class_list":{"0":"post-48610","1":"product","2":"type-product","3":"status-publish","4":"has-post-thumbnail","6":"product_cat-sestavljeni-kompleti","7":"product_cat-sahovski-kompleti","9":"entry","10":"has-media","12":"first","13":"instock","14":"taxable","15":"shipping-taxable","16":"purchasable","17":"product-type-simple","18":"has-product-nav","19":"col","20":"span_1_of_4","21":"owp-content-center","22":"item-entry","23":"owp-thumbs-layout-horizontal","24":"owp-btn-normal","25":"owp-tabs-layout-section"},"wcpa_form_fields":null,"_links":{"self":[{"href":"https:\/\/chessgamesemporium.com\/es\/wp-json\/wp\/v2\/product\/48610","targetHints":{"allow":["GET"]}}],"collection":[{"href":"https:\/\/chessgamesemporium.com\/es\/wp-json\/wp\/v2\/product"}],"about":[{"href":"https:\/\/chessgamesemporium.com\/es\/wp-json\/wp\/v2\/types\/product"}],"replies":[{"embeddable":true,"href":"https:\/\/chessgamesemporium.com\/es\/wp-json\/wp\/v2\/comments?post=48610"}],"version-history":[{"count":0,"href":"https:\/\/chessgamesemporium.com\/es\/wp-json\/wp\/v2\/product\/48610\/revisions"}],"wp:featuredmedia":[{"embeddable":true,"href":"https:\/\/chessgamesemporium.com\/es\/wp-json\/wp\/v2\/media\/48627"}],"wp:attachment":[{"href":"https:\/\/chessgamesemporium.com\/es\/wp-json\/wp\/v2\/media?parent=48610"}],"wp:term":[{"taxonomy":"product_brand","embeddable":true,"href":"https:\/\/chessgamesemporium.com\/es\/wp-json\/wp\/v2\/product_brand?post=48610"},{"taxonomy":"product_cat","embeddable":true,"href":"https:\/\/chessgamesemporium.com\/es\/wp-json\/wp\/v2\/product_cat?post=48610"},{"taxonomy":"product_tag","embeddable":true,"href":"https:\/\/chessgamesemporium.com\/es\/wp-json\/wp\/v2\/product_tag?post=48610"}],"curies":[{"name":"wp","href":"https:\/\/api.w.org\/{rel}","templated":true}]}}