{"id":48652,"date":"2023-05-08T08:19:09","date_gmt":"2023-05-08T08:19:09","guid":{"rendered":"https:\/\/www.ivh44.si\/Ponudbe\/chess\/?post_type=product&#038;p=48652"},"modified":"2025-11-12T09:25:45","modified_gmt":"2025-11-12T09:25:45","slug":"sahovski-komplet-rimljani","status":"publish","type":"product","link":"https:\/\/chessgamesemporium.com\/es\/shop\/sahovski-kompleti\/sestavljeni-kompleti\/sahovski-komplet-rimljani\/","title":{"rendered":"Juego de ajedrez ROMANO"},"content":{"rendered":"<p>Piezas de ajedrez:<br \/>\nPiezas de ajedrez de dise\u00f1o romano.<br \/>\nMaterial: Pl\u00e1stico<br \/>\nFieltro.<br \/>\nLastradas<\/p>\n<p>Dimensiones: (altura | ancho de la base)<br \/>\nRey: 9,5 cm | 3,0 cm<br \/>\nReina: 9,3 cm | 3,0 cm<br \/>\nTorre: 6,9 cm | 3,0 cm<br \/>\nAlfil: 8,2 cm | 3,0, cm<br \/>\nCaballo: 7,5 cm | 3,0 cm<br \/>\nPe\u00f3n 6,2 cm | 2,3 cm<\/p>\n<p>Tablero de ajedrez:<br \/>\nMaterial: PVC, lona<br \/>\nColor: blanco y negro<br \/>\nTama\u00f1o de las casillas del tablero: 5,0 x 5,0 cm<br \/>\nTama\u00f1o del tablero: 44 x 44 cm<br \/>\nLavable<\/p>\n<p>\u00a1Advertencia! \u00a1No apto para ni\u00f1os menores de 3 a\u00f1os debido a las piezas peque\u00f1as! Peligro de asfixia.<\/p>","protected":false},"excerpt":{"rendered":"<p>Figure: Rimske \u0161ahovske figure Material: plastika Podlo\u017eene Obte\u017eene Dimenzije: (vi\u0161ina | premer podlage) Kralj: 9,5 cm | 3,0 cm Dama: 9,3 cm | 3,0 cm Top: 6,9 cm | 3,0 cm Lovec: 8,2 cm | 3,0, cm Skaka\u010d: 7,5 cm | 3,0 cm Kmet: 6,2 cm | 2,3 cm \u0160ahovnica: Material: PVC, platno Barva: \u010crna [&hellip;]<\/p>","protected":false},"featured_media":51010,"comment_status":"closed","ping_status":"closed","template":"","meta":{"_seopress_robots_primary_cat":"none","_seopress_titles_title":"","_seopress_titles_desc":"","_seopress_robots_index":""},"product_brand":[],"product_cat":[581,510],"product_tag":[],"class_list":{"0":"post-48652","1":"product","2":"type-product","3":"status-publish","4":"has-post-thumbnail","6":"product_cat-sestavljeni-kompleti","7":"product_cat-sahovski-kompleti","9":"entry","10":"has-media","12":"first","13":"instock","14":"taxable","15":"shipping-taxable","16":"purchasable","17":"product-type-variable","18":"has-product-nav","19":"col","20":"span_1_of_4","21":"owp-content-center","22":"item-entry","23":"owp-thumbs-layout-horizontal","24":"owp-btn-normal","25":"owp-tabs-layout-section"},"wcpa_form_fields":null,"_links":{"self":[{"href":"https:\/\/chessgamesemporium.com\/es\/wp-json\/wp\/v2\/product\/48652","targetHints":{"allow":["GET"]}}],"collection":[{"href":"https:\/\/chessgamesemporium.com\/es\/wp-json\/wp\/v2\/product"}],"about":[{"href":"https:\/\/chessgamesemporium.com\/es\/wp-json\/wp\/v2\/types\/product"}],"replies":[{"embeddable":true,"href":"https:\/\/chessgamesemporium.com\/es\/wp-json\/wp\/v2\/comments?post=48652"}],"version-history":[{"count":0,"href":"https:\/\/chessgamesemporium.com\/es\/wp-json\/wp\/v2\/product\/48652\/revisions"}],"wp:featuredmedia":[{"embeddable":true,"href":"https:\/\/chessgamesemporium.com\/es\/wp-json\/wp\/v2\/media\/51010"}],"wp:attachment":[{"href":"https:\/\/chessgamesemporium.com\/es\/wp-json\/wp\/v2\/media?parent=48652"}],"wp:term":[{"taxonomy":"product_brand","embeddable":true,"href":"https:\/\/chessgamesemporium.com\/es\/wp-json\/wp\/v2\/product_brand?post=48652"},{"taxonomy":"product_cat","embeddable":true,"href":"https:\/\/chessgamesemporium.com\/es\/wp-json\/wp\/v2\/product_cat?post=48652"},{"taxonomy":"product_tag","embeddable":true,"href":"https:\/\/chessgamesemporium.com\/es\/wp-json\/wp\/v2\/product_tag?post=48652"}],"curies":[{"name":"wp","href":"https:\/\/api.w.org\/{rel}","templated":true}]}}