{"id":48654,"date":"2023-05-08T10:42:52","date_gmt":"2023-05-08T10:42:52","guid":{"rendered":"https:\/\/www.ivh44.si\/Ponudbe\/chess\/?post_type=product&#038;p=48654"},"modified":"2026-01-12T07:26:52","modified_gmt":"2026-01-12T07:26:52","slug":"sahovski-komplet-staunton-classic-57","status":"publish","type":"product","link":"https:\/\/chessgamesemporium.com\/es\/shop\/sahovski-kompleti\/sestavljeni-kompleti\/sahovski-komplet-staunton-classic-57\/","title":{"rendered":"Juego de ajedrez STAUNTON CLASSIC 57"},"content":{"rendered":"<p>Piezas de ajedrez de madera STAUNTON CLASSIC<br \/>\nPonderadas, forradas de fieltro, barnizadas.<\/p>\n<p>Material:<br \/>\nSheesham \/ boj.<\/p>\n<p>Dimensiones: (altura | ancho de la base)<br \/>\nRey: 9,7 cm | 3,6 cm<br \/>\nReina: 8,4 cm | 3,6 cm<br \/>\nTorre: 5,3 cm | 3,1 cm<br \/>\nAlfil: 7,3 cm | 3,1 cm<br \/>\nCaballo: 6,8 cm | 3,1 cm<br \/>\nPe\u00f3n: 4,6 cm | 2,6 cm<\/p>\n<p>Tablero de ajedrez enrollable de 57 mm<\/p>\n<p>Material: PVC, lona<br \/>\nDimensiones de las casillas: 57 x 57 mm<\/p>\n<p>Tama\u00f1o del tablero: 50 x 50 cm<br \/>\nLavable<\/p>\n<p>Las casillas de 57 x 57 mm de este tablero de ajedrez son ideales para piezas de ajedrez con una altura de rey de 95-98 mm.<\/p>\n<p>\u00a1Advertencia! \u00a1No apto para ni\u00f1os menores de 3 a\u00f1os debido a las piezas peque\u00f1as! Peligro de asfixia.<\/p>","protected":false},"excerpt":{"rendered":"<p>Lesene \u0160ahovske Figure STAUNTON CLASSIC Obte\u017eene, podlo\u017eene, lakirane Material: Palisander \/ Pu\u0161pan (sheesham and boxwood) Dimenzije: (vi\u0161ina figure | premer podlage): Kralj: 9,7 cm | 3,6 cm Dama: 8,4 cm | 3,6 cm Top: 5,3 cm | 3,1 cm Lovec: 7,3 cm | 3,1 cm Skaka\u010d: 6,8 cm | 3,1 cm Kmet: 4,6 cm | [&hellip;]<\/p>","protected":false},"featured_media":48668,"comment_status":"closed","ping_status":"closed","template":"","meta":{"_seopress_robots_primary_cat":"none","_seopress_titles_title":"","_seopress_titles_desc":"","_seopress_robots_index":""},"product_brand":[],"product_cat":[581,510],"product_tag":[],"class_list":{"0":"post-48654","1":"product","2":"type-product","3":"status-publish","4":"has-post-thumbnail","6":"product_cat-sestavljeni-kompleti","7":"product_cat-sahovski-kompleti","9":"entry","10":"has-media","12":"first","13":"instock","14":"taxable","15":"shipping-taxable","16":"purchasable","17":"product-type-simple","18":"has-product-nav","19":"col","20":"span_1_of_4","21":"owp-content-center","22":"item-entry","23":"owp-thumbs-layout-horizontal","24":"owp-btn-normal","25":"owp-tabs-layout-section"},"wcpa_form_fields":null,"_links":{"self":[{"href":"https:\/\/chessgamesemporium.com\/es\/wp-json\/wp\/v2\/product\/48654","targetHints":{"allow":["GET"]}}],"collection":[{"href":"https:\/\/chessgamesemporium.com\/es\/wp-json\/wp\/v2\/product"}],"about":[{"href":"https:\/\/chessgamesemporium.com\/es\/wp-json\/wp\/v2\/types\/product"}],"replies":[{"embeddable":true,"href":"https:\/\/chessgamesemporium.com\/es\/wp-json\/wp\/v2\/comments?post=48654"}],"version-history":[{"count":0,"href":"https:\/\/chessgamesemporium.com\/es\/wp-json\/wp\/v2\/product\/48654\/revisions"}],"wp:featuredmedia":[{"embeddable":true,"href":"https:\/\/chessgamesemporium.com\/es\/wp-json\/wp\/v2\/media\/48668"}],"wp:attachment":[{"href":"https:\/\/chessgamesemporium.com\/es\/wp-json\/wp\/v2\/media?parent=48654"}],"wp:term":[{"taxonomy":"product_brand","embeddable":true,"href":"https:\/\/chessgamesemporium.com\/es\/wp-json\/wp\/v2\/product_brand?post=48654"},{"taxonomy":"product_cat","embeddable":true,"href":"https:\/\/chessgamesemporium.com\/es\/wp-json\/wp\/v2\/product_cat?post=48654"},{"taxonomy":"product_tag","embeddable":true,"href":"https:\/\/chessgamesemporium.com\/es\/wp-json\/wp\/v2\/product_tag?post=48654"}],"curies":[{"name":"wp","href":"https:\/\/api.w.org\/{rel}","templated":true}]}}