{"id":48656,"date":"2023-05-08T11:48:14","date_gmt":"2023-05-08T11:48:14","guid":{"rendered":"https:\/\/www.ivh44.si\/Ponudbe\/chess\/?post_type=product&#038;p=48656"},"modified":"2025-02-25T12:40:58","modified_gmt":"2025-02-25T12:40:58","slug":"jigchess-mali-komplet","status":"publish","type":"product","link":"https:\/\/chessgamesemporium.com\/es\/shop\/sahovski-kompleti\/sestavljeni-kompleti\/jigchess-mali-komplet\/","title":{"rendered":"Juego JigChess PEQUE\u00d1O"},"content":{"rendered":"<p>Juego JigChess PEQUE\u00d1O<\/p>\n<p>Piezas de ajedrez de pl\u00e1stico STAUNTON S<br \/>\nSin peso, con fieltro<\/p>\n<p>Dimensiones: (altura | ancho de la base)<br \/>\nRei: 7,9 cm | 3,2 cm<br \/>\nReina: 7,3 cm | 3,1 cm<br \/>\nTorre: 4,6 cm | 3,0 cm<br \/>\nAlfil: 6,2 cm | 2,8 cm<br \/>\nCaballo: 5,5 cm | 2,8 cm<br \/>\nPe\u00f3n: 4,4 cm | 2,7 cm<\/p>\n<p>JigChess - Tablero de ajedrez - 4\u00d74 SMALL<\/p>\n<p>Tama\u00f1o del tablero: 39 x 39 cm<br \/>\nDimensiones de las casillas: 45 x 45 mm<br \/>\nGrosor del tablero: 2 mm<br \/>\nN\u00famero de piezas del rompecabezas: 16 (4\u00d74)<br \/>\nCon notaci\u00f3n<\/p>\n<p>Este tablero de ajedrez se puede desmontar para facilitar su almacenamiento y transporte.<\/p>\n<p>El tablero est\u00e1 fabricado en espuma de PVC extruido duro con una estructura celular cerrada, fina y homog\u00e9nea. Es resistente al agua y al fuego.<br \/>\nEl material es robusto y resistente a las abolladuras.<br \/>\nApto para uso en interiores y exteriores.<\/p>\n<p>Bolsa de algod\u00f3n para las piezas de ajedrez.<\/p>\n<p>\u00a1Advertencia! \u00a1No apto para ni\u00f1os menores de 3 a\u00f1os debido a las piezas peque\u00f1as! Peligro de asfixia.<\/p>","protected":false},"excerpt":{"rendered":"<p>JigChess MALI Komplet Plasti\u010dne \u0160ahovske Figure STAUNTON S Neobte\u017eene, podlo\u017eene Dimenzije: (vi\u0161ina figure | premer podlage) Kralj: 7,9 cm | 3,2 cm Dama: 7,3 cm | 3,1 cm Top: 4,6 cm | 3,0 cm Lovec: 6,2 cm | 2,8 cm Skaka\u010d: 5,5 cm | 2,8 cm Kmet: 4,4 cm | 2,7 cm JigChess &#8211; \u0160ahovnica [&hellip;]<\/p>","protected":false},"featured_media":48671,"comment_status":"closed","ping_status":"closed","template":"","meta":{"_seopress_robots_primary_cat":"none","_seopress_titles_title":"","_seopress_titles_desc":"","_seopress_robots_index":""},"product_brand":[],"product_cat":[510,581],"product_tag":[],"class_list":{"0":"post-48656","1":"product","2":"type-product","3":"status-publish","4":"has-post-thumbnail","6":"product_cat-sahovski-kompleti","7":"product_cat-sestavljeni-kompleti","9":"entry","10":"has-media","12":"first","13":"instock","14":"taxable","15":"shipping-taxable","16":"purchasable","17":"product-type-simple","18":"has-product-nav","19":"col","20":"span_1_of_4","21":"owp-content-center","22":"item-entry","23":"owp-thumbs-layout-horizontal","24":"owp-btn-normal","25":"owp-tabs-layout-section"},"wcpa_form_fields":null,"_links":{"self":[{"href":"https:\/\/chessgamesemporium.com\/es\/wp-json\/wp\/v2\/product\/48656","targetHints":{"allow":["GET"]}}],"collection":[{"href":"https:\/\/chessgamesemporium.com\/es\/wp-json\/wp\/v2\/product"}],"about":[{"href":"https:\/\/chessgamesemporium.com\/es\/wp-json\/wp\/v2\/types\/product"}],"replies":[{"embeddable":true,"href":"https:\/\/chessgamesemporium.com\/es\/wp-json\/wp\/v2\/comments?post=48656"}],"version-history":[{"count":0,"href":"https:\/\/chessgamesemporium.com\/es\/wp-json\/wp\/v2\/product\/48656\/revisions"}],"wp:featuredmedia":[{"embeddable":true,"href":"https:\/\/chessgamesemporium.com\/es\/wp-json\/wp\/v2\/media\/48671"}],"wp:attachment":[{"href":"https:\/\/chessgamesemporium.com\/es\/wp-json\/wp\/v2\/media?parent=48656"}],"wp:term":[{"taxonomy":"product_brand","embeddable":true,"href":"https:\/\/chessgamesemporium.com\/es\/wp-json\/wp\/v2\/product_brand?post=48656"},{"taxonomy":"product_cat","embeddable":true,"href":"https:\/\/chessgamesemporium.com\/es\/wp-json\/wp\/v2\/product_cat?post=48656"},{"taxonomy":"product_tag","embeddable":true,"href":"https:\/\/chessgamesemporium.com\/es\/wp-json\/wp\/v2\/product_tag?post=48656"}],"curies":[{"name":"wp","href":"https:\/\/api.w.org\/{rel}","templated":true}]}}