{"id":48674,"date":"2023-05-08T11:57:52","date_gmt":"2023-05-08T11:57:52","guid":{"rendered":"https:\/\/www.ivh44.si\/Ponudbe\/chess\/?post_type=product&#038;p=48674"},"modified":"2025-02-25T12:40:14","modified_gmt":"2025-02-25T12:40:14","slug":"jigchess-garnitura-rimljani","status":"publish","type":"product","link":"https:\/\/chessgamesemporium.com\/es\/shop\/sahovski-kompleti\/sestavljeni-kompleti\/jigchess-garnitura-rimljani\/","title":{"rendered":"Juego de ajedrez JigChess ROMANO"},"content":{"rendered":"<p>TABLERO DE AJEDREZ<br \/>\nTablero de ajedrez de tama\u00f1o est\u00e1ndar.<br \/>\nTama\u00f1o del tablero: 50 x 50 cm<br \/>\nDimensiones de las casillas: 55 \u00d7 55 mm<br \/>\nGrosor del tablero: 2 mm<br \/>\nN\u00famero de piezas del rompecabezas: 16 (4\u00d74)<br \/>\nCon notaci\u00f3n<\/p>\n<p>Este tablero de ajedrez se puede desmontar para facilitar su almacenamiento y transporte.<\/p>\n<p>El tablero est\u00e1 fabricado en espuma de PVC extruido duro con una estructura celular cerrada, fina y homog\u00e9nea. Es resistente al agua y al fuego.<br \/>\nEl material es robusto y resistente a las abolladuras.<br \/>\nApto para uso en interiores y exteriores.<\/p>\n<p>PIEZAS DE AJEDREZ<br \/>\nPiezas de ajedrez de dise\u00f1o romano.<\/p>\n<p>Material: Pl\u00e1stico<\/p>\n<p>Dimensiones: (altura | ancho de la base)<br \/>\nRey: 9,5 cm | 3,0 cm<br \/>\nReina: 9,3 cm | 3,0 cm<br \/>\nTorre: 6,9 cm | 3,0 cm<br \/>\nAlfil: 8,2 cm | 3,0, cm<br \/>\nCaballo: 7,5 cm | 3,0 cm<br \/>\nPe\u00f3n 6,2 cm | 2,3 cm<br \/>\nColor: crema \/ negro<\/p>\n<p>Sin peso, con fieltro<\/p>\n<p>\u00a1Advertencia! \u00a1No apto para ni\u00f1os menores de 3 a\u00f1os debido a las piezas peque\u00f1as! Peligro de asfixia.<\/p>","protected":false},"excerpt":{"rendered":"<p>\u0160AHOVNICA \u0160ahovnica standardne velikosti Dimenzije \u0161ahovnice: 50 X 50 cm Dimenzije polja: 55 mm Debelina \u0161ahovnice: 2 mm \u0160tevilo kosov (puzzle): 16 kosov (4&#215;4) Z notacijo \u0160ahovnica se enostavno prena\u0161a ali spakira, ker se razstavi na ve\u010d kosov in je primerna tudi za potovanja. Izdelana iz trdega ekstrudiranega penastega pvc-ja z izredno fino in homogeno [&hellip;]<\/p>","protected":false},"featured_media":51071,"comment_status":"closed","ping_status":"closed","template":"","meta":{"_seopress_robots_primary_cat":"none","_seopress_titles_title":"","_seopress_titles_desc":"","_seopress_robots_index":""},"product_brand":[],"product_cat":[510,581],"product_tag":[],"class_list":{"0":"post-48674","1":"product","2":"type-product","3":"status-publish","4":"has-post-thumbnail","6":"product_cat-sahovski-kompleti","7":"product_cat-sestavljeni-kompleti","9":"entry","10":"has-media","12":"first","13":"instock","14":"taxable","15":"shipping-taxable","16":"purchasable","17":"product-type-variable","18":"has-product-nav","19":"col","20":"span_1_of_4","21":"owp-content-center","22":"item-entry","23":"owp-thumbs-layout-horizontal","24":"owp-btn-normal","25":"owp-tabs-layout-section"},"wcpa_form_fields":null,"_links":{"self":[{"href":"https:\/\/chessgamesemporium.com\/es\/wp-json\/wp\/v2\/product\/48674","targetHints":{"allow":["GET"]}}],"collection":[{"href":"https:\/\/chessgamesemporium.com\/es\/wp-json\/wp\/v2\/product"}],"about":[{"href":"https:\/\/chessgamesemporium.com\/es\/wp-json\/wp\/v2\/types\/product"}],"replies":[{"embeddable":true,"href":"https:\/\/chessgamesemporium.com\/es\/wp-json\/wp\/v2\/comments?post=48674"}],"version-history":[{"count":0,"href":"https:\/\/chessgamesemporium.com\/es\/wp-json\/wp\/v2\/product\/48674\/revisions"}],"wp:featuredmedia":[{"embeddable":true,"href":"https:\/\/chessgamesemporium.com\/es\/wp-json\/wp\/v2\/media\/51071"}],"wp:attachment":[{"href":"https:\/\/chessgamesemporium.com\/es\/wp-json\/wp\/v2\/media?parent=48674"}],"wp:term":[{"taxonomy":"product_brand","embeddable":true,"href":"https:\/\/chessgamesemporium.com\/es\/wp-json\/wp\/v2\/product_brand?post=48674"},{"taxonomy":"product_cat","embeddable":true,"href":"https:\/\/chessgamesemporium.com\/es\/wp-json\/wp\/v2\/product_cat?post=48674"},{"taxonomy":"product_tag","embeddable":true,"href":"https:\/\/chessgamesemporium.com\/es\/wp-json\/wp\/v2\/product_tag?post=48674"}],"curies":[{"name":"wp","href":"https:\/\/api.w.org\/{rel}","templated":true}]}}