{"id":48706,"date":"2023-05-09T09:09:29","date_gmt":"2023-05-09T09:09:29","guid":{"rendered":"https:\/\/www.ivh44.si\/Ponudbe\/chess\/?post_type=product&#038;p=48706"},"modified":"2026-04-18T03:57:52","modified_gmt":"2026-04-18T03:57:52","slug":"plasticne-sahovske-figure-staunton-colour","status":"publish","type":"product","link":"https:\/\/chessgamesemporium.com\/es\/shop\/sahovske-figure\/plasticne-figure\/plasticne-sahovske-figure-staunton-colour\/","title":{"rendered":"Piezas de ajedrez de pl\u00e1stico STAUNTON COLOR"},"content":{"rendered":"<p>\u00a1Crea tu propia combinaci\u00f3n de colores para las piezas de ajedrez!<\/p>\n<p>Base: Fieltro<br \/>\nMaterial: Pl\u00e1stico<br \/>\nColores: Blanco, Amarillo, Rojo, Rosa, Verde, Azul, Negro<\/p>\n<p>Piezas de ajedrez de pl\u00e1stico de colores, dise\u00f1o Staunton, con base de fieltro (Medio juego).<\/p>\n<p>Dimensiones: (altura | ancho de la base)<br \/>\nRey: 9,5 cm | 3,7 cm<br \/>\nReina: 7,5 cm | 3,6 cm<br \/>\nTorre: 4,6 cm | 3,2 cm<br \/>\nAlfil: 6,5 cm | 3,1 cm<br \/>\nCaballo: 5,8 cm | 3,2 cm<br \/>\nPe\u00f3n: 4,5 cm | 2,7 cm<\/p>\n<p>Estas coloridas piezas de ajedrez son una excelente opci\u00f3n para actividades de ajedrez, escuelas y principiantes. El juego contiene piezas de pl\u00e1stico resistentes que soportan el uso diario y tienen una atractiva combinaci\u00f3n de colores.<\/p>\n<p>Al tratarse de un juego incompleto, una partida est\u00e1ndar de ajedrez requiere dos juegos de piezas de colores diferentes (por ejemplo, azul y amarillo). Esto permite a mentores y profesores crear un entorno de aprendizaje m\u00e1s interesante y explicar f\u00e1cilmente los conceptos del ajedrez.<\/p>\n<p>Este juego de ajedrez es especialmente adecuado para:<\/p>\n<p>escuelas de ajedrez y ajedrez para principiantes,<br \/>\nclubes de ajedrez en colegios,<br \/>\nequipo de ajedrez para ni\u00f1os,<br \/>\naulas, bibliotecas y otros centros educativos.<\/p>\n<p>Estas piezas ofrecen una soluci\u00f3n asequible para quienes buscan un juego de ajedrez colorido, resistente y sencillo.<\/p>\n<p>\u00a1Advertencia! \u00a1No apto para ni\u00f1os menores de 3 a\u00f1os debido a las piezas peque\u00f1as! Peligro de asfixia.<\/p>","protected":false},"excerpt":{"rendered":"<p>Sestavite svojo barvno kombinacijo \u0161ahovskih figur! Podlaga: Podlo\u017eene s filcem Material: Plastika Barva: Bela, rumena, rde\u010da, roza, zelena, modra in \u010drna Plasti\u010dne figure tipa Staunton, standardne vi\u0161ine, podlo\u017eene s filcem (polovi\u010dni set). Dimenzije: (vi\u0161ina figure | premer podlage) Kralj: 9,5 cm | 3,7 cm Dama: 7,5 cm | 3,6 cm Top: 4,6 cm | 3,2 [&hellip;]<\/p>","protected":false},"featured_media":56872,"comment_status":"closed","ping_status":"closed","template":"","meta":{"_seopress_robots_primary_cat":"none","_seopress_titles_title":"","_seopress_titles_desc":"Kupite plasti\u010dne \u0161ahovske figure Staunton Colour \u2013 trpe\u017een, barvno prepoznaven set za \u0161olo, klub ali doma. Klasi\u010den dizajn, dobra vidljivost in udobna igra.","_seopress_robots_index":""},"product_brand":[],"product_cat":[511,521],"product_tag":[],"class_list":{"0":"post-48706","1":"product","2":"type-product","3":"status-publish","4":"has-post-thumbnail","6":"product_cat-sahovske-figure","7":"product_cat-plasticne-figure","9":"entry","10":"has-media","12":"first","13":"instock","14":"taxable","15":"shipping-taxable","16":"purchasable","17":"product-type-variable","18":"has-product-nav","19":"col","20":"span_1_of_4","21":"owp-content-center","22":"item-entry","23":"owp-thumbs-layout-horizontal","24":"owp-btn-normal","25":"owp-tabs-layout-section"},"wcpa_form_fields":null,"_links":{"self":[{"href":"https:\/\/chessgamesemporium.com\/es\/wp-json\/wp\/v2\/product\/48706","targetHints":{"allow":["GET"]}}],"collection":[{"href":"https:\/\/chessgamesemporium.com\/es\/wp-json\/wp\/v2\/product"}],"about":[{"href":"https:\/\/chessgamesemporium.com\/es\/wp-json\/wp\/v2\/types\/product"}],"replies":[{"embeddable":true,"href":"https:\/\/chessgamesemporium.com\/es\/wp-json\/wp\/v2\/comments?post=48706"}],"version-history":[{"count":1,"href":"https:\/\/chessgamesemporium.com\/es\/wp-json\/wp\/v2\/product\/48706\/revisions"}],"predecessor-version":[{"id":63706,"href":"https:\/\/chessgamesemporium.com\/es\/wp-json\/wp\/v2\/product\/48706\/revisions\/63706"}],"wp:featuredmedia":[{"embeddable":true,"href":"https:\/\/chessgamesemporium.com\/es\/wp-json\/wp\/v2\/media\/56872"}],"wp:attachment":[{"href":"https:\/\/chessgamesemporium.com\/es\/wp-json\/wp\/v2\/media?parent=48706"}],"wp:term":[{"taxonomy":"product_brand","embeddable":true,"href":"https:\/\/chessgamesemporium.com\/es\/wp-json\/wp\/v2\/product_brand?post=48706"},{"taxonomy":"product_cat","embeddable":true,"href":"https:\/\/chessgamesemporium.com\/es\/wp-json\/wp\/v2\/product_cat?post=48706"},{"taxonomy":"product_tag","embeddable":true,"href":"https:\/\/chessgamesemporium.com\/es\/wp-json\/wp\/v2\/product_tag?post=48706"}],"curies":[{"name":"wp","href":"https:\/\/api.w.org\/{rel}","templated":true}]}}