{"id":48803,"date":"2023-05-16T12:09:30","date_gmt":"2023-05-16T12:09:30","guid":{"rendered":"https:\/\/www.ivh44.si\/Ponudbe\/chess\/?post_type=product&#038;p=48803"},"modified":"2026-03-08T16:19:15","modified_gmt":"2026-03-08T16:19:15","slug":"playing-the-stonewall-dutch","status":"publish","type":"product","link":"https:\/\/chessgamesemporium.com\/es\/shop\/libros-ajedrez\/aperturas-ajedrez\/playing-the-stonewall-dutch\/","title":{"rendered":"PLAYING the STONEWALL DUTCH"},"content":{"rendered":"<p>Avtor: Nikola Sedlak<br \/>\nLeto izdaje: 2020<br \/>\nIdioma: Ingl\u00e9s<br \/>\n\u0160t. strani: 328<br \/>\nFormato: 24 \u00d7 17 cm<br \/>\nEncuadernaci\u00f3n: tapa blanda<\/p>\n<p>Holandska obramba je eden najbolj borbenih odzivov \u010crnih na 1.d4, Stonewall pa je najdrznej\u0161a razli\u010dica te otvoritve. \u010crni nemudoma zasede prostor v sredi\u0161\u010du in se zasidra na polju e4 ter tako postavi temelje za zapleteno strate\u0161ko bitko.<\/p>\n<p>Mnogi igralci verjamejo, da je Stonewall podstandardna otvoritev, naivno domnevajo, da morata opori\u0161\u010de e5 in slab belopoljec dati prednost belim. GM Nikola Sedlak se s tem ne strinja in v Playing the Stonewall Dutch deli spoznanja, ki so mu pomagala, da je dosegel zdrav plus s strani \u010drnih figur. Poleg zagotavljanja popolnega repertoarja v glavnih variantah Stonewall-a ta knjiga ponuja tudi koristne napotke za obravnavo antiholandskih variant in razli\u010dnih razli\u010dic vrstnega reda potez.<\/p>\n<p>GM Nikola Sedlak je nekdanji srbski prvak, ki je osvojil tako Evropsko prvnestvo kot zlato olimpijsko medaljo. Dolga leta je igral Stonewall proti mo\u010dnim nasprotnikom in dosegal odli\u010dne rezultate.<\/p>","protected":false},"excerpt":{"rendered":"<p><a href=\"https:\/\/chessgamesemporium.com\/wp-content\/uploads\/2023\/05\/PlayingtheStonewallDutch-excerpt.pdf\" target=\"_blank\" rel=\"noopener\">Extracto en PDF<\/a><\/p>","protected":false},"featured_media":49796,"comment_status":"closed","ping_status":"closed","template":"","meta":{"_seopress_robots_primary_cat":"none","_seopress_titles_title":"","_seopress_titles_desc":"","_seopress_robots_index":""},"product_brand":[],"product_cat":[605,512],"product_tag":[],"class_list":{"0":"post-48803","1":"product","2":"type-product","3":"status-publish","4":"has-post-thumbnail","6":"product_cat-otvoritve","7":"product_cat-sahovske-knjige","8":"pa_avtor-nikola-sedlak","9":"pa_glavna-linija-1-d4-f5-2-c4-e6-3-nc3","10":"pa_glavna-linija-1-d4-f5-2-g3-nf6-3-bg2-e6","11":"pa_leto-izdaje-750","12":"pa_nivo-knjige-srednji","13":"pa_otvoritev-tema-nizozemska-obramba","14":"pa_otvoritev-tema-stonewall","15":"pa_stran-crni","16":"pa_tip-knjige-otvoritve","17":"pa_zalozba-quality-chess","19":"entry","20":"has-media","22":"first","23":"instock","24":"taxable","25":"shipping-taxable","26":"purchasable","27":"product-type-simple","28":"has-product-nav","29":"col","30":"span_1_of_4","31":"owp-content-center","32":"item-entry","33":"owp-thumbs-layout-horizontal","34":"owp-btn-normal","35":"owp-tabs-layout-section","36":"has-no-thumbnails"},"wcpa_form_fields":null,"_links":{"self":[{"href":"https:\/\/chessgamesemporium.com\/es\/wp-json\/wp\/v2\/product\/48803","targetHints":{"allow":["GET"]}}],"collection":[{"href":"https:\/\/chessgamesemporium.com\/es\/wp-json\/wp\/v2\/product"}],"about":[{"href":"https:\/\/chessgamesemporium.com\/es\/wp-json\/wp\/v2\/types\/product"}],"replies":[{"embeddable":true,"href":"https:\/\/chessgamesemporium.com\/es\/wp-json\/wp\/v2\/comments?post=48803"}],"version-history":[{"count":0,"href":"https:\/\/chessgamesemporium.com\/es\/wp-json\/wp\/v2\/product\/48803\/revisions"}],"wp:featuredmedia":[{"embeddable":true,"href":"https:\/\/chessgamesemporium.com\/es\/wp-json\/wp\/v2\/media\/49796"}],"wp:attachment":[{"href":"https:\/\/chessgamesemporium.com\/es\/wp-json\/wp\/v2\/media?parent=48803"}],"wp:term":[{"taxonomy":"product_brand","embeddable":true,"href":"https:\/\/chessgamesemporium.com\/es\/wp-json\/wp\/v2\/product_brand?post=48803"},{"taxonomy":"product_cat","embeddable":true,"href":"https:\/\/chessgamesemporium.com\/es\/wp-json\/wp\/v2\/product_cat?post=48803"},{"taxonomy":"product_tag","embeddable":true,"href":"https:\/\/chessgamesemporium.com\/es\/wp-json\/wp\/v2\/product_tag?post=48803"}],"curies":[{"name":"wp","href":"https:\/\/api.w.org\/{rel}","templated":true}]}}